{"id":4009,"date":"2014-03-28T10:26:16","date_gmt":"2014-03-28T10:26:16","guid":{"rendered":"http:\/\/tara-rafting.com\/adrenalin-1-dnevna-varijanta-2\/"},"modified":"2024-04-17T11:37:21","modified_gmt":"2024-04-17T11:37:21","slug":"adrenalin-1-tagesausflug","status":"publish","type":"page","link":"https:\/\/tara-rafting.com\/de\/adrenalin-1-tagesausflug\/","title":{"rendered":"Adrenalin 1 \u2013 Tagesausflug"},"content":{"rendered":"<p>[et_pb_section fb_built=&#8220;1&#8243; admin_label=&#8220;section&#8220; _builder_version=&#8220;4.16&#8243; global_colors_info=&#8220;{}&#8220;][et_pb_row admin_label=&#8220;row&#8220; _builder_version=&#8220;4.16&#8243; background_size=&#8220;initial&#8220; background_position=&#8220;top_left&#8220; background_repeat=&#8220;repeat&#8220; global_colors_info=&#8220;{}&#8220;][et_pb_column type=&#8220;4_4&#8243; _builder_version=&#8220;4.16&#8243; custom_padding=&#8220;|||&#8220; global_colors_info=&#8220;{}&#8220; custom_padding__hover=&#8220;|||&#8220;][et_pb_text admin_label=&#8220;Adrenalin 1 \u2013 Tagesausflug&#8220; _builder_version=&#8220;4.19.4&#8243; _module_preset=&#8220;default&#8220; global_colors_info=&#8220;{}&#8220;]<\/p>\n<h1 class=\"page-title\" style=\"text-align: center;\">Adrenalin 1 \u2013 Tagesausflug<\/h1>\n<p>[\/et_pb_text][et_pb_text admin_label=&#8220;Text&#8220; _builder_version=&#8220;4.19.4&#8243; background_size=&#8220;initial&#8220; background_position=&#8220;top_left&#8220; background_repeat=&#8220;repeat&#8220; global_colors_info=&#8220;{}&#8220;]<\/p>\n<p><img loading=\"lazy\" decoding=\"async\" class=\"alignnone size-full wp-image-4112\" src=\"http:\/\/tara-rafting.com\/wp-content\/uploads\/2020\/02\/A1-1600x600-de-1.jpg\" alt=\"Adrenalin-1\" width=\"1600\" height=\"600\" \/><\/p>\n<h1 style=\"text-align: center;\"><span style=\"background-color: #194d8c; color: #ffffff;\">\u00a0 Preis 70\u20ac \u00a0<span style=\"background-color: #000080;\"><br \/><\/span><\/span><\/h1>\n<p>&nbsp;<\/p>\n<p>F\u00fcr alle, die nicht genug Freizeit haben. Nur ein freier Tag ist genug, um sich in die Natur zu erholen, Unterhaltung und Rafting auf der Drina und Tara zu genie\u00dfen und das Adrenalin zu steigern. Eine erfrischende Erfahrung, um Batterien wieder aufzuladen!<\/p>\n<h3><span style=\"background-color: #194d8c; color: #ffffff;\">\u00a0 Programm: \u00a0<\/span><\/h3>\n<p><span style=\"color: #969696; font-weight: bold;\">1. Tag:<\/span> Ankunft im DMD-Camp in fr\u00fchen Morgenstunden, Verteilung der Rafting-Ausr\u00fcstung (Schuhe, Rettungswesten und Helme), Einstieg in die Kombis und Fahrt nach Br\u0161tenovica, wo unser Rafting beginnt. Die Raftingroute ist 22km lang und unterwegs sieht man die Tr\u00e4ne Europas \u2013 die Tara &#8211; kann das Flusswasser trinken, in der kalten und kristallklaren Tara baden, die unb\u00e4ndigen Stromschnellen dieser Sch\u00f6nheit, die seit Jahrhunderten ihren Weg durch die Gebirgen von Montenegro und Bosnien und Herzegowina schnitzt, erkunden. Auf ihren wilden Wassern getragen gleiten wir in den Fluss Drina ein und segeln weiter zum DMD-Camp, wo uns ein deftiges Mittagessen nach Art guter Hausmannskost erwartet.<\/p>\n<p>[\/et_pb_text][\/et_pb_column][\/et_pb_row][et_pb_row column_structure=&#8220;1_2,1_2&#8243; admin_label=&#8220;row&#8220; _builder_version=&#8220;4.16&#8243; background_size=&#8220;initial&#8220; background_position=&#8220;top_left&#8220; background_repeat=&#8220;repeat&#8220; global_colors_info=&#8220;{}&#8220;][et_pb_column type=&#8220;1_2&#8243; _builder_version=&#8220;4.16&#8243; custom_padding=&#8220;|||&#8220; global_colors_info=&#8220;{}&#8220; custom_padding__hover=&#8220;|||&#8220;][et_pb_text admin_label=&#8220;Text&#8220; _builder_version=&#8220;4.19.4&#8243; background_size=&#8220;initial&#8220; background_position=&#8220;top_left&#8220; background_repeat=&#8220;repeat&#8220; global_colors_info=&#8220;{}&#8220;]<\/p>\n<h3><span style=\"background-color: #13b85d; color: #ffffff;\"> &nbsp;Im Preis inbegriffen sind: &nbsp;<\/span><\/h3>\n<ul class=\"fa-ul\">\n<li><i class=\"fa-li fa fa-check-square\" style=\"color: #13b85d;\"><\/i>Flussfahrt, Ausr\u00fcstung, Mittagessen und Transport<\/li>\n<li><i class=\"fa-li fa fa-check-square\" style=\"color: #13b85d;\"><\/i>Mieten der gesamten Raftingausr\u00fcstungen (Neoprenanz\u00fcge, Schuhe, Rettungswesten, Helme)<\/li>\n<li><i class=\"fa-li fa fa-check-square\" style=\"color: #13b85d;\"><\/i>1 Rafting in unseren Booten<\/li>\n<li><i class=\"fa-li fa fa-check-square\" style=\"color: #13b85d;\"><\/i>Transport bis Br\u0161tenovica in unseren Kombis<\/li>\n<\/ul>\n<p>[\/et_pb_text][\/et_pb_column][et_pb_column type=&#8220;1_2&#8243; _builder_version=&#8220;4.16&#8243; custom_padding=&#8220;|||&#8220; global_colors_info=&#8220;{}&#8220; custom_padding__hover=&#8220;|||&#8220;][et_pb_text admin_label=&#8220;Text&#8220; _builder_version=&#8220;4.19.4&#8243; background_size=&#8220;initial&#8220; background_position=&#8220;top_left&#8220; background_repeat=&#8220;repeat&#8220; global_colors_info=&#8220;{}&#8220;]<\/p>\n<h3><span style=\"background-color: #f75353; color: #ffffff;\">&nbsp; Im Preis nicht inbegriffen sind: &nbsp;<\/span><\/h3>\n<ul class=\"fa-ul\">\n<li><i class=\"fa-li fa fa-minus-square\" style=\"color: #f75353;\"><\/i>Aufenthaltsgeb\u00fchr 5 \u20ac<\/li>\n<li><i class=\"fa-li fa fa-minus-square\" style=\"color: #f75353;\"><\/i>Versicherung 5 \u20ac<\/li>\n<li><i class=\"fa-li fa fa-minus-square\" style=\"color: #f75353;\"><\/i>Transport vom Abreiseort zum DMD-Camp<\/li>\n<\/ul>\n<p>[\/et_pb_text][\/et_pb_column][\/et_pb_row][et_pb_row admin_label=&#8220;row&#8220; _builder_version=&#8220;4.16&#8243; background_size=&#8220;initial&#8220; background_position=&#8220;top_left&#8220; background_repeat=&#8220;repeat&#8220; global_colors_info=&#8220;{}&#8220;][et_pb_column type=&#8220;4_4&#8243; _builder_version=&#8220;4.16&#8243; custom_padding=&#8220;|||&#8220; global_colors_info=&#8220;{}&#8220; custom_padding__hover=&#8220;|||&#8220;][et_pb_text admin_label=&#8220;Text&#8220; _builder_version=&#8220;4.19.4&#8243; background_size=&#8220;initial&#8220; background_position=&#8220;top_left&#8220; background_repeat=&#8220;repeat&#8220; global_colors_info=&#8220;{}&#8220;]<\/p>\n<h3><span style=\"background-color: #2d64a7; color: #ffffff;\"> \u00a0Weitere Informationen: \u00a0<\/span><\/h3>\n<ul class=\"fa-ul\">\n<li><i class=\"fa-li fa fa-circle\" style=\"color: #2d64a7;\"><\/i>Die Anzahlung in H\u00f6he von 50% des Gesamtpreises des Arrangements ist zu entrichten und wird bei Ausfallen des Arrangements einbehalten.<\/li>\n<li><i class=\"fa-li fa fa-circle\" style=\"color: #2d64a7;\"><\/i>Das Camp verf\u00fcgt \u00fcber Strom, Trinkwasser, Toiletten, Lautsprechanlage, Terrasse \u00fcber dem Fluss, Duschr\u00e4ume&#8230;<\/li>\n<li><i class=\"fa-li fa fa-circle\" style=\"color: #2d64a7;\"><\/i>Die Kapazit\u00e4t des Camps ist 100 Betten.<\/li>\n<li><i class=\"fa-li fa fa-circle\" style=\"color: #2d64a7;\"><\/i>Es besteht auch die M\u00f6glichkeit, den Transport vom Abreiseort direkt zum DMD-Camp zu organisieren, und falls man mit eigenem Fahrzeug kommt, stehen Parkpl\u00e4tze zur Verf\u00fcgung.<\/li>\n<li><i class=\"fa-li fa fa-circle\" style=\"color: #2d64a7;\"><\/i>Die Mahlzeit im Camp ist \u00fcppig: In \u00dcbereinstimmung mit allen oben genannten Inhalten wird authentische lokale Kost geboten.<\/li>\n<li><i class=\"fa-li fa fa-circle\" style=\"color: #2d64a7;\"><\/i>Wegen Passierung der Staatgrenze ist der Personalausweis unbedingt mitzuf\u00fchren.<\/li>\n<li><i class=\"fa-li fa fa-circle\" style=\"color: #2d64a7;\"><\/i>Nach dem Mittagessen ist es m\u00f6glich, weiter auf der Drina bis Fo\u010da zu fahren, nach Vereinbarung und mit einem Zuschlag.<\/li>\n<\/ul>\n<p>&nbsp;<\/p>\n<h4 style=\"text-align: center; text-transform: uppercase;\"><span style=\"background-color: #f75c23; color: #ffffff;\"><a href=\"https:\/\/tara-rafting.com\/de\/wichtige-hinweise-fur-unsere-gaste\/\">Wichtige Hinweise f\u00fcr unsere G\u00e4ste<\/a>\u00a0<\/span><\/h4>\n<p>[\/et_pb_text][\/et_pb_column][\/et_pb_row][\/et_pb_section]<\/p>\n","protected":false},"excerpt":{"rendered":"<p>Adrenalin 1 \u2013 Tagesausflug \u00a0 Preis 70\u20ac \u00a0 &nbsp; F\u00fcr alle, die nicht genug Freizeit haben. Nur ein freier Tag ist genug, um sich in die Natur zu erholen, Unterhaltung und Rafting auf der Drina und Tara zu genie\u00dfen und das Adrenalin zu steigern. Eine erfrischende Erfahrung, um Batterien wieder aufzuladen! \u00a0 Programm: \u00a0 1. [&hellip;]<\/p>\n","protected":false},"author":1,"featured_media":0,"parent":0,"menu_order":0,"comment_status":"closed","ping_status":"open","template":"","meta":{"_et_pb_use_builder":"on","_et_pb_old_content":"<img class=\"alignnone size-full wp-image-4112\" src=\"http:\/\/tara-rafting.com\/wp-content\/uploads\/2020\/02\/A1-1600x600-de-1.jpg\" alt=\"Adrenalin-1\" width=\"1600\" height=\"600\">\r\n<h1 style=\"text-align: center;\"><span style=\"background-color: #194d8c; color: #ffffff;\">\u00a0 Preis 50\u20ac \u00a0<span style=\"background-color: #000080;\">\r\n<\/span><\/span><\/h1>\r\n\u00a0\r\n\r\nF\u00fcr alle, die nicht genug Freizeit haben. Nur ein freier Tag ist genug, um sich in die Natur zu erholen, Unterhaltung und Rafting auf der Drina und Tara zu genie\u00dfen und das Adrenalin zu steigern. Eine erfrischende Erfahrung, um Batterien wieder aufzuladen!\r\n<h3><span style=\"background-color: #194d8c; color: #ffffff;\">\u00a0 Programm: \u00a0<\/span><\/h3>\r\n<span style=\"color: #969696; font-weight: bold;\">1. Tag:<\/span> Ankunft im DMD-Camp in fr\u00fchen Morgenstunden, Verteilung der Rafting-Ausr\u00fcstung (Schuhe, Rettungswesten und Helme), Einstieg in die Kombis und Fahrt nach Br\u0161tenovica, wo unser Rafting beginnt. Die Raftingroute ist 22km lang und unterwegs sieht man die Tr\u00e4ne Europas \u2013 die Tara - kann das Flusswasser trinken, in der kalten und kristallklaren Tara baden, die unb\u00e4ndigen Stromschnellen dieser Sch\u00f6nheit, die seit Jahrhunderten ihren Weg durch die Gebirgen von Montenegro und Bosnien und Herzegowina schnitzt, erkunden. Auf ihren wilden Wassern getragen gleiten wir in den Fluss Drina ein und segeln weiter zum DMD-Camp, wo uns ein deftiges Mittagessen nach Art guter Hausmannskost erwartet.\r\n[ut_one_half]\r\n<h3><span style=\"background-color: #13b85d; color: #ffffff;\"> \u00a0Im Preis inbegriffen sind: \u00a0<\/span><\/h3>\r\n<ul class=\"fa-ul\">\r\n \t<li><i class=\"fa-li fa fa-check-square\" style=\"color: #13b85d;\"><\/i>Flussfahrt, Ausr\u00fcstung, Mittagessen und Transport<\/li>\r\n \t<li><i class=\"fa-li fa fa-check-square\" style=\"color: #13b85d;\"><\/i>Mieten der gesamten Raftingausr\u00fcstungen (Neoprenanz\u00fcge, Schuhe, Rettungswesten, Helme)<\/li>\r\n \t<li><i class=\"fa-li fa fa-check-square\" style=\"color: #13b85d;\"><\/i>1 Rafting in unseren Booten<\/li>\r\n \t<li><i class=\"fa-li fa fa-check-square\" style=\"color: #13b85d;\"><\/i>Transport bis Br\u0161tenovica in unseren Kombis<\/li>\r\n<\/ul>\r\n[\/ut_one_half]\r\n[ut_one_half_last]\r\n<h3><span style=\"background-color: #f75353; color: #ffffff;\">\u00a0 Im Preis nicht inbegriffen sind: \u00a0<\/span><\/h3>\r\n<ul class=\"fa-ul\">\r\n \t<li><i class=\"fa-li fa fa-minus-square\" style=\"color: #f75353;\"><\/i>Aufenthaltsgeb\u00fchr 5 \u20ac<\/li>\r\n \t<li><i class=\"fa-li fa fa-minus-square\" style=\"color: #f75353;\"><\/i>Versicherung 5 \u20ac<\/li>\r\n \t<li><i class=\"fa-li fa fa-minus-square\" style=\"color: #f75353;\"><\/i>Transport vom Abreiseort zum DMD-Camp<\/li>\r\n<\/ul>\r\n[\/ut_one_half_last]\r\n<h3><span style=\"background-color: #2d64a7; color: #ffffff;\"> \u00a0Weitere Informationen: \u00a0<\/span><\/h3>\r\n<ul class=\"fa-ul\">\r\n \t<li><i class=\"fa-li fa fa-circle\" style=\"color: #2d64a7;\"><\/i>Die Anzahlung in H\u00f6he von 50% des Gesamtpreises des Arrangements ist zu entrichten und wird bei Ausfallen des Arrangements einbehalten.<\/li>\r\n \t<li><i class=\"fa-li fa fa-circle\" style=\"color: #2d64a7;\"><\/i>Das Camp verf\u00fcgt \u00fcber Strom, Trinkwasser, Toiletten, Lautsprechanlage, Terrasse \u00fcber dem Fluss, Duschr\u00e4ume...<\/li>\r\n \t<li><i class=\"fa-li fa fa-circle\" style=\"color: #2d64a7;\"><\/i>Die Kapazit\u00e4t des Camps ist 100 Betten.<\/li>\r\n \t<li><i class=\"fa-li fa fa-circle\" style=\"color: #2d64a7;\"><\/i>Es besteht auch die M\u00f6glichkeit, den Transport vom Abreiseort direkt zum DMD-Camp zu organisieren, und falls man mit eigenem Fahrzeug kommt, stehen Parkpl\u00e4tze zur Verf\u00fcgung.<\/li>\r\n \t<li><i class=\"fa-li fa fa-circle\" style=\"color: #2d64a7;\"><\/i>Die Mahlzeit im Camp ist \u00fcppig: In \u00dcbereinstimmung mit allen oben genannten Inhalten wird authentische lokale Kost geboten.<\/li>\r\n \t<li><i class=\"fa-li fa fa-circle\" style=\"color: #2d64a7;\"><\/i>Wegen Passierung der Staatgrenze ist der Personalausweis unbedingt mitzuf\u00fchren.<\/li>\r\n \t<li><i class=\"fa-li fa fa-circle\" style=\"color: #2d64a7;\"><\/i>Nach dem Mittagessen ist es m\u00f6glich, weiter auf der Drina bis Fo\u010da zu fahren, nach Vereinbarung und mit einem Zuschlag.<\/li>\r\n<\/ul>\r\n\u00a0\r\n<a title=\"Wichtige Hinweise f\u00fcr unsere G\u00e4ste\" href=\"https:\/\/tara-rafting.com\/de\/wichtige-hinweise-fur-unsere-gaste\/\" target=\"_blank\" rel=\"noopener noreferrer\">\r\n<h3 style=\"text-align: center; text-transform: uppercase;\"><span style=\"background-color: #f75c23; color: #ffffff;\">Wichtige Hinweise f\u00fcr unsere G\u00e4ste\u00a0<span style=\"background-color: #000080;\">\r\n<\/span><\/span><\/h3><\/a>\r\n\u00a0\r\n","_et_gb_content_width":"","ngg_post_thumbnail":0,"footnotes":""},"class_list":["post-4009","page","type-page","status-publish","hentry"],"yoast_head":"<!-- This site is optimized with the Yoast SEO plugin v27.1.1 - https:\/\/yoast.com\/product\/yoast-seo-wordpress\/ -->\n<title>Adrenalin 1 \u2013 Tagesausflug | Tara Rafting, DMD kamp. Najbolji rafting Tarom i Drinom, teambuilding, hiking. Rafting sezona 2026, ponude i cene.<\/title>\n<meta name=\"robots\" content=\"index, follow, max-snippet:-1, max-image-preview:large, max-video-preview:-1\" \/>\n<link rel=\"canonical\" href=\"https:\/\/tara-rafting.com\/de\/adrenalin-1-tagesausflug\/\" \/>\n<meta property=\"og:locale\" content=\"de_DE\" \/>\n<meta property=\"og:type\" content=\"article\" \/>\n<meta property=\"og:title\" content=\"Adrenalin 1 \u2013 Tagesausflug | Tara Rafting, DMD kamp. Najbolji rafting Tarom i Drinom, teambuilding, hiking. Rafting sezona 2026, ponude i cene.\" \/>\n<meta property=\"og:description\" content=\"Adrenalin 1 \u2013 Tagesausflug \u00a0 Preis 70\u20ac \u00a0 &nbsp; F\u00fcr alle, die nicht genug Freizeit haben. Nur ein freier Tag ist genug, um sich in die Natur zu erholen, Unterhaltung und Rafting auf der Drina und Tara zu genie\u00dfen und das Adrenalin zu steigern. Eine erfrischende Erfahrung, um Batterien wieder aufzuladen! \u00a0 Programm: \u00a0 1. [&hellip;]\" \/>\n<meta property=\"og:url\" content=\"https:\/\/tara-rafting.com\/de\/adrenalin-1-tagesausflug\/\" \/>\n<meta property=\"og:site_name\" content=\"Tara Rafting, DMD kamp. Najbolji rafting Tarom i Drinom, teambuilding, hiking. Rafting sezona 2026, ponude i cene.\" \/>\n<meta property=\"article:publisher\" content=\"https:\/\/www.facebook.com\/tara.rafting.dmd\" \/>\n<meta property=\"article:modified_time\" content=\"2024-04-17T11:37:21+00:00\" \/>\n<meta property=\"og:image\" content=\"http:\/\/tara-rafting.com\/wp-content\/uploads\/2020\/02\/A1-1600x600-de-1.jpg\" \/>\n<meta name=\"twitter:card\" content=\"summary_large_image\" \/>\n<meta name=\"twitter:site\" content=\"@tararaftingdmd\" \/>\n<meta name=\"twitter:label1\" content=\"Gesch\u00e4tzte Lesezeit\" \/>\n\t<meta name=\"twitter:data1\" content=\"2\u00a0Minuten\" \/>\n<script type=\"application\/ld+json\" class=\"yoast-schema-graph\">{\"@context\":\"https:\/\/schema.org\",\"@graph\":[{\"@type\":\"WebPage\",\"@id\":\"https:\/\/tara-rafting.com\/de\/adrenalin-1-tagesausflug\/\",\"url\":\"https:\/\/tara-rafting.com\/de\/adrenalin-1-tagesausflug\/\",\"name\":\"Adrenalin 1 \u2013 Tagesausflug | Tara Rafting, DMD kamp. Najbolji rafting Tarom i Drinom, teambuilding, hiking. Rafting sezona 2026, ponude i cene.\",\"isPartOf\":{\"@id\":\"https:\/\/tara-rafting.com\/de\/#website\"},\"primaryImageOfPage\":{\"@id\":\"https:\/\/tara-rafting.com\/de\/adrenalin-1-tagesausflug\/#primaryimage\"},\"image\":{\"@id\":\"https:\/\/tara-rafting.com\/de\/adrenalin-1-tagesausflug\/#primaryimage\"},\"thumbnailUrl\":\"http:\/\/tara-rafting.com\/wp-content\/uploads\/2020\/02\/A1-1600x600-de-1.jpg\",\"datePublished\":\"2014-03-28T10:26:16+00:00\",\"dateModified\":\"2024-04-17T11:37:21+00:00\",\"breadcrumb\":{\"@id\":\"https:\/\/tara-rafting.com\/de\/adrenalin-1-tagesausflug\/#breadcrumb\"},\"inLanguage\":\"de\",\"potentialAction\":[{\"@type\":\"ReadAction\",\"target\":[\"https:\/\/tara-rafting.com\/de\/adrenalin-1-tagesausflug\/\"]}]},{\"@type\":\"ImageObject\",\"inLanguage\":\"de\",\"@id\":\"https:\/\/tara-rafting.com\/de\/adrenalin-1-tagesausflug\/#primaryimage\",\"url\":\"http:\/\/tara-rafting.com\/wp-content\/uploads\/2020\/02\/A1-1600x600-de-1.jpg\",\"contentUrl\":\"http:\/\/tara-rafting.com\/wp-content\/uploads\/2020\/02\/A1-1600x600-de-1.jpg\"},{\"@type\":\"BreadcrumbList\",\"@id\":\"https:\/\/tara-rafting.com\/de\/adrenalin-1-tagesausflug\/#breadcrumb\",\"itemListElement\":[{\"@type\":\"ListItem\",\"position\":1,\"name\":\"Home\",\"item\":\"https:\/\/tara-rafting.com\/de\/\"},{\"@type\":\"ListItem\",\"position\":2,\"name\":\"Adrenalin 1 \u2013 Tagesausflug\"}]},{\"@type\":\"WebSite\",\"@id\":\"https:\/\/tara-rafting.com\/de\/#website\",\"url\":\"https:\/\/tara-rafting.com\/de\/\",\"name\":\"Tara Rafting, DMD kamp. Najbolji rafting Tarom i Drinom, teambuilding, hiking. Rafting sezona 2026, ponude i cene.\",\"description\":\"Tara Rafting\",\"publisher\":{\"@id\":\"https:\/\/tara-rafting.com\/de\/#organization\"},\"potentialAction\":[{\"@type\":\"SearchAction\",\"target\":{\"@type\":\"EntryPoint\",\"urlTemplate\":\"https:\/\/tara-rafting.com\/de\/?s={search_term_string}\"},\"query-input\":{\"@type\":\"PropertyValueSpecification\",\"valueRequired\":true,\"valueName\":\"search_term_string\"}}],\"inLanguage\":\"de\"},{\"@type\":\"Organization\",\"@id\":\"https:\/\/tara-rafting.com\/de\/#organization\",\"name\":\"Rafting kamp DMD\",\"url\":\"https:\/\/tara-rafting.com\/de\/\",\"logo\":{\"@type\":\"ImageObject\",\"inLanguage\":\"de\",\"@id\":\"https:\/\/tara-rafting.com\/de\/#\/schema\/logo\/image\/\",\"url\":\"https:\/\/tara-rafting.com\/wp-content\/uploads\/favicon144x144-apple.png\",\"contentUrl\":\"https:\/\/tara-rafting.com\/wp-content\/uploads\/favicon144x144-apple.png\",\"width\":144,\"height\":144,\"caption\":\"Rafting kamp DMD\"},\"image\":{\"@id\":\"https:\/\/tara-rafting.com\/de\/#\/schema\/logo\/image\/\"},\"sameAs\":[\"https:\/\/www.facebook.com\/tara.rafting.dmd\",\"https:\/\/x.com\/tararaftingdmd\"]}]}<\/script>\n<!-- \/ Yoast SEO plugin. -->","yoast_head_json":{"title":"Adrenalin 1 \u2013 Tagesausflug | Tara Rafting, DMD kamp. Najbolji rafting Tarom i Drinom, teambuilding, hiking. Rafting sezona 2026, ponude i cene.","robots":{"index":"index","follow":"follow","max-snippet":"max-snippet:-1","max-image-preview":"max-image-preview:large","max-video-preview":"max-video-preview:-1"},"canonical":"https:\/\/tara-rafting.com\/de\/adrenalin-1-tagesausflug\/","og_locale":"de_DE","og_type":"article","og_title":"Adrenalin 1 \u2013 Tagesausflug | Tara Rafting, DMD kamp. Najbolji rafting Tarom i Drinom, teambuilding, hiking. Rafting sezona 2026, ponude i cene.","og_description":"Adrenalin 1 \u2013 Tagesausflug \u00a0 Preis 70\u20ac \u00a0 &nbsp; F\u00fcr alle, die nicht genug Freizeit haben. Nur ein freier Tag ist genug, um sich in die Natur zu erholen, Unterhaltung und Rafting auf der Drina und Tara zu genie\u00dfen und das Adrenalin zu steigern. Eine erfrischende Erfahrung, um Batterien wieder aufzuladen! \u00a0 Programm: \u00a0 1. [&hellip;]","og_url":"https:\/\/tara-rafting.com\/de\/adrenalin-1-tagesausflug\/","og_site_name":"Tara Rafting, DMD kamp. Najbolji rafting Tarom i Drinom, teambuilding, hiking. Rafting sezona 2026, ponude i cene.","article_publisher":"https:\/\/www.facebook.com\/tara.rafting.dmd","article_modified_time":"2024-04-17T11:37:21+00:00","og_image":[{"url":"http:\/\/tara-rafting.com\/wp-content\/uploads\/2020\/02\/A1-1600x600-de-1.jpg","type":"","width":"","height":""}],"twitter_card":"summary_large_image","twitter_site":"@tararaftingdmd","twitter_misc":{"Gesch\u00e4tzte Lesezeit":"2\u00a0Minuten"},"schema":{"@context":"https:\/\/schema.org","@graph":[{"@type":"WebPage","@id":"https:\/\/tara-rafting.com\/de\/adrenalin-1-tagesausflug\/","url":"https:\/\/tara-rafting.com\/de\/adrenalin-1-tagesausflug\/","name":"Adrenalin 1 \u2013 Tagesausflug | Tara Rafting, DMD kamp. Najbolji rafting Tarom i Drinom, teambuilding, hiking. Rafting sezona 2026, ponude i cene.","isPartOf":{"@id":"https:\/\/tara-rafting.com\/de\/#website"},"primaryImageOfPage":{"@id":"https:\/\/tara-rafting.com\/de\/adrenalin-1-tagesausflug\/#primaryimage"},"image":{"@id":"https:\/\/tara-rafting.com\/de\/adrenalin-1-tagesausflug\/#primaryimage"},"thumbnailUrl":"http:\/\/tara-rafting.com\/wp-content\/uploads\/2020\/02\/A1-1600x600-de-1.jpg","datePublished":"2014-03-28T10:26:16+00:00","dateModified":"2024-04-17T11:37:21+00:00","breadcrumb":{"@id":"https:\/\/tara-rafting.com\/de\/adrenalin-1-tagesausflug\/#breadcrumb"},"inLanguage":"de","potentialAction":[{"@type":"ReadAction","target":["https:\/\/tara-rafting.com\/de\/adrenalin-1-tagesausflug\/"]}]},{"@type":"ImageObject","inLanguage":"de","@id":"https:\/\/tara-rafting.com\/de\/adrenalin-1-tagesausflug\/#primaryimage","url":"http:\/\/tara-rafting.com\/wp-content\/uploads\/2020\/02\/A1-1600x600-de-1.jpg","contentUrl":"http:\/\/tara-rafting.com\/wp-content\/uploads\/2020\/02\/A1-1600x600-de-1.jpg"},{"@type":"BreadcrumbList","@id":"https:\/\/tara-rafting.com\/de\/adrenalin-1-tagesausflug\/#breadcrumb","itemListElement":[{"@type":"ListItem","position":1,"name":"Home","item":"https:\/\/tara-rafting.com\/de\/"},{"@type":"ListItem","position":2,"name":"Adrenalin 1 \u2013 Tagesausflug"}]},{"@type":"WebSite","@id":"https:\/\/tara-rafting.com\/de\/#website","url":"https:\/\/tara-rafting.com\/de\/","name":"Tara Rafting, DMD kamp. Najbolji rafting Tarom i Drinom, teambuilding, hiking. Rafting sezona 2026, ponude i cene.","description":"Tara Rafting","publisher":{"@id":"https:\/\/tara-rafting.com\/de\/#organization"},"potentialAction":[{"@type":"SearchAction","target":{"@type":"EntryPoint","urlTemplate":"https:\/\/tara-rafting.com\/de\/?s={search_term_string}"},"query-input":{"@type":"PropertyValueSpecification","valueRequired":true,"valueName":"search_term_string"}}],"inLanguage":"de"},{"@type":"Organization","@id":"https:\/\/tara-rafting.com\/de\/#organization","name":"Rafting kamp DMD","url":"https:\/\/tara-rafting.com\/de\/","logo":{"@type":"ImageObject","inLanguage":"de","@id":"https:\/\/tara-rafting.com\/de\/#\/schema\/logo\/image\/","url":"https:\/\/tara-rafting.com\/wp-content\/uploads\/favicon144x144-apple.png","contentUrl":"https:\/\/tara-rafting.com\/wp-content\/uploads\/favicon144x144-apple.png","width":144,"height":144,"caption":"Rafting kamp DMD"},"image":{"@id":"https:\/\/tara-rafting.com\/de\/#\/schema\/logo\/image\/"},"sameAs":["https:\/\/www.facebook.com\/tara.rafting.dmd","https:\/\/x.com\/tararaftingdmd"]}]}},"_links":{"self":[{"href":"https:\/\/tara-rafting.com\/de\/wp-json\/wp\/v2\/pages\/4009","targetHints":{"allow":["GET"]}}],"collection":[{"href":"https:\/\/tara-rafting.com\/de\/wp-json\/wp\/v2\/pages"}],"about":[{"href":"https:\/\/tara-rafting.com\/de\/wp-json\/wp\/v2\/types\/page"}],"author":[{"embeddable":true,"href":"https:\/\/tara-rafting.com\/de\/wp-json\/wp\/v2\/users\/1"}],"replies":[{"embeddable":true,"href":"https:\/\/tara-rafting.com\/de\/wp-json\/wp\/v2\/comments?post=4009"}],"version-history":[{"count":10,"href":"https:\/\/tara-rafting.com\/de\/wp-json\/wp\/v2\/pages\/4009\/revisions"}],"predecessor-version":[{"id":10144,"href":"https:\/\/tara-rafting.com\/de\/wp-json\/wp\/v2\/pages\/4009\/revisions\/10144"}],"wp:attachment":[{"href":"https:\/\/tara-rafting.com\/de\/wp-json\/wp\/v2\/media?parent=4009"}],"curies":[{"name":"wp","href":"https:\/\/api.w.org\/{rel}","templated":true}]}}