{"id":4013,"date":"2014-03-31T13:11:28","date_gmt":"2014-03-31T13:11:28","guid":{"rendered":"http:\/\/tara-rafting.com\/adrenalin-3-rafting-tarom-i-drinom-2\/"},"modified":"2025-02-26T12:34:48","modified_gmt":"2025-02-26T12:34:48","slug":"adrenalin-3-rafting-auf-der-tara-und-drina","status":"publish","type":"page","link":"https:\/\/tara-rafting.com\/de\/adrenalin-3-rafting-auf-der-tara-und-drina\/","title":{"rendered":"Adrenalin 3 \u2013 Rafting auf der Tara und Drina"},"content":{"rendered":"<p>[et_pb_section fb_built=&#8220;1&#8243; admin_label=&#8220;section&#8220; _builder_version=&#8220;4.16&#8243; global_colors_info=&#8220;{}&#8220;][et_pb_row admin_label=&#8220;row&#8220; _builder_version=&#8220;4.16&#8243; background_size=&#8220;initial&#8220; background_position=&#8220;top_left&#8220; background_repeat=&#8220;repeat&#8220; global_colors_info=&#8220;{}&#8220;][et_pb_column type=&#8220;4_4&#8243; _builder_version=&#8220;4.16&#8243; custom_padding=&#8220;|||&#8220; global_colors_info=&#8220;{}&#8220; custom_padding__hover=&#8220;|||&#8220;][et_pb_text admin_label=&#8220;Adrenalin 3 \u2013 Rafting auf der Tara und Drina &#8211; Naslov&#8220; _builder_version=&#8220;4.19.4&#8243; _module_preset=&#8220;default&#8220; global_colors_info=&#8220;{}&#8220;]<\/p>\n<h1 class=\"page-title\" style=\"text-align: center;\">Adrenalin 3 \u2013 Rafting auf der Tara und Drina<\/h1>\n<p>[\/et_pb_text][et_pb_text admin_label=&#8220;Text&#8220; _builder_version=&#8220;4.19.4&#8243; background_size=&#8220;initial&#8220; background_position=&#8220;top_left&#8220; background_repeat=&#8220;repeat&#8220; global_colors_info=&#8220;{}&#8220;]<\/p>\n<p><img loading=\"lazy\" decoding=\"async\" class=\"alignnone size-full wp-image-3725\" src=\"http:\/\/tara-rafting.com\/wp-content\/uploads\/2020\/02\/A3-1600x600-de.jpg\" alt=\"Big3\" width=\"1600\" height=\"600\" \/><\/p>\n<h1 style=\"text-align: center;\"><span style=\"background-color: #4b1a73; color: #ffffff;\">\u00a0 Preis von 120\u20ac \u00a0<span style=\"background-color: #000080;\"><br \/><\/span><\/span><\/h1>\n<p>&nbsp;<\/p>\n<p>Nehmt ein Wochenendabenteuer l\u00e4chelnd auf euch und kehrt mit noch gr\u00f6\u00dferem L\u00e4cheln im Gesicht zur\u00fcck \u2013 raftet in der Tara-Schlucht und verbringt zwei Partyn\u00e4chte in guter Gesellschaft bei Lagerfeuer. Bei der R\u00fcckfahrt vervollst\u00e4ndigt sich das Erlebnis mit dem Besuch in Drvengrad und Vi\u0161egrad\u2026<\/p>\n<p>&nbsp;<\/p>\n<h3><span style=\"background-color: #4b1a73; color: #ffffff;\">\u00a0 Programm: \u00a0<\/span><\/h3>\n<p><span style=\"color: #969696; font-weight: bold;\">1. Tag: <\/span> Ankunft im Dorf Bastasi bei Fo\u010da (18km) in Nachmittagsstunden. Unterkunft im DMD-Camp in authentischen Bungalows \u2013 Holzh\u00e4usern &#8211; mit der M\u00f6glichkeit, nach Wunsch eigene Zelte aufzurichten. Abendessen. \u00dcbernachtung.<\/p>\n<p><span style=\"color: #969696; font-weight: bold;\">2. Tag: <\/span> Aufstehen um 9 Uhr. Fr\u00fchst\u00fcck. Verteilung der Rafting-Ausr\u00fcstung: Neoprenanz\u00fcge, Schuhe, Rettungswesten und Helme. Abfahrt um 11 Uhr in unseren Kombis nach Br\u0161tenovica, wo unsere Raftingtour beginnt.<br \/>Besteigen der Boote und Abfahrt. Die Fahrt f\u00fchrt durch 22 km der reizvollsten Gegenden der Tara (16 km) und Drina (6 km). Die Fahrt endet vor unserem DMD-Camp, wo euch das Mittagessen erwarten. Nachmittagsruhe. Abendessen. Party!<br \/>\u00dcbernachtung (wer schlafen kann).<\/p>\n<p><span style=\"color: #969696; font-weight: bold;\">3. Tag:<\/span> Aufwachen um 9.00 Uhr. Fr\u00fchst\u00fcck.<\/p>\n<p>[\/et_pb_text][\/et_pb_column][\/et_pb_row][et_pb_row column_structure=&#8220;1_2,1_2&#8243; admin_label=&#8220;row&#8220; _builder_version=&#8220;4.16&#8243; background_size=&#8220;initial&#8220; background_position=&#8220;top_left&#8220; background_repeat=&#8220;repeat&#8220; global_colors_info=&#8220;{}&#8220;][et_pb_column type=&#8220;1_2&#8243; _builder_version=&#8220;4.16&#8243; custom_padding=&#8220;|||&#8220; global_colors_info=&#8220;{}&#8220; custom_padding__hover=&#8220;|||&#8220;][et_pb_text admin_label=&#8220;Text&#8220; _builder_version=&#8220;4.19.4&#8243; background_size=&#8220;initial&#8220; background_position=&#8220;top_left&#8220; background_repeat=&#8220;repeat&#8220; global_colors_info=&#8220;{}&#8220;]<\/p>\n<h3><span style=\"background-color: #13b85d; color: #ffffff;\"> &nbsp;Im Preis inbegriffen sind: &nbsp;<\/span><\/h3>\n<ul class=\"fa-ul\">\n<li><i class=\"fa-li fa fa-check-square\" style=\"color: #13b85d;\"><\/i>1 Vollpension + 1 Halbpension (5 Mahlzeiten + 2 \u00dcbernachtungen)<\/li>\n<li><i class=\"fa-li fa fa-check-square\" style=\"color: #13b85d;\"><\/i>Mieten der gesamten Raftingausr\u00fcstung (Neoprenanz\u00fcge, Schuhe, Rettungswesten, Helme)<\/li>\n<li><i class=\"fa-li fa fa-check-square\" style=\"color: #13b85d;\"><\/i>1 Rafting in unseren Booten<\/li>\n<li><i class=\"fa-li fa fa-check-square\" style=\"color: #13b85d;\"><\/i>Transport bis Br\u0161tenovica in unseren Kombis<\/li>\n<\/ul>\n<p>[\/et_pb_text][\/et_pb_column][et_pb_column type=&#8220;1_2&#8243; _builder_version=&#8220;4.16&#8243; custom_padding=&#8220;|||&#8220; global_colors_info=&#8220;{}&#8220; custom_padding__hover=&#8220;|||&#8220;][et_pb_text admin_label=&#8220;Text&#8220; _builder_version=&#8220;4.19.4&#8243; background_size=&#8220;initial&#8220; background_position=&#8220;top_left&#8220; background_repeat=&#8220;repeat&#8220; global_colors_info=&#8220;{}&#8220;]<\/p>\n<p><span style=\"background-color: #f75353; color: #ffffff; font-weight: bold; font-size: 22px;\">\u00a0 F\u00fcr Wochenendarrangements:\u00a0\u00a0<\/span><\/p>\n<ul class=\"fa-ul\">\n<li><i class=\"fa-li fa fa-minus-square\" style=\"color: #f75353;\"><\/i><strong>Preis 160 \u20ac f\u00fcr ein Arrangement mit Unterbringung in Standard-Bungalows<\/strong><\/li>\n<li><i class=\"fa-li fa fa-minus-square\" style=\"color: #f75353;\"><\/i><strong>Preis 180 \u20ac f\u00fcr die Unterbringung in Bungalows mit eigenem Bad<\/strong><\/li>\n<\/ul>\n<p>&nbsp;<\/p>\n<h3><span style=\"background-color: #f75353; color: #ffffff;\">\u00a0 Im Preis nicht inbegriffen sind: \u00a0<\/span><\/h3>\n<ul class=\"fa-ul\">\n<li><i class=\"fa-li fa fa-minus-square\" style=\"color: #f75353;\"><\/i>Aufenthaltsgeb\u00fchr 5 \u20ac<\/li>\n<li><i class=\"fa-li fa fa-minus-square\" style=\"color: #f75353;\"><\/i>Versicherung 5 \u20ac<\/li>\n<li><i class=\"fa-li fa fa-minus-square\" style=\"color: #f75353;\"><\/i>Transport vom Abreiseort zum DMD-Camp<\/li>\n<\/ul>\n<p>[\/et_pb_text][\/et_pb_column][\/et_pb_row][et_pb_row admin_label=&#8220;row&#8220; _builder_version=&#8220;4.16&#8243; background_size=&#8220;initial&#8220; background_position=&#8220;top_left&#8220; background_repeat=&#8220;repeat&#8220; global_colors_info=&#8220;{}&#8220;][et_pb_column type=&#8220;4_4&#8243; _builder_version=&#8220;4.16&#8243; custom_padding=&#8220;|||&#8220; global_colors_info=&#8220;{}&#8220; custom_padding__hover=&#8220;|||&#8220;][et_pb_text admin_label=&#8220;Text&#8220; _builder_version=&#8220;4.19.4&#8243; background_size=&#8220;initial&#8220; background_position=&#8220;top_left&#8220; background_repeat=&#8220;repeat&#8220; global_colors_info=&#8220;{}&#8220;]<\/p>\n<h3><span style=\"background-color: #4b1a73; color: #ffffff;\"> \u00a0Weitere Informationen: \u00a0<\/span><\/h3>\n<ul class=\"fa-ul\">\n<li><i class=\"fa-li fa fa-circle\" style=\"color: #4b1a73;\"><\/i>Die Anzahlung in H\u00f6he von 50% des Gesamtpreises des Arrangements ist zu entrichten und wird bei Ausfallen des Arrangements einbehalten.<\/li>\n<li><i class=\"fa-li fa fa-circle\" style=\"color: #4b1a73;\"><\/i>Das Camp verf\u00fcgt \u00fcber Strom, Trinkwasser, Toiletten, Lautsprechanlage, Terrasse \u00fcber dem Fluss, Duschr\u00e4ume&#8230;<\/li>\n<li><i class=\"fa-li fa fa-circle\" style=\"color: #4b1a73;\"><\/i>Die Kapazit\u00e4t des Camps ist 100 Betten.<\/li>\n<li><i class=\"fa-li fa fa-circle\" style=\"color: #4b1a73;\"><\/i>F\u00fcr die Unterkunft mit eigenem Badezimmer werden 10 \u20ac pro Person pro Nacht berechnet.<\/li>\n<li><i class=\"fa-li fa fa-circle\" style=\"color: #4b1a73;\"><\/i>Es besteht auch die M\u00f6glichkeit, den Transport vom Abreiseort direkt zum DMD-Camp zu organisieren, und falls man mit eigenem Fahrzeug kommt, stehen Parkpl\u00e4tze zur Verf\u00fcgung.<\/li>\n<li><i class=\"fa-li fa fa-circle\" style=\"color: #4b1a73;\"><\/i>Die Mahlzeit im Camp ist \u00fcppig: In \u00dcbereinstimmung mit allen oben genannten Inhalten wird authentische lokale Kost geboten.<\/li>\n<li><i class=\"fa-li fa fa-circle\" style=\"color: #4b1a73;\"><\/i>Wegen Passierung der Staatgrenze ist der Personalausweis unbedingt mitzuf\u00fchren.<\/li>\n<\/ul>\n<p>&nbsp;<\/p>\n<h4 style=\"text-align: center; text-transform: uppercase;\"><span style=\"background-color: #f75c23; color: #ffffff;\"><a href=\"https:\/\/tara-rafting.com\/de\/wichtige-hinweise-fur-unsere-gaste\/\">Wichtige Hinweise f\u00fcr unsere G\u00e4ste<\/a>\u00a0<\/span><\/h4>\n<p>[\/et_pb_text][\/et_pb_column][\/et_pb_row][\/et_pb_section]<\/p>\n","protected":false},"excerpt":{"rendered":"<p>Adrenalin 3 \u2013 Rafting auf der Tara und Drina \u00a0 Preis von 120\u20ac \u00a0 &nbsp; Nehmt ein Wochenendabenteuer l\u00e4chelnd auf euch und kehrt mit noch gr\u00f6\u00dferem L\u00e4cheln im Gesicht zur\u00fcck \u2013 raftet in der Tara-Schlucht und verbringt zwei Partyn\u00e4chte in guter Gesellschaft bei Lagerfeuer. Bei der R\u00fcckfahrt vervollst\u00e4ndigt sich das Erlebnis mit dem Besuch in [&hellip;]<\/p>\n","protected":false},"author":1,"featured_media":0,"parent":0,"menu_order":0,"comment_status":"closed","ping_status":"open","template":"","meta":{"_et_pb_use_builder":"on","_et_pb_old_content":"<img class=\"alignnone size-full wp-image-3725\" src=\"http:\/\/tara-rafting.com\/wp-content\/uploads\/2020\/02\/A3-aranzman-2.jpg\" alt=\"Rafting aranzman Adrenalin 3\" width=\"1600\" height=\"600\">\r\n<h1 style=\"text-align: center;\"><span style=\"background-color: #4b1a73; color: #ffffff;\">\u00a0 Cena od 90\u20ac \u00a0<span style=\"background-color: #000080;\">\r\n<\/span><\/span><\/h1>\r\n\u00a0\r\n\r\nKrenite u vikend avanturu nasmejani i vratite se sa jo\u0161 ve\u0107im osmehom \u2013 splavarite kanjonom Tare, provedite dve no\u0107i fe\u0161te uz dobro dru\u0161tvo i vatru. U povratku upotpunite do\u017eivljaj posetom Drvengradu i Vi\u0161egradu\u2026\r\n<h3><span style=\"background-color: #4b1a73; color: #ffffff;\">\u00a0 Sadr\u017eaj \u00a0<\/span><\/h3>\r\n<span style=\"color: #969696; font-weight: bold;\">1. dan:<\/span> Dolazak u selo Bastasi nadomak Fo\u010de (18 km) u popodnevnim satima. Sme\u0161taj u kamp DMD u autenti\u010dnim bungalovima \u2013 drvenim ku\u0107icama, uz mogu\u0107nost postavljanja va\u0161ih \u0161atora, po \u017eelji. Ve\u010dera. No\u0107enje.\r\n\r\n<span style=\"color: #969696; font-weight: bold;\">2. dan:<\/span> Bu\u0111enje u 9h. Doru\u010dak. Deljenje opreme za splavarenje: ronila\u010dka odela, \u010dizmice, prsluci, kacige. Polazak na\u0161im kombijem oko 11h do mesta Br\u0161tenovica odakle je i sam start splavarenja. Ukrcavanje u \u010damce i po\u010detak splavarenja. Prelazi se oko 22 km najatraktivnijih delova Tare (16 km) i Drine (6 km). Spust se zavr\u0161ava kod na\u0161eg kampa DMD, gde Vas \u010deka ru\u010dak. Popodnevni odmor. Ve\u010dera. Fe\u0161ta! No\u0107enje (ko mo\u017ee).\r\n\r\n<span style=\"color: #969696; font-weight: bold;\">3. dan:<\/span> Bu\u0111enje oko 9h. Doru\u010dak.\r\n\r\n[ut_one_half]\r\n<h3><span style=\"background-color: #13b85d; color: #ffffff;\"> \u00a0Ura\u010dunato u cenu \u00a0<\/span><\/h3>\r\n<ul class=\"fa-ul\">\r\n \t<li><i class=\"fa-li fa fa-check-square\" style=\"color: #13b85d;\"><\/i>1 pun pansion + 1 polupansion (5 obroka i 2 no\u0107enja)<\/li>\r\n \t<li><i class=\"fa-li fa fa-check-square\" style=\"color: #13b85d;\"><\/i>kompletno iznajmljivanje opreme (ronila\u010dka odela, \u010dizmice, prsluci, kacige)<\/li>\r\n \t<li><i class=\"fa-li fa fa-check-square\" style=\"color: #13b85d;\"><\/i>1 splavarenje na\u0161im \u010damcima<\/li>\r\n \t<li><i class=\"fa-li fa fa-check-square\" style=\"color: #13b85d;\"><\/i>prevoz na\u0161im kombijima do Br\u0161tenovice<\/li>\r\n \t<li><i class=\"fa-li fa fa-check-square\" style=\"color: #13b85d;\"><\/i>boravi\u0161na taksa<\/li>\r\n \t<li><i class=\"fa-li fa fa-check-square\" style=\"color: #13b85d;\"><\/i>osiguranje<\/li>\r\n \t<li><i class=\"fa-li fa fa-check-square\" style=\"color: #13b85d;\"><\/i>taksa za rafting<\/li>\r\n \t<li><i class=\"fa-li fa fa-check-square\" style=\"color: #13b85d;\"><\/i>takse za Nacionalni park<\/li>\r\n<\/ul>\r\n[\/ut_one_half]\r\n[ut_one_half_last]\r\n<h3><span style=\"background-color: #f75353; color: #ffffff; font-weight: bold;\">\u00a0 Za vikend aran\u017emane: \u00a0<\/span><\/h3>\r\n<ul class=\"fa-ul\">\r\n \t<li><i class=\"fa-li fa fa-minus-square\" style=\"color: #f75353;\"><\/i><strong>Cena 100\u20ac za aran\u017eman sa smje\u0161tajem u standardnim bungalovima<\/strong><i class=\"fa-li fa fa-minus-square\" style=\"color: #f75353;\"><\/i><\/li>\r\n \t<li><i class=\"fa-li fa fa-minus-square\" style=\"color: #f75353;\"><\/i><strong>Cena 120\u20ac za sme\u0161taj u bungalovima sa sopstvenim kupatilom<\/strong><\/li>\r\n<\/ul>\r\n\u00a0\r\n<h3><span style=\"background-color: #f75353; color: #ffffff;\">\u00a0 Nije ura\u010dunato u cenu \u00a0<\/span><\/h3>\r\n<ul class=\"fa-ul\">\r\n \t<li><i class=\"fa-li fa fa-minus-square\" style=\"color: #f75353;\"><\/i>prevoz od mesta polaska do kampa DMD<\/li>\r\n<\/ul>\r\n[\/ut_one_half_last]\r\n<h3><span style=\"background-color: #4b1a73; color: #ffffff;\"> \u00a0Dodatne Informacije \u00a0<\/span><\/h3>\r\n<ul class=\"fa-ul\">\r\n \t<li><i class=\"fa-li fa fa-circle\" style=\"color: #4b1a73;\"><\/i>Avans se pla\u0107a u iznosu od 50% od ukupne cene aran\u017emana i u slu\u010daju otkaza se zadr\u017eava.<\/li>\r\n \t<li><i class=\"fa-li fa fa-circle\" style=\"color: #4b1a73;\"><\/i>Kamp DMD poseduje struju, pitku vodu, sanitarni \u010dvor, razglas, terasu na vodi, tu\u0161 kabinu\u2026<\/li>\r\n \t<li><i class=\"fa-li fa fa-circle\" style=\"color: #4b1a73;\"><\/i>Kapacitet kampa je 100 le\u017eaja.<\/li>\r\n \t<li><i class=\"fa-li fa fa-circle\" style=\"color: #4b1a73;\"><\/i>Za sme\u0161taj sa sopstvenim kupatilima dopla\u0107uje se 10\u20ac po osobi po no\u0107enju.<\/li>\r\n \t<li><i class=\"fa-li fa fa-circle\" style=\"color: #4b1a73;\"><\/i>Mogu\u0107nost organizovanja prevoza od mesta polaska direktno do kampa, ili ukoliko dolazite sopstvenim prevozom obezbe\u0111eno parking mesto.<\/li>\r\n \t<li><i class=\"fa-li fa fa-circle\" style=\"color: #4b1a73;\"><\/i>Hrana u kampu je obilna, u skladu sa svim navedenim sadr\u017eajima, autenti\u010dna doma\u0107a kuhinja.<\/li>\r\n \t<li><i class=\"fa-li fa fa-circle\" style=\"color: #4b1a73;\"><\/i>Na put ste obavezni poneti li\u010dne karte radi prelaska dr\u017eavne granice.<\/li>\r\n \t<li><i class=\"fa-li fa fa-circle\" style=\"color: #4b1a73;\"><\/i>MOGU\u0106NOST ORGANIZOVANOG PREVOZA IZ BEOGRADA I NOVOG SADA<\/li>\r\n<\/ul>\r\n[ut_one_half]\r\n[iphorm id=\"6\" name=\"Kontakt (Srpski)-Adrenalin 3\"]\r\n[\/ut_one_half]\r\n\r\n[ut_one_half_last]\r\n<img class=\"aligncenter size-full wp-image-8458\" src=\"http:\/\/tara-rafting.com\/wp-content\/uploads\/2021\/03\/G0024363-900x1050.jpg\" alt=\"Rafting Tarom, rafting ponude, rafting rezervacije\" width=\"900\" height=\"1050\">\r\n[\/ut_one_half_last]\r\n\r\n<a title=\"Obavezno uputstvo za goste kampa\" href=\"http:\/\/tara-rafting.com\/obavezno-uputstvo-za-goste-kampa\/\" target=\"_blank\" rel=\"noopener noreferrer\">\r\n<h3 style=\"text-align: center; text-transform: uppercase;\"><span style=\"background-color: #f75c23; color: #ffffff;\">Obavezno uputstvo za goste\u00a0<span style=\"background-color: #000080;\">\r\n<\/span><\/span><\/h3><\/a>\r\n\r\n<a title=\"Ku\u0107ni red rafting kampa DMD\" href=\"https:\/\/tara-rafting.com\/kucni-red-rafting-kampa-dmd\/\" target=\"_blank\" rel=\"noopener noreferrer\">\r\n<h3 style=\"text-align: center; text-transform: uppercase;\"><span style=\"background-color: #f75c23; color: #ffffff;\">Ku\u0107ni red rafting kampa DMD\u00a0<span style=\"background-color: #000080;\">\r\n<\/span><\/span><\/h3><\/a>","_et_gb_content_width":"","ngg_post_thumbnail":0,"footnotes":""},"class_list":["post-4013","page","type-page","status-publish","hentry"],"yoast_head":"<!-- This site is optimized with the Yoast SEO plugin v27.1.1 - https:\/\/yoast.com\/product\/yoast-seo-wordpress\/ -->\n<title>Adrenalin 3 \u2013 Rafting auf der Tara und Drina | Tara Rafting, DMD kamp. Najbolji rafting Tarom i Drinom, teambuilding, hiking. Rafting sezona 2026, ponude i cene.<\/title>\n<meta name=\"robots\" content=\"index, follow, max-snippet:-1, max-image-preview:large, max-video-preview:-1\" \/>\n<link rel=\"canonical\" href=\"https:\/\/tara-rafting.com\/de\/adrenalin-3-rafting-auf-der-tara-und-drina\/\" \/>\n<meta property=\"og:locale\" content=\"de_DE\" \/>\n<meta property=\"og:type\" content=\"article\" \/>\n<meta property=\"og:title\" content=\"Adrenalin 3 \u2013 Rafting auf der Tara und Drina | Tara Rafting, DMD kamp. Najbolji rafting Tarom i Drinom, teambuilding, hiking. Rafting sezona 2026, ponude i cene.\" \/>\n<meta property=\"og:description\" content=\"Adrenalin 3 \u2013 Rafting auf der Tara und Drina \u00a0 Preis von 120\u20ac \u00a0 &nbsp; Nehmt ein Wochenendabenteuer l\u00e4chelnd auf euch und kehrt mit noch gr\u00f6\u00dferem L\u00e4cheln im Gesicht zur\u00fcck \u2013 raftet in der Tara-Schlucht und verbringt zwei Partyn\u00e4chte in guter Gesellschaft bei Lagerfeuer. Bei der R\u00fcckfahrt vervollst\u00e4ndigt sich das Erlebnis mit dem Besuch in [&hellip;]\" \/>\n<meta property=\"og:url\" content=\"https:\/\/tara-rafting.com\/de\/adrenalin-3-rafting-auf-der-tara-und-drina\/\" \/>\n<meta property=\"og:site_name\" content=\"Tara Rafting, DMD kamp. Najbolji rafting Tarom i Drinom, teambuilding, hiking. Rafting sezona 2026, ponude i cene.\" \/>\n<meta property=\"article:publisher\" content=\"https:\/\/www.facebook.com\/tara.rafting.dmd\" \/>\n<meta property=\"article:modified_time\" content=\"2025-02-26T12:34:48+00:00\" \/>\n<meta property=\"og:image\" content=\"http:\/\/tara-rafting.com\/wp-content\/uploads\/2020\/02\/A3-1600x600-de.jpg\" \/>\n<meta name=\"twitter:card\" content=\"summary_large_image\" \/>\n<meta name=\"twitter:site\" content=\"@tararaftingdmd\" \/>\n<meta name=\"twitter:label1\" content=\"Gesch\u00e4tzte Lesezeit\" \/>\n\t<meta name=\"twitter:data1\" content=\"3\u00a0Minuten\" \/>\n<script type=\"application\/ld+json\" class=\"yoast-schema-graph\">{\"@context\":\"https:\/\/schema.org\",\"@graph\":[{\"@type\":\"WebPage\",\"@id\":\"https:\/\/tara-rafting.com\/de\/adrenalin-3-rafting-auf-der-tara-und-drina\/\",\"url\":\"https:\/\/tara-rafting.com\/de\/adrenalin-3-rafting-auf-der-tara-und-drina\/\",\"name\":\"Adrenalin 3 \u2013 Rafting auf der Tara und Drina | Tara Rafting, DMD kamp. Najbolji rafting Tarom i Drinom, teambuilding, hiking. Rafting sezona 2026, ponude i cene.\",\"isPartOf\":{\"@id\":\"https:\/\/tara-rafting.com\/de\/#website\"},\"primaryImageOfPage\":{\"@id\":\"https:\/\/tara-rafting.com\/de\/adrenalin-3-rafting-auf-der-tara-und-drina\/#primaryimage\"},\"image\":{\"@id\":\"https:\/\/tara-rafting.com\/de\/adrenalin-3-rafting-auf-der-tara-und-drina\/#primaryimage\"},\"thumbnailUrl\":\"http:\/\/tara-rafting.com\/wp-content\/uploads\/2020\/02\/A3-1600x600-de.jpg\",\"datePublished\":\"2014-03-31T13:11:28+00:00\",\"dateModified\":\"2025-02-26T12:34:48+00:00\",\"breadcrumb\":{\"@id\":\"https:\/\/tara-rafting.com\/de\/adrenalin-3-rafting-auf-der-tara-und-drina\/#breadcrumb\"},\"inLanguage\":\"de\",\"potentialAction\":[{\"@type\":\"ReadAction\",\"target\":[\"https:\/\/tara-rafting.com\/de\/adrenalin-3-rafting-auf-der-tara-und-drina\/\"]}]},{\"@type\":\"ImageObject\",\"inLanguage\":\"de\",\"@id\":\"https:\/\/tara-rafting.com\/de\/adrenalin-3-rafting-auf-der-tara-und-drina\/#primaryimage\",\"url\":\"http:\/\/tara-rafting.com\/wp-content\/uploads\/2020\/02\/A3-1600x600-de.jpg\",\"contentUrl\":\"http:\/\/tara-rafting.com\/wp-content\/uploads\/2020\/02\/A3-1600x600-de.jpg\"},{\"@type\":\"BreadcrumbList\",\"@id\":\"https:\/\/tara-rafting.com\/de\/adrenalin-3-rafting-auf-der-tara-und-drina\/#breadcrumb\",\"itemListElement\":[{\"@type\":\"ListItem\",\"position\":1,\"name\":\"Home\",\"item\":\"https:\/\/tara-rafting.com\/de\/\"},{\"@type\":\"ListItem\",\"position\":2,\"name\":\"Adrenalin 3 \u2013 Rafting auf der Tara und Drina\"}]},{\"@type\":\"WebSite\",\"@id\":\"https:\/\/tara-rafting.com\/de\/#website\",\"url\":\"https:\/\/tara-rafting.com\/de\/\",\"name\":\"Tara Rafting, DMD kamp. Najbolji rafting Tarom i Drinom, teambuilding, hiking. Rafting sezona 2026, ponude i cene.\",\"description\":\"Tara Rafting\",\"publisher\":{\"@id\":\"https:\/\/tara-rafting.com\/de\/#organization\"},\"potentialAction\":[{\"@type\":\"SearchAction\",\"target\":{\"@type\":\"EntryPoint\",\"urlTemplate\":\"https:\/\/tara-rafting.com\/de\/?s={search_term_string}\"},\"query-input\":{\"@type\":\"PropertyValueSpecification\",\"valueRequired\":true,\"valueName\":\"search_term_string\"}}],\"inLanguage\":\"de\"},{\"@type\":\"Organization\",\"@id\":\"https:\/\/tara-rafting.com\/de\/#organization\",\"name\":\"Rafting kamp DMD\",\"url\":\"https:\/\/tara-rafting.com\/de\/\",\"logo\":{\"@type\":\"ImageObject\",\"inLanguage\":\"de\",\"@id\":\"https:\/\/tara-rafting.com\/de\/#\/schema\/logo\/image\/\",\"url\":\"https:\/\/tara-rafting.com\/wp-content\/uploads\/favicon144x144-apple.png\",\"contentUrl\":\"https:\/\/tara-rafting.com\/wp-content\/uploads\/favicon144x144-apple.png\",\"width\":144,\"height\":144,\"caption\":\"Rafting kamp DMD\"},\"image\":{\"@id\":\"https:\/\/tara-rafting.com\/de\/#\/schema\/logo\/image\/\"},\"sameAs\":[\"https:\/\/www.facebook.com\/tara.rafting.dmd\",\"https:\/\/x.com\/tararaftingdmd\"]}]}<\/script>\n<!-- \/ Yoast SEO plugin. -->","yoast_head_json":{"title":"Adrenalin 3 \u2013 Rafting auf der Tara und Drina | Tara Rafting, DMD kamp. Najbolji rafting Tarom i Drinom, teambuilding, hiking. Rafting sezona 2026, ponude i cene.","robots":{"index":"index","follow":"follow","max-snippet":"max-snippet:-1","max-image-preview":"max-image-preview:large","max-video-preview":"max-video-preview:-1"},"canonical":"https:\/\/tara-rafting.com\/de\/adrenalin-3-rafting-auf-der-tara-und-drina\/","og_locale":"de_DE","og_type":"article","og_title":"Adrenalin 3 \u2013 Rafting auf der Tara und Drina | Tara Rafting, DMD kamp. Najbolji rafting Tarom i Drinom, teambuilding, hiking. Rafting sezona 2026, ponude i cene.","og_description":"Adrenalin 3 \u2013 Rafting auf der Tara und Drina \u00a0 Preis von 120\u20ac \u00a0 &nbsp; Nehmt ein Wochenendabenteuer l\u00e4chelnd auf euch und kehrt mit noch gr\u00f6\u00dferem L\u00e4cheln im Gesicht zur\u00fcck \u2013 raftet in der Tara-Schlucht und verbringt zwei Partyn\u00e4chte in guter Gesellschaft bei Lagerfeuer. Bei der R\u00fcckfahrt vervollst\u00e4ndigt sich das Erlebnis mit dem Besuch in [&hellip;]","og_url":"https:\/\/tara-rafting.com\/de\/adrenalin-3-rafting-auf-der-tara-und-drina\/","og_site_name":"Tara Rafting, DMD kamp. Najbolji rafting Tarom i Drinom, teambuilding, hiking. Rafting sezona 2026, ponude i cene.","article_publisher":"https:\/\/www.facebook.com\/tara.rafting.dmd","article_modified_time":"2025-02-26T12:34:48+00:00","og_image":[{"url":"http:\/\/tara-rafting.com\/wp-content\/uploads\/2020\/02\/A3-1600x600-de.jpg","type":"","width":"","height":""}],"twitter_card":"summary_large_image","twitter_site":"@tararaftingdmd","twitter_misc":{"Gesch\u00e4tzte Lesezeit":"3\u00a0Minuten"},"schema":{"@context":"https:\/\/schema.org","@graph":[{"@type":"WebPage","@id":"https:\/\/tara-rafting.com\/de\/adrenalin-3-rafting-auf-der-tara-und-drina\/","url":"https:\/\/tara-rafting.com\/de\/adrenalin-3-rafting-auf-der-tara-und-drina\/","name":"Adrenalin 3 \u2013 Rafting auf der Tara und Drina | Tara Rafting, DMD kamp. Najbolji rafting Tarom i Drinom, teambuilding, hiking. Rafting sezona 2026, ponude i cene.","isPartOf":{"@id":"https:\/\/tara-rafting.com\/de\/#website"},"primaryImageOfPage":{"@id":"https:\/\/tara-rafting.com\/de\/adrenalin-3-rafting-auf-der-tara-und-drina\/#primaryimage"},"image":{"@id":"https:\/\/tara-rafting.com\/de\/adrenalin-3-rafting-auf-der-tara-und-drina\/#primaryimage"},"thumbnailUrl":"http:\/\/tara-rafting.com\/wp-content\/uploads\/2020\/02\/A3-1600x600-de.jpg","datePublished":"2014-03-31T13:11:28+00:00","dateModified":"2025-02-26T12:34:48+00:00","breadcrumb":{"@id":"https:\/\/tara-rafting.com\/de\/adrenalin-3-rafting-auf-der-tara-und-drina\/#breadcrumb"},"inLanguage":"de","potentialAction":[{"@type":"ReadAction","target":["https:\/\/tara-rafting.com\/de\/adrenalin-3-rafting-auf-der-tara-und-drina\/"]}]},{"@type":"ImageObject","inLanguage":"de","@id":"https:\/\/tara-rafting.com\/de\/adrenalin-3-rafting-auf-der-tara-und-drina\/#primaryimage","url":"http:\/\/tara-rafting.com\/wp-content\/uploads\/2020\/02\/A3-1600x600-de.jpg","contentUrl":"http:\/\/tara-rafting.com\/wp-content\/uploads\/2020\/02\/A3-1600x600-de.jpg"},{"@type":"BreadcrumbList","@id":"https:\/\/tara-rafting.com\/de\/adrenalin-3-rafting-auf-der-tara-und-drina\/#breadcrumb","itemListElement":[{"@type":"ListItem","position":1,"name":"Home","item":"https:\/\/tara-rafting.com\/de\/"},{"@type":"ListItem","position":2,"name":"Adrenalin 3 \u2013 Rafting auf der Tara und Drina"}]},{"@type":"WebSite","@id":"https:\/\/tara-rafting.com\/de\/#website","url":"https:\/\/tara-rafting.com\/de\/","name":"Tara Rafting, DMD kamp. Najbolji rafting Tarom i Drinom, teambuilding, hiking. Rafting sezona 2026, ponude i cene.","description":"Tara Rafting","publisher":{"@id":"https:\/\/tara-rafting.com\/de\/#organization"},"potentialAction":[{"@type":"SearchAction","target":{"@type":"EntryPoint","urlTemplate":"https:\/\/tara-rafting.com\/de\/?s={search_term_string}"},"query-input":{"@type":"PropertyValueSpecification","valueRequired":true,"valueName":"search_term_string"}}],"inLanguage":"de"},{"@type":"Organization","@id":"https:\/\/tara-rafting.com\/de\/#organization","name":"Rafting kamp DMD","url":"https:\/\/tara-rafting.com\/de\/","logo":{"@type":"ImageObject","inLanguage":"de","@id":"https:\/\/tara-rafting.com\/de\/#\/schema\/logo\/image\/","url":"https:\/\/tara-rafting.com\/wp-content\/uploads\/favicon144x144-apple.png","contentUrl":"https:\/\/tara-rafting.com\/wp-content\/uploads\/favicon144x144-apple.png","width":144,"height":144,"caption":"Rafting kamp DMD"},"image":{"@id":"https:\/\/tara-rafting.com\/de\/#\/schema\/logo\/image\/"},"sameAs":["https:\/\/www.facebook.com\/tara.rafting.dmd","https:\/\/x.com\/tararaftingdmd"]}]}},"_links":{"self":[{"href":"https:\/\/tara-rafting.com\/de\/wp-json\/wp\/v2\/pages\/4013","targetHints":{"allow":["GET"]}}],"collection":[{"href":"https:\/\/tara-rafting.com\/de\/wp-json\/wp\/v2\/pages"}],"about":[{"href":"https:\/\/tara-rafting.com\/de\/wp-json\/wp\/v2\/types\/page"}],"author":[{"embeddable":true,"href":"https:\/\/tara-rafting.com\/de\/wp-json\/wp\/v2\/users\/1"}],"replies":[{"embeddable":true,"href":"https:\/\/tara-rafting.com\/de\/wp-json\/wp\/v2\/comments?post=4013"}],"version-history":[{"count":15,"href":"https:\/\/tara-rafting.com\/de\/wp-json\/wp\/v2\/pages\/4013\/revisions"}],"predecessor-version":[{"id":10241,"href":"https:\/\/tara-rafting.com\/de\/wp-json\/wp\/v2\/pages\/4013\/revisions\/10241"}],"wp:attachment":[{"href":"https:\/\/tara-rafting.com\/de\/wp-json\/wp\/v2\/media?parent=4013"}],"curies":[{"name":"wp","href":"https:\/\/api.w.org\/{rel}","templated":true}]}}