{"id":4017,"date":"2014-03-31T14:14:17","date_gmt":"2014-03-31T14:14:17","guid":{"rendered":"http:\/\/tara-rafting.com\/adrenalin-5-rafting-free-climbing-2\/"},"modified":"2015-04-20T21:17:24","modified_gmt":"2015-04-20T21:17:24","slug":"adrenalin-5-rafting-free-climbing","status":"publish","type":"page","link":"https:\/\/tara-rafting.com\/de\/adrenalin-5-rafting-free-climbing\/","title":{"rendered":"Adrenalin 5 \u2013 Rafting + Free Climbing"},"content":{"rendered":"<p><img loading=\"lazy\" decoding=\"async\" class=\"alignnone size-full wp-image-3725\" alt=\"Big3\" src=\"http:\/\/tara-rafting.com\/wp-content\/uploads\/2014\/04\/Adrenalin-5.jpg\" width=\"1600\" height=\"600\" \/><br \/>\n&nbsp;<\/p>\n<h1 style=\"text-align: center;\"><span style=\"background-color: #ffbd0c; color: #ffffff;\">\u00a0 Preis 110\u20ac \u00a0<span style=\"background-color: #000080;\"><br \/>\n<\/span><\/span><\/h1>\n<p>&nbsp;<\/p>\n<p>Erlebt eine eindrucksvolle und etwas erschreckende Erfahrung des Kampfes zwischen Mensch und Natur in Stromschnellen des sch\u00f6nsten Flusses Tara, der sogenannten \u201eTr\u00e4ne Europas\u201c, die selbst die gr\u00f6\u00dften Skeptiker atemlos lassen. Erlebt eine kalte Dusche nat\u00fcrlichen Adrenalins auf den schnellsten Strecken und Wasserf\u00e4llen dieser Natursch\u00f6nheit&#8230; Falls euch das nicht das Blut in den Adern gefrieren l\u00e4sst, schlie\u00dft das n\u00e4chste Abenteuer  das Begonnene ab! Habt ihr euch schon einmal gefragt, wie klein die Menschen den V\u00f6geln im Flug erscheinen? Ihr werden eine einmalige Gelegenheit haben, mit unseren gefiederten Freunden Pl\u00e4tze zu tauschen&#8230; Sp\u00fcrt, wie der eigene K\u00f6rper auf 50 Meter H\u00f6he \u00fcber dem Erdboden zum ersten Mal den Gesetzen der Physik trotzt&#8230;. Erlebt Free Climbing!<br \/>\n&nbsp;<\/p>\n<h3><span style=\"background-color: #ffbd0c; color: #ffffff;\">\u00a0 Programm: \u00a0<\/span><\/h3>\n<p><span style=\"color: #969696; font-weight: bold;\">1. Tag: <\/span> Abreise aus Belgrad am Nachmittag. Fahrt \u00fcber die Ibarska-Schnellstra\u00dfe, Besuch in Drvengrad, dem Ethno-Dorf von Emir Kusturica. Ankunft im Dorf Bastasi bei Fo\u010da (14km) in Nachmittagsstunden. Unterkunft im DMD-Camp in authentischen Bungalows \u2013Holzh\u00e4usern &#8211; mit der M\u00f6glichkeit, nach Wunsch eigene Zelte aufzuschlagen. Abendessen. N\u00e4chtigung.<br \/>\n<span style=\"color: #969696; font-weight: bold;\">2. Tag: <\/span> Aufstehen um 9 Uhr. Fr\u00fchst\u00fcck. Verteilung der Rafting-Ausr\u00fcstung: Neoprenanz\u00fcge, Schuhe, Rettungswesten und Helme. Abfahrt um 11 Uhr in unseren Kombis nach Br\u0161tenovica, wo unsere Raftingtour beginnt.<br \/>\nBesteigen der Boote und Abfahrt. Die Fahrt f\u00fchrt durch 22 km der reizvollsten Gegenden der Tara (16 km) und Drina (6 km). Die Fahrt endet vor unserem DMD-Camp, wo euch das Mittagessen erwarten. Abfahrt ins Tara-Gebirge mit einem Besuch in Vi\u0161egrad. Unterkunft in einem Bildungszentrum, dem Forsthaus, im Herzen des Tara-Gebirges. Abendessen. N\u00e4chtigung.<\/p>\n<p><span style=\"color: #969696; font-weight: bold;\">3. Tag:<\/span> Fr\u00fchst\u00fcck. Aufbruch zum Wanderabenteuer. Wanderung durch die unber\u00fchrte Natur. Dieser Tag ist f\u00fcr Free Climbing am Sokolica-Fels vorgesehen. Theoretische Pr\u00e4sentierung der Ausr\u00fcstung durch einen professionellen Alpinisten, sofort danach die Anwendung des Gelernten \u2013 Aufstieg zur Felswand. Mit wundersch\u00f6nem Ausblick zu allen Seiten! Wanderung durch unber\u00fchrte Natur zum Aussichtspunkt mit Blick auf Kalu\u0111erska Bara und das Kloster Ra\u010da&#8230; Danach kann man den Reiz der alten Zeiten bei Lagerfeuer und Grill im Wald genie\u00dfen. Am Abend folgt R\u00fcckkehr ins Bildungszentrum und Abreise nach Belgrad.<br \/>\n<div  class=\"ut-one-half  \">\n<h3><span style=\"background-color: #13b85d; color: #ffffff;\"> \u00a0Im Preis inbegriffen sind: \u00a0<\/span><\/h3>\n<ul class=\"fa-ul\">\n<li><i class=\"fa-li fa fa-check-square\" style=\"color: #13b85d;\"><\/i>1 Vollpension im DMD-Camp<\/li>\n<li><i class=\"fa-li fa fa-check-square\" style=\"color: #13b85d;\"><\/i>Aufenthaltsgeb\u00fchr f\u00fcr den Tara-Nationalpark 5 \u20ac<\/li>\n<li><i class=\"fa-li fa fa-check-square\" style=\"color: #13b85d;\"><\/i>1 Halbpension im Bildungszentrum<\/li>\n<li><i class=\"fa-li fa fa-check-square\" style=\"color: #13b85d;\"><\/i>Grill im Wald<\/li>\n<li><i class=\"fa-li fa fa-check-square\" style=\"color: #13b85d;\"><\/i>Free Climbing mit einem professionellen Alpinisten am Sokolica-Felsen.<\/li>\n<li><i class=\"fa-li fa fa-check-square\" style=\"color: #13b85d;\"><\/i>Transport zu allen obengenannten Zielen in Minibussen oder Bussen, je nach Teilnehmerzahl\n<\/li>\n<li><i class=\"fa-li fa fa-check-square\" style=\"color: #13b85d;\"><\/i>Dienstleistungen des Reisef\u00fchrers<\/li>\n<li><i class=\"fa-li fa fa-check-square\" style=\"color: #13b85d;\"><\/i>Mieten der gesamten Raftingausr\u00fcstung (Neoprenanz\u00fcge, Schuhe, Rettungswesten, Helme)<\/li>\n<li><i class=\"fa-li fa fa-check-square\" style=\"color: #13b85d;\"><\/i>2 Raftingtouren in unseren Booten<\/li>\n<li><i class=\"fa-li fa fa-check-square\" style=\"color: #13b85d;\"><\/i>Transport bis Br\u0161tenovica in unseren Kombis<\/li>\n<\/ul>\n<\/div>\n<div  class=\"ut-one-half ut-column-last  \">\n<h3><span style=\"background-color: #f75353; color: #ffffff;\">\u00a0 Im Preis nicht inbegriffen sind \u00a0<\/span><\/h3>\n<ul class=\"fa-ul\">\n<li><i class=\"fa-li fa fa-minus-square\" style=\"color: #f75353;\"><\/i>Versicherung 5 \u20ac<\/li>\n<li><i class=\"fa-li fa fa-minus-square\" style=\"color: #f75353;\"><\/i>Individuelle Kosten der Teilnehmer<\/li>\n<\/ul>\n<\/div><div class=\"clear\"><\/div>\n<h3><span style=\"background-color: #ffbd0c; color: #ffffff;\"> \u00a0Weitere Informationen: \u00a0<\/span><\/h3>\n<ul class=\"fa-ul\">\n<li><i class=\"fa-li fa fa-circle\" style=\"color: #ffbd0c;\"><\/i>Die Anzahlung in H\u00f6he von 50% des Gesamtpreises des Arrangements ist zu entrichten und wird bei Ausfallen des Arrangements einbehalten.<\/li>\n<li><i class=\"fa-li fa fa-circle\" style=\"color: #ffbd0c;\"><\/i>Das Camp verf\u00fcgt \u00fcber Strom, Trinkwasser, Toiletten, Lautsprechanlage, Terrasse \u00fcber dem Fluss, Duschr\u00e4ume&#8230;<\/li>\n<li><i class=\"fa-li fa fa-circle\" style=\"color: #ffbd0c;\"><\/i>Die Kapazit\u00e4t des Camps ist 100 Betten. <\/li>\n<li><i class=\"fa-li fa fa-circle\" style=\"color: #ffbd0c;\"><\/i>Es besteht auch die M\u00f6glichkeit, den Transport vom Abreiseort direkt zum DMD-Camp zu organisieren, und falls man mit eigenem Fahrzeug kommt, stehen Parkpl\u00e4tze zur Verf\u00fcgung.<\/li>\n<li><i class=\"fa-li fa fa-circle\" style=\"color: #ffbd0c;\"><\/i>Die Mahlzeit im Camp ist \u00fcppig: In \u00dcbereinstimmung mit allen oben genannten Inhalten wird authentische lokale Kost geboten.<\/li>\n<li><i class=\"fa-li fa fa-circle\" style=\"color: #ffbd0c;\"><\/i>Wegen Passierung der Staatgrenze ist der Personalausweis unbedingt mitzuf\u00fchren.<\/li>\n<\/ul>\n<p><a href=\"https:\/\/tara-rafting.com\/de\/wichtige-hinweise-fur-unsere-gaste\/\" title=\"Wichtige Hinweise f\u00fcr unsere G\u00e4ste\" target=\"_blank\"><\/p>\n<h3 style=\"text-align: center; text-transform: uppercase;\"><span style=\"background-color: #f75c23; color: #ffffff;\">Wichtige Hinweise f\u00fcr unsere G\u00e4ste\u00a0<span style=\"background-color: #000080;\"><br \/>\n<\/span><\/span><\/h3>\n<p><\/a><\/p>\n","protected":false},"excerpt":{"rendered":"<p>&nbsp; \u00a0 Preis 110\u20ac \u00a0 &nbsp; Erlebt eine eindrucksvolle und etwas erschreckende Erfahrung des Kampfes zwischen Mensch und Natur in Stromschnellen des sch\u00f6nsten Flusses Tara, der sogenannten \u201eTr\u00e4ne Europas\u201c, die selbst die gr\u00f6\u00dften Skeptiker atemlos lassen. Erlebt eine kalte Dusche nat\u00fcrlichen Adrenalins auf den schnellsten Strecken und Wasserf\u00e4llen dieser Natursch\u00f6nheit&#8230; Falls euch das nicht das [&hellip;]<\/p>\n","protected":false},"author":1,"featured_media":0,"parent":0,"menu_order":0,"comment_status":"closed","ping_status":"open","template":"","meta":{"_et_pb_use_builder":"","_et_pb_old_content":"","_et_gb_content_width":"","ngg_post_thumbnail":0,"footnotes":""},"class_list":["post-4017","page","type-page","status-publish","hentry"],"yoast_head":"<!-- This site is optimized with the Yoast SEO plugin v27.1.1 - https:\/\/yoast.com\/product\/yoast-seo-wordpress\/ -->\n<title>Adrenalin 5 \u2013 Rafting + Free Climbing | Tara Rafting, DMD kamp. Najbolji rafting Tarom i Drinom, teambuilding, hiking. Rafting sezona 2026, ponude i cene.<\/title>\n<meta name=\"robots\" content=\"index, follow, max-snippet:-1, max-image-preview:large, max-video-preview:-1\" \/>\n<link rel=\"canonical\" href=\"https:\/\/tara-rafting.com\/de\/adrenalin-5-rafting-free-climbing\/\" \/>\n<meta property=\"og:locale\" content=\"de_DE\" \/>\n<meta property=\"og:type\" content=\"article\" \/>\n<meta property=\"og:title\" content=\"Adrenalin 5 \u2013 Rafting + Free Climbing | Tara Rafting, DMD kamp. Najbolji rafting Tarom i Drinom, teambuilding, hiking. Rafting sezona 2026, ponude i cene.\" \/>\n<meta property=\"og:description\" content=\"&nbsp; \u00a0 Preis 110\u20ac \u00a0 &nbsp; Erlebt eine eindrucksvolle und etwas erschreckende Erfahrung des Kampfes zwischen Mensch und Natur in Stromschnellen des sch\u00f6nsten Flusses Tara, der sogenannten \u201eTr\u00e4ne Europas\u201c, die selbst die gr\u00f6\u00dften Skeptiker atemlos lassen. Erlebt eine kalte Dusche nat\u00fcrlichen Adrenalins auf den schnellsten Strecken und Wasserf\u00e4llen dieser Natursch\u00f6nheit&#8230; Falls euch das nicht das [&hellip;]\" \/>\n<meta property=\"og:url\" content=\"https:\/\/tara-rafting.com\/de\/adrenalin-5-rafting-free-climbing\/\" \/>\n<meta property=\"og:site_name\" content=\"Tara Rafting, DMD kamp. Najbolji rafting Tarom i Drinom, teambuilding, hiking. Rafting sezona 2026, ponude i cene.\" \/>\n<meta property=\"article:publisher\" content=\"https:\/\/www.facebook.com\/tara.rafting.dmd\" \/>\n<meta property=\"article:modified_time\" content=\"2015-04-20T21:17:24+00:00\" \/>\n<meta property=\"og:image\" content=\"http:\/\/tara-rafting.com\/wp-content\/uploads\/2014\/04\/Adrenalin-5.jpg\" \/>\n<meta name=\"twitter:card\" content=\"summary_large_image\" \/>\n<meta name=\"twitter:site\" content=\"@tararaftingdmd\" \/>\n<meta name=\"twitter:label1\" content=\"Gesch\u00e4tzte Lesezeit\" \/>\n\t<meta name=\"twitter:data1\" content=\"3\u00a0Minuten\" \/>\n<script type=\"application\/ld+json\" class=\"yoast-schema-graph\">{\"@context\":\"https:\/\/schema.org\",\"@graph\":[{\"@type\":\"WebPage\",\"@id\":\"https:\/\/tara-rafting.com\/de\/adrenalin-5-rafting-free-climbing\/\",\"url\":\"https:\/\/tara-rafting.com\/de\/adrenalin-5-rafting-free-climbing\/\",\"name\":\"Adrenalin 5 \u2013 Rafting + Free Climbing | Tara Rafting, DMD kamp. Najbolji rafting Tarom i Drinom, teambuilding, hiking. Rafting sezona 2026, ponude i cene.\",\"isPartOf\":{\"@id\":\"https:\/\/tara-rafting.com\/de\/#website\"},\"primaryImageOfPage\":{\"@id\":\"https:\/\/tara-rafting.com\/de\/adrenalin-5-rafting-free-climbing\/#primaryimage\"},\"image\":{\"@id\":\"https:\/\/tara-rafting.com\/de\/adrenalin-5-rafting-free-climbing\/#primaryimage\"},\"thumbnailUrl\":\"http:\/\/tara-rafting.com\/wp-content\/uploads\/2014\/04\/Adrenalin-5.jpg\",\"datePublished\":\"2014-03-31T14:14:17+00:00\",\"dateModified\":\"2015-04-20T21:17:24+00:00\",\"breadcrumb\":{\"@id\":\"https:\/\/tara-rafting.com\/de\/adrenalin-5-rafting-free-climbing\/#breadcrumb\"},\"inLanguage\":\"de\",\"potentialAction\":[{\"@type\":\"ReadAction\",\"target\":[\"https:\/\/tara-rafting.com\/de\/adrenalin-5-rafting-free-climbing\/\"]}]},{\"@type\":\"ImageObject\",\"inLanguage\":\"de\",\"@id\":\"https:\/\/tara-rafting.com\/de\/adrenalin-5-rafting-free-climbing\/#primaryimage\",\"url\":\"http:\/\/tara-rafting.com\/wp-content\/uploads\/2014\/04\/Adrenalin-5.jpg\",\"contentUrl\":\"http:\/\/tara-rafting.com\/wp-content\/uploads\/2014\/04\/Adrenalin-5.jpg\"},{\"@type\":\"BreadcrumbList\",\"@id\":\"https:\/\/tara-rafting.com\/de\/adrenalin-5-rafting-free-climbing\/#breadcrumb\",\"itemListElement\":[{\"@type\":\"ListItem\",\"position\":1,\"name\":\"Home\",\"item\":\"https:\/\/tara-rafting.com\/de\/\"},{\"@type\":\"ListItem\",\"position\":2,\"name\":\"Adrenalin 5 \u2013 Rafting + Free Climbing\"}]},{\"@type\":\"WebSite\",\"@id\":\"https:\/\/tara-rafting.com\/de\/#website\",\"url\":\"https:\/\/tara-rafting.com\/de\/\",\"name\":\"Tara Rafting, DMD kamp. Najbolji rafting Tarom i Drinom, teambuilding, hiking. Rafting sezona 2026, ponude i cene.\",\"description\":\"Tara Rafting\",\"publisher\":{\"@id\":\"https:\/\/tara-rafting.com\/de\/#organization\"},\"potentialAction\":[{\"@type\":\"SearchAction\",\"target\":{\"@type\":\"EntryPoint\",\"urlTemplate\":\"https:\/\/tara-rafting.com\/de\/?s={search_term_string}\"},\"query-input\":{\"@type\":\"PropertyValueSpecification\",\"valueRequired\":true,\"valueName\":\"search_term_string\"}}],\"inLanguage\":\"de\"},{\"@type\":\"Organization\",\"@id\":\"https:\/\/tara-rafting.com\/de\/#organization\",\"name\":\"Rafting kamp DMD\",\"url\":\"https:\/\/tara-rafting.com\/de\/\",\"logo\":{\"@type\":\"ImageObject\",\"inLanguage\":\"de\",\"@id\":\"https:\/\/tara-rafting.com\/de\/#\/schema\/logo\/image\/\",\"url\":\"https:\/\/tara-rafting.com\/wp-content\/uploads\/favicon144x144-apple.png\",\"contentUrl\":\"https:\/\/tara-rafting.com\/wp-content\/uploads\/favicon144x144-apple.png\",\"width\":144,\"height\":144,\"caption\":\"Rafting kamp DMD\"},\"image\":{\"@id\":\"https:\/\/tara-rafting.com\/de\/#\/schema\/logo\/image\/\"},\"sameAs\":[\"https:\/\/www.facebook.com\/tara.rafting.dmd\",\"https:\/\/x.com\/tararaftingdmd\"]}]}<\/script>\n<!-- \/ Yoast SEO plugin. -->","yoast_head_json":{"title":"Adrenalin 5 \u2013 Rafting + Free Climbing | Tara Rafting, DMD kamp. Najbolji rafting Tarom i Drinom, teambuilding, hiking. Rafting sezona 2026, ponude i cene.","robots":{"index":"index","follow":"follow","max-snippet":"max-snippet:-1","max-image-preview":"max-image-preview:large","max-video-preview":"max-video-preview:-1"},"canonical":"https:\/\/tara-rafting.com\/de\/adrenalin-5-rafting-free-climbing\/","og_locale":"de_DE","og_type":"article","og_title":"Adrenalin 5 \u2013 Rafting + Free Climbing | Tara Rafting, DMD kamp. Najbolji rafting Tarom i Drinom, teambuilding, hiking. Rafting sezona 2026, ponude i cene.","og_description":"&nbsp; \u00a0 Preis 110\u20ac \u00a0 &nbsp; Erlebt eine eindrucksvolle und etwas erschreckende Erfahrung des Kampfes zwischen Mensch und Natur in Stromschnellen des sch\u00f6nsten Flusses Tara, der sogenannten \u201eTr\u00e4ne Europas\u201c, die selbst die gr\u00f6\u00dften Skeptiker atemlos lassen. Erlebt eine kalte Dusche nat\u00fcrlichen Adrenalins auf den schnellsten Strecken und Wasserf\u00e4llen dieser Natursch\u00f6nheit&#8230; Falls euch das nicht das [&hellip;]","og_url":"https:\/\/tara-rafting.com\/de\/adrenalin-5-rafting-free-climbing\/","og_site_name":"Tara Rafting, DMD kamp. Najbolji rafting Tarom i Drinom, teambuilding, hiking. Rafting sezona 2026, ponude i cene.","article_publisher":"https:\/\/www.facebook.com\/tara.rafting.dmd","article_modified_time":"2015-04-20T21:17:24+00:00","og_image":[{"url":"http:\/\/tara-rafting.com\/wp-content\/uploads\/2014\/04\/Adrenalin-5.jpg","type":"","width":"","height":""}],"twitter_card":"summary_large_image","twitter_site":"@tararaftingdmd","twitter_misc":{"Gesch\u00e4tzte Lesezeit":"3\u00a0Minuten"},"schema":{"@context":"https:\/\/schema.org","@graph":[{"@type":"WebPage","@id":"https:\/\/tara-rafting.com\/de\/adrenalin-5-rafting-free-climbing\/","url":"https:\/\/tara-rafting.com\/de\/adrenalin-5-rafting-free-climbing\/","name":"Adrenalin 5 \u2013 Rafting + Free Climbing | Tara Rafting, DMD kamp. Najbolji rafting Tarom i Drinom, teambuilding, hiking. Rafting sezona 2026, ponude i cene.","isPartOf":{"@id":"https:\/\/tara-rafting.com\/de\/#website"},"primaryImageOfPage":{"@id":"https:\/\/tara-rafting.com\/de\/adrenalin-5-rafting-free-climbing\/#primaryimage"},"image":{"@id":"https:\/\/tara-rafting.com\/de\/adrenalin-5-rafting-free-climbing\/#primaryimage"},"thumbnailUrl":"http:\/\/tara-rafting.com\/wp-content\/uploads\/2014\/04\/Adrenalin-5.jpg","datePublished":"2014-03-31T14:14:17+00:00","dateModified":"2015-04-20T21:17:24+00:00","breadcrumb":{"@id":"https:\/\/tara-rafting.com\/de\/adrenalin-5-rafting-free-climbing\/#breadcrumb"},"inLanguage":"de","potentialAction":[{"@type":"ReadAction","target":["https:\/\/tara-rafting.com\/de\/adrenalin-5-rafting-free-climbing\/"]}]},{"@type":"ImageObject","inLanguage":"de","@id":"https:\/\/tara-rafting.com\/de\/adrenalin-5-rafting-free-climbing\/#primaryimage","url":"http:\/\/tara-rafting.com\/wp-content\/uploads\/2014\/04\/Adrenalin-5.jpg","contentUrl":"http:\/\/tara-rafting.com\/wp-content\/uploads\/2014\/04\/Adrenalin-5.jpg"},{"@type":"BreadcrumbList","@id":"https:\/\/tara-rafting.com\/de\/adrenalin-5-rafting-free-climbing\/#breadcrumb","itemListElement":[{"@type":"ListItem","position":1,"name":"Home","item":"https:\/\/tara-rafting.com\/de\/"},{"@type":"ListItem","position":2,"name":"Adrenalin 5 \u2013 Rafting + Free Climbing"}]},{"@type":"WebSite","@id":"https:\/\/tara-rafting.com\/de\/#website","url":"https:\/\/tara-rafting.com\/de\/","name":"Tara Rafting, DMD kamp. Najbolji rafting Tarom i Drinom, teambuilding, hiking. Rafting sezona 2026, ponude i cene.","description":"Tara Rafting","publisher":{"@id":"https:\/\/tara-rafting.com\/de\/#organization"},"potentialAction":[{"@type":"SearchAction","target":{"@type":"EntryPoint","urlTemplate":"https:\/\/tara-rafting.com\/de\/?s={search_term_string}"},"query-input":{"@type":"PropertyValueSpecification","valueRequired":true,"valueName":"search_term_string"}}],"inLanguage":"de"},{"@type":"Organization","@id":"https:\/\/tara-rafting.com\/de\/#organization","name":"Rafting kamp DMD","url":"https:\/\/tara-rafting.com\/de\/","logo":{"@type":"ImageObject","inLanguage":"de","@id":"https:\/\/tara-rafting.com\/de\/#\/schema\/logo\/image\/","url":"https:\/\/tara-rafting.com\/wp-content\/uploads\/favicon144x144-apple.png","contentUrl":"https:\/\/tara-rafting.com\/wp-content\/uploads\/favicon144x144-apple.png","width":144,"height":144,"caption":"Rafting kamp DMD"},"image":{"@id":"https:\/\/tara-rafting.com\/de\/#\/schema\/logo\/image\/"},"sameAs":["https:\/\/www.facebook.com\/tara.rafting.dmd","https:\/\/x.com\/tararaftingdmd"]}]}},"_links":{"self":[{"href":"https:\/\/tara-rafting.com\/de\/wp-json\/wp\/v2\/pages\/4017","targetHints":{"allow":["GET"]}}],"collection":[{"href":"https:\/\/tara-rafting.com\/de\/wp-json\/wp\/v2\/pages"}],"about":[{"href":"https:\/\/tara-rafting.com\/de\/wp-json\/wp\/v2\/types\/page"}],"author":[{"embeddable":true,"href":"https:\/\/tara-rafting.com\/de\/wp-json\/wp\/v2\/users\/1"}],"replies":[{"embeddable":true,"href":"https:\/\/tara-rafting.com\/de\/wp-json\/wp\/v2\/comments?post=4017"}],"version-history":[{"count":0,"href":"https:\/\/tara-rafting.com\/de\/wp-json\/wp\/v2\/pages\/4017\/revisions"}],"wp:attachment":[{"href":"https:\/\/tara-rafting.com\/de\/wp-json\/wp\/v2\/media?parent=4017"}],"curies":[{"name":"wp","href":"https:\/\/api.w.org\/{rel}","templated":true}]}}