{"id":4019,"date":"2014-03-31T14:28:30","date_gmt":"2014-03-31T14:28:30","guid":{"rendered":"http:\/\/tara-rafting.com\/adrenalin-special-2\/"},"modified":"2025-02-26T12:42:30","modified_gmt":"2025-02-26T12:42:30","slug":"adrenalin-spezial","status":"publish","type":"page","link":"https:\/\/tara-rafting.com\/de\/adrenalin-spezial\/","title":{"rendered":"Adrenaline Spezial"},"content":{"rendered":"<p>[et_pb_section fb_built=&#8220;1&#8243; admin_label=&#8220;section&#8220; _builder_version=&#8220;4.16&#8243; global_colors_info=&#8220;{}&#8220;][et_pb_row admin_label=&#8220;row&#8220; _builder_version=&#8220;4.16&#8243; background_size=&#8220;initial&#8220; background_position=&#8220;top_left&#8220; background_repeat=&#8220;repeat&#8220; global_colors_info=&#8220;{}&#8220;][et_pb_column type=&#8220;4_4&#8243; _builder_version=&#8220;4.16&#8243; custom_padding=&#8220;|||&#8220; global_colors_info=&#8220;{}&#8220; custom_padding__hover=&#8220;|||&#8220;][et_pb_text admin_label=&#8220;Adrenalin Spezial &#8211; Naslov&#8220; _builder_version=&#8220;4.19.4&#8243; _module_preset=&#8220;default&#8220; global_colors_info=&#8220;{}&#8220;]<\/p>\n<h1 class=\"page-title\" style=\"text-align: center;\">Adrenaline Spezial<\/h1>\n<p>[\/et_pb_text][et_pb_text admin_label=&#8220;Text&#8220; _builder_version=&#8220;4.19.4&#8243; background_size=&#8220;initial&#8220; background_position=&#8220;top_left&#8220; background_repeat=&#8220;repeat&#8220; global_colors_info=&#8220;{}&#8220;]<\/p>\n<p><img loading=\"lazy\" decoding=\"async\" class=\"alignnone size-full wp-image-3725\" src=\"http:\/\/tara-rafting.com\/wp-content\/uploads\/2020\/02\/AS-1600x600-de.jpg\" alt=\"Big3\" width=\"1600\" height=\"600\" \/><\/p>\n<h1 style=\"text-align: center;\"><span style=\"background-color: #8d8d8d; color: #ffffff;\">\u00a0 Preis von 320\u20ac \u00a0<span style=\"background-color: #000080;\"><br \/><\/span><\/span><\/h1>\n<p>&nbsp;<\/p>\n<p>Das volle Erlebnis! Es werden mehr als 100 km des Tara- und Drina-Wasserlaufes zur\u00fcckgelegt. Die schnellste Strecken, die gr\u00f6\u00dfte Wasserf\u00e4lle, die sch\u00f6nsten Gegenden \u2013 zwei volle Tage im Boot. F\u00fcr echte Naturfreunde der Natur und f\u00fcr den Kampf mit ihr.<\/p>\n<p>&nbsp;<\/p>\n<h3><span style=\"background-color: #8d8d8d; color: #ffffff;\">\u00a0 Programm:\u00a0<\/span><\/h3>\n<p><span style=\"color: #969696; font-weight: bold;\">1. Tag: <\/span> Ankunft im Dorf Bastasi bei Fo\u010da (18km) in s Nachmittagsstunden. Unterkunft im DMD-Camp in authentischen Bungalows \u2013 Holzh\u00e4usern &#8211; mit der M\u00f6glichkeit, nach Wunsch eigene Zelte aufzuschlagen. Abendessen. N\u00e4chtigung.<\/p>\n<p><span style=\"color: #969696; font-weight: bold;\">2. Tag:<\/span> Fr\u00fch morgens Abfahrt nach \u017dabljak in unseren 8+1 Kombis. Nach vier 4 Stunden Fahrt Ankunft in \u0160ljivansko (Spitze der Tara), Fr\u00fchstuck an der Tara. Verteilung der Rafting-Ausr\u00fcstung: Neoprenanz\u00fcge, Schuhe, Rettungswesten und Helme. Besteigen der Boote und Abfahrt. Mittagessen im Boot \u2013 Lunchpaket. An diesem Tag werden etwa 40 km der schnellsten Abschnitten der Tara zur\u00fcckgelegt. Ankunft im Radovan-Luka-Camp in der Tara-Schlucht am Nachmittag. Abendessen nach Vereinbarung. N\u00e4chtigung<\/p>\n<p><span style=\"color: #969696; font-weight: bold;\">3. Tag:<\/span> Fr\u00fchst\u00fcck. Fortsetzung der Raftingtour mit Besichtigung der attraktivsten Wasserf\u00e4lle der Tara, Besichtigung der Bajlovica-Wasserf\u00e4lle und Daki\u0107a-H\u00f6hle&#8230; Mittagessen im Boot \u2013 Lunchpaket. An diesem Tag befahren wir auch gegen 56 km der Tara und 6 km der Drina \u00fcber die 13 gr\u00f6\u00dften Wasserf\u00e4lle: Gornji Tepa\u010dki und Donji Tepa\u010dki, Nozru\u0107, Poskok Bar&#8230; Ankunft im DMD-Camp am Nachmittag. Am Ende dieses Tages haben wir 103 km des Wasserlaufs der Tara und Drina zur\u00fcckgelegt. Abendessen. N\u00e4chtigung.<\/p>\n<p><span style=\"color: #969696; font-weight: bold;\">4. Tag:<\/span> Fr\u00fchstuck<\/p>\n<p>[\/et_pb_text][\/et_pb_column][\/et_pb_row][et_pb_row column_structure=&#8220;1_2,1_2&#8243; admin_label=&#8220;row&#8220; _builder_version=&#8220;4.16&#8243; background_size=&#8220;initial&#8220; background_position=&#8220;top_left&#8220; background_repeat=&#8220;repeat&#8220; global_colors_info=&#8220;{}&#8220;][et_pb_column type=&#8220;1_2&#8243; _builder_version=&#8220;4.16&#8243; custom_padding=&#8220;|||&#8220; global_colors_info=&#8220;{}&#8220; custom_padding__hover=&#8220;|||&#8220;][et_pb_text admin_label=&#8220;Text&#8220; _builder_version=&#8220;4.19.4&#8243; background_size=&#8220;initial&#8220; background_position=&#8220;top_left&#8220; background_repeat=&#8220;repeat&#8220; global_colors_info=&#8220;{}&#8220;]<\/p>\n<h3><span style=\"background-color: #13b85d; color: #ffffff;\"> &nbsp;Im Preis inbegriffen sind:&nbsp;<\/span><\/h3>\n<ul class=\"fa-ul\">\n<li><i class=\"fa-li fa fa-check-square\" style=\"color: #13b85d;\"><\/i>2 Vollpensionen und 1 Halbpension (8 Mahlzeiten + 2 \u00dcbernachtungen im DMD-Camp + 1 \u00dcbernachtung in der Tara-Schlucht \u2013 Radovan Luka)<\/li>\n<li><i class=\"fa-li fa fa-check-square\" style=\"color: #13b85d;\"><\/i>Mieten der gesamten Raftingausr\u00fcstung (Neoprenanz\u00fcge, Schuhe, Rettungswesten, Helme)<\/li>\n<li><i class=\"fa-li fa fa-check-square\" style=\"color: #13b85d;\"><\/i>2 Raftingtouren in unseren Booten<\/li>\n<li><i class=\"fa-li fa fa-check-square\" style=\"color: #13b85d;\"><\/i>Transport nach \u017dabljak in unseren Kombis<\/li>\n<\/ul>\n<p>[\/et_pb_text][\/et_pb_column][et_pb_column type=&#8220;1_2&#8243; _builder_version=&#8220;4.16&#8243; custom_padding=&#8220;|||&#8220; global_colors_info=&#8220;{}&#8220; custom_padding__hover=&#8220;|||&#8220;][et_pb_text admin_label=&#8220;Text&#8220; _builder_version=&#8220;4.19.4&#8243; background_size=&#8220;initial&#8220; background_position=&#8220;top_left&#8220; background_repeat=&#8220;repeat&#8220; global_colors_info=&#8220;{}&#8220;]<\/p>\n<h3><span style=\"background-color: #f75353; color: #ffffff;\">&nbsp; Im Preis nicht inbegriffen sind: &nbsp;<\/span><\/h3>\n<ul class=\"fa-ul\">\n<li><i class=\"fa-li fa fa-minus-square\" style=\"color: #f75353;\"><\/i>Aufenthaltsgeb\u00fchr f\u00fcr den Durmitor-Nationalpark 45 \u20ac<\/li>\n<li><i class=\"fa-li fa fa-minus-square\" style=\"color: #f75353;\"><\/i>Versicherung 5 \u20ac<\/li>\n<li><i class=\"fa-li fa fa-minus-square\" style=\"color: #f75353;\"><\/i>Transport vom Abfahrtsort bis zum DMD-Camp<\/li>\n<\/ul>\n<p>[\/et_pb_text][\/et_pb_column][\/et_pb_row][et_pb_row admin_label=&#8220;row&#8220; _builder_version=&#8220;4.16&#8243; background_size=&#8220;initial&#8220; background_position=&#8220;top_left&#8220; background_repeat=&#8220;repeat&#8220; global_colors_info=&#8220;{}&#8220;][et_pb_column type=&#8220;4_4&#8243; _builder_version=&#8220;4.16&#8243; custom_padding=&#8220;|||&#8220; global_colors_info=&#8220;{}&#8220; custom_padding__hover=&#8220;|||&#8220;][et_pb_text admin_label=&#8220;Text&#8220; _builder_version=&#8220;4.19.4&#8243; background_size=&#8220;initial&#8220; background_position=&#8220;top_left&#8220; background_repeat=&#8220;repeat&#8220; global_colors_info=&#8220;{}&#8220;]<\/p>\n<h3><span style=\"background-color: #8d8d8d; color: #ffffff;\"> \u00a0Weitere Informationen : \u00a0<\/span><\/h3>\n<ul class=\"fa-ul\">\n<li><i class=\"fa-li fa fa-circle\" style=\"color: #8d8d8d;\"><\/i>Dieses Sonderangebot kann um Rafting auf der Drina bis Fo\u010da erweitert und somit um noch einen Tag verl\u00e4ngert werden. Dann w\u00e4re die zur\u00fcckgelegte Strecke auf der Drina und der Tara 125 faszinierende Kilometer lang.<\/li>\n<li><i class=\"fa-li fa fa-circle\" style=\"color: #8d8d8d;\"><\/i>Das Camp verf\u00fcgt \u00fcber Strom, Trinkwasser, Toiletten, Lautsprechanlage, Terrasse \u00fcber dem Fluss, Duschr\u00e4ume&#8230;<\/li>\n<li><i class=\"fa-li fa fa-circle\" style=\"color: #8d8d8d;\"><\/i>Die Kapazit\u00e4t des Camps ist 100 Betten.<\/li>\n<li><i class=\"fa-li fa fa-circle\" style=\"color: #8d8d8d;\"><\/i>Es besteht auch die M\u00f6glichkeit, den Transport vom Abreiseort direkt zum DMD-Camp zu organisieren, und falls man mit eigenem Fahrzeug kommt, stehen Parkpl\u00e4tze zur Verf\u00fcgung.<\/li>\n<li><i class=\"fa-li fa fa-circle\" style=\"color: #8d8d8d;\"><\/i>Die Mahlzeit im Camp ist \u00fcppig: In \u00dcbereinstimmung mit allen oben genannten Inhalten wird authentische lokale Kost geboten.<\/li>\n<li><i class=\"fa-li fa fa-circle\" style=\"color: #8d8d8d;\"><\/i>Wegen Passierung der Staatgrenze ist der Personalausweis unbedingt mitzuf\u00fchren.<\/li>\n<\/ul>\n<p>&nbsp;<\/p>\n<h4 style=\"text-align: center; text-transform: uppercase;\"><span style=\"background-color: #f75c23; color: #ffffff;\"><a href=\"https:\/\/tara-rafting.com\/de\/wichtige-hinweise-fur-unsere-gaste\/\">Wichtige Hinweise f\u00fcr unsere G\u00e4ste<\/a>\u00a0<span style=\"background-color: #000080;\"><br \/><\/span><\/span><\/h4>\n<p>&nbsp;<\/p>\n<p>[\/et_pb_text][\/et_pb_column][\/et_pb_row][\/et_pb_section]<\/p>\n","protected":false},"excerpt":{"rendered":"<p>Adrenaline Spezial \u00a0 Preis von 320\u20ac \u00a0 &nbsp; Das volle Erlebnis! Es werden mehr als 100 km des Tara- und Drina-Wasserlaufes zur\u00fcckgelegt. Die schnellste Strecken, die gr\u00f6\u00dfte Wasserf\u00e4lle, die sch\u00f6nsten Gegenden \u2013 zwei volle Tage im Boot. F\u00fcr echte Naturfreunde der Natur und f\u00fcr den Kampf mit ihr. &nbsp; \u00a0 Programm:\u00a0 1. Tag: Ankunft im [&hellip;]<\/p>\n","protected":false},"author":1,"featured_media":0,"parent":0,"menu_order":0,"comment_status":"closed","ping_status":"open","template":"","meta":{"_et_pb_use_builder":"on","_et_pb_old_content":"<p><img class=\"alignnone size-full wp-image-3725\" src=\"http:\/\/tara-rafting.com\/wp-content\/uploads\/2020\/02\/AS-1600x600-1.jpg\" alt=\"Rafting aranzman Adrenalin Specijal\" width=\"1600\" height=\"600\"><\/p><h1 style=\"text-align: center;\"><span style=\"background-color: #8d8d8d; color: #ffffff;\">\u00a0 Cena od 230\u20ac \u00a0<span style=\"background-color: #000080;\"><br><\/span><\/span><\/h1><p>\u00a0<\/p><p>Potpun do\u017eivljaj! Prelazi se vi\u0161e od 100 km vodenog toka Tare i Drine. Najbr\u017ei delovi, najve\u0107i bukovi, najlep\u0161i predeli, puna dva dana u \u010damcu. Za istinske ljubitelje boravka u prirodi i borbe sa njom.<\/p><h3><span style=\"background-color: #8d8d8d; color: #ffffff;\">\u00a0 Sadr\u017eaj \u00a0<\/span><\/h3><p><span style=\"color: #969696; font-weight: bold;\">1. dan:<\/span> Dolazak u selo Bastasi nadomak Fo\u010de (18 km) u popodnevnim satima. Sme\u0161taj u kamp DMD u autenti\u010dnim bungalovima \u2013 drvenim ku\u0107icama, uz mogu\u0107nost postavljanja va\u0161ih \u0161atora, po \u017eelji. Ve\u010dera. No\u0107enje.<\/p><p><span style=\"color: #969696; font-weight: bold;\">2. dan:<\/span> U ranim jutarnjim satima kre\u0107e se na \u017dabljak na\u0161im kombijima 8+1. Posle vo\u017enje od 4h dolazak na \u0160ljivansko (sam vrh Tare), gde je i doru\u010dak uz samu Taru. Deljenje opreme za splavarenje: ronila\u010dka odela, \u010dizmice, prsluci, kacige. Ukrcavanje u \u010damce i po\u010detak splavarenja. Ru\u010dak je na \u010damcu \u2013 lan\u010d paket. Ovog dana prelazi se oko 40 km najbr\u017eih delova reke Tare. U popodnevnim satima pristizanje na R. luku, kamp u samom kanjonu Tare. Ve\u010dera po dogovoru. No\u0107enje.<\/p><p><span style=\"color: #969696; font-weight: bold;\">3. dan:<\/span> Doru\u010dak. Nastavak spavarenja, sa obilaskom najatraktivnijih bukova reke Tare, sa obilaskom Bajlovi\u0107a sige, Daki\u0107a pe\u0107ine\u2026 Ru\u010dak je na \u010damcu \u2013 lan\u010d paket. Ovaj dan tako\u0111e prelazimo oko 56 km reke Tare i 6 km Drine, preko 13 najve\u0107ih bukova: Gornji i Donji Tepa\u010dki, Nozru\u0107, Poskok Bar\u2026 U poslepodnevnim satima pristi\u017eemo do kampa DMD. Zavr\u0161no sa ovim danom pre\u0161li smo 103 km vodenog toka Tare i Drine. Ve\u010dera. No\u0107enje.<\/p><p><span style=\"color: #969696; font-weight: bold;\">4. dan:<\/span> Doru\u010dak.<\/p><p>[ut_one_half]<\/p><h3><span style=\"background-color: #13b85d; color: #ffffff;\"> \u00a0Ura\u010dunato u cenu \u00a0<\/span><\/h3><ul class=\"fa-ul\"><li><i class=\"fa-li fa fa-check-square\" style=\"color: #13b85d;\"><\/i>2 puna pansiona i jedan polupansion (8 obroka + 2 no\u0107enja u DMD kampu + 1 no\u0107enje u Kanjonu Tare \u2013 Radovan luka)<\/li><li><i class=\"fa-li fa fa-check-square\" style=\"color: #13b85d;\"><\/i>kompletno iznajmljivanje opreme (ronila\u010dka odela, \u010dizmice, prsluci, kacige)<\/li><li><i class=\"fa-li fa fa-check-square\" style=\"color: #13b85d;\"><\/i>2x splavarenje na\u0161im \u010damcima<\/li><li><i class=\"fa-li fa fa-check-square\" style=\"color: #13b85d;\"><\/i>prevoz na\u0161im kombijima do \u017dabljaka<\/li><li><i class=\"fa-li fa fa-check-square\" style=\"color: #13b85d;\"><\/i>boravi\u0161na taksa<\/li><li><i class=\"fa-li fa fa-check-square\" style=\"color: #13b85d;\"><\/i>osiguranje<\/li><li><i class=\"fa-li fa fa-check-square\" style=\"color: #13b85d;\"><\/i>takse Nacionalnog parka Durmitor<\/li><\/ul><p>[\/ut_one_half]<br>[ut_one_half_last]<\/p><h3><span style=\"background-color: #f75353; color: #ffffff;\">\u00a0 Nije ura\u010dunato u cenu \u00a0<\/span><\/h3><ul class=\"fa-ul\"><li><i class=\"fa-li fa fa-minus-square\" style=\"color: #f75353;\"><\/i>prevoz od mesta polaska do kampa DMD<\/li><\/ul><p>[\/ut_one_half_last]<\/p><h3><span style=\"background-color: #8d8d8d; color: #ffffff;\"> \u00a0Dodatne Informacije \u00a0<\/span><\/h3><ul class=\"fa-ul\"><li><i class=\"fa-li fa fa-circle\" style=\"color: #8d8d8d;\"><\/i>Ovaj specijalni aran\u017eman mo\u017ee da se nastavi slavarenjem rekom Drinom do Fo\u010de, i tako se produ\u017ei za jo\u0161 jedan dan. Tada bi broj pre\u0111enih km rekama Tarom i Drinom bio fascinantnih 125 km.<\/li><li>Za aran\u017eman u smje\u0161taju sa sopstvenim kupatilom dopla\u0107uje se 10\u20ac po no\u0107enju<\/li><li><i class=\"fa-li fa fa-circle\" style=\"color: #8d8d8d;\"><\/i>Kamp DMD poseduje struju, pitku vodu,sanitarni \u010dvor, razglas, terasu na vodi, tu\u0161 kabinu\u2026<\/li><li><i class=\"fa-li fa fa-circle\" style=\"color: #8d8d8d;\"><\/i>Kapacitet kampa je 100 le\u017eaja.<\/li><li><i class=\"fa-li fa fa-circle\" style=\"color: #8d8d8d;\"><\/i>Mogu\u0107nost organizovanja prevoza od mesta polaska direktno do kampa, ili ukoliko dolazite sopstvenim prevozom obezbe\u0111eno parking mesto.<\/li><li><i class=\"fa-li fa fa-circle\" style=\"color: #8d8d8d;\"><\/i>Hrana u kampu je obilna, u skladu sa svim navedenim sadr\u017eajima, autenti\u010dna doma\u0107a kuhinja.<\/li><li><i class=\"fa-li fa fa-circle\" style=\"color: #8d8d8d;\"><\/i>Na put ste obavezni poneti li\u010dne karte radi prelaska dr\u017eavne granice.<\/li><li><i class=\"fa-li fa fa-circle\" style=\"color: #8d8d8d;\"><\/i>MOGU\u0106NOST ORGANIZOVANOG PREVOZA IZ BEOGRADA I NOVOG SADA<\/li><\/ul><p>\u00a0<\/p><p>[ut_one_half]<br>[iphorm id=\"8\" name=\"Kontakt (Srpski)-Adrenalin Specijal\"]<br>[\/ut_one_half]<\/p><p>[ut_one_half_last]<br><img class=\"aligncenter size-full wp-image-8458\" src=\"http:\/\/tara-rafting.com\/wp-content\/uploads\/2021\/03\/G0024363-900x1050.jpg\" alt=\"Rafting Tarom, rafting ponude, rafting rezervacije\" width=\"900\" height=\"1050\"><br>[\/ut_one_half_last]<\/p><p>\u00a0<\/p><h3 style=\"text-align: center; text-transform: uppercase;\"><span style=\"background-color: #f75c23; color: #ffffff;\">Obavezno uputstvo za goste\u00a0<span style=\"background-color: #000080;\"><br><\/span><\/span><\/h3><p>\u00a0<\/p><p>\u00a0<\/p><h3 style=\"text-align: center; text-transform: uppercase;\"><span style=\"background-color: #f75c23; color: #ffffff;\">Ku\u0107ni red rafting kampa DMD\u00a0<span style=\"background-color: #000080;\"><br><\/span><\/span><\/h3><p>\u00a0<\/p>","_et_gb_content_width":"","ngg_post_thumbnail":0,"footnotes":""},"class_list":["post-4019","page","type-page","status-publish","hentry"],"yoast_head":"<!-- This site is optimized with the Yoast SEO plugin v27.1.1 - https:\/\/yoast.com\/product\/yoast-seo-wordpress\/ -->\n<title>Adrenaline Spezial | Tara Rafting, DMD kamp. Najbolji rafting Tarom i Drinom, teambuilding, hiking. Rafting sezona 2026, ponude i cene.<\/title>\n<meta name=\"robots\" content=\"index, follow, max-snippet:-1, max-image-preview:large, max-video-preview:-1\" \/>\n<link rel=\"canonical\" href=\"https:\/\/tara-rafting.com\/de\/adrenalin-spezial\/\" \/>\n<meta property=\"og:locale\" content=\"de_DE\" \/>\n<meta property=\"og:type\" content=\"article\" \/>\n<meta property=\"og:title\" content=\"Adrenaline Spezial | Tara Rafting, DMD kamp. Najbolji rafting Tarom i Drinom, teambuilding, hiking. Rafting sezona 2026, ponude i cene.\" \/>\n<meta property=\"og:description\" content=\"Adrenaline Spezial \u00a0 Preis von 320\u20ac \u00a0 &nbsp; Das volle Erlebnis! Es werden mehr als 100 km des Tara- und Drina-Wasserlaufes zur\u00fcckgelegt. Die schnellste Strecken, die gr\u00f6\u00dfte Wasserf\u00e4lle, die sch\u00f6nsten Gegenden \u2013 zwei volle Tage im Boot. F\u00fcr echte Naturfreunde der Natur und f\u00fcr den Kampf mit ihr. &nbsp; \u00a0 Programm:\u00a0 1. Tag: Ankunft im [&hellip;]\" \/>\n<meta property=\"og:url\" content=\"https:\/\/tara-rafting.com\/de\/adrenalin-spezial\/\" \/>\n<meta property=\"og:site_name\" content=\"Tara Rafting, DMD kamp. Najbolji rafting Tarom i Drinom, teambuilding, hiking. Rafting sezona 2026, ponude i cene.\" \/>\n<meta property=\"article:publisher\" content=\"https:\/\/www.facebook.com\/tara.rafting.dmd\" \/>\n<meta property=\"article:modified_time\" content=\"2025-02-26T12:42:30+00:00\" \/>\n<meta property=\"og:image\" content=\"http:\/\/tara-rafting.com\/wp-content\/uploads\/2020\/02\/AS-1600x600-de.jpg\" \/>\n<meta name=\"twitter:card\" content=\"summary_large_image\" \/>\n<meta name=\"twitter:site\" content=\"@tararaftingdmd\" \/>\n<meta name=\"twitter:label1\" content=\"Gesch\u00e4tzte Lesezeit\" \/>\n\t<meta name=\"twitter:data1\" content=\"3\u00a0Minuten\" \/>\n<script type=\"application\/ld+json\" class=\"yoast-schema-graph\">{\"@context\":\"https:\/\/schema.org\",\"@graph\":[{\"@type\":\"WebPage\",\"@id\":\"https:\/\/tara-rafting.com\/de\/adrenalin-spezial\/\",\"url\":\"https:\/\/tara-rafting.com\/de\/adrenalin-spezial\/\",\"name\":\"Adrenaline Spezial | Tara Rafting, DMD kamp. Najbolji rafting Tarom i Drinom, teambuilding, hiking. Rafting sezona 2026, ponude i cene.\",\"isPartOf\":{\"@id\":\"https:\/\/tara-rafting.com\/de\/#website\"},\"primaryImageOfPage\":{\"@id\":\"https:\/\/tara-rafting.com\/de\/adrenalin-spezial\/#primaryimage\"},\"image\":{\"@id\":\"https:\/\/tara-rafting.com\/de\/adrenalin-spezial\/#primaryimage\"},\"thumbnailUrl\":\"http:\/\/tara-rafting.com\/wp-content\/uploads\/2020\/02\/AS-1600x600-de.jpg\",\"datePublished\":\"2014-03-31T14:28:30+00:00\",\"dateModified\":\"2025-02-26T12:42:30+00:00\",\"breadcrumb\":{\"@id\":\"https:\/\/tara-rafting.com\/de\/adrenalin-spezial\/#breadcrumb\"},\"inLanguage\":\"de\",\"potentialAction\":[{\"@type\":\"ReadAction\",\"target\":[\"https:\/\/tara-rafting.com\/de\/adrenalin-spezial\/\"]}]},{\"@type\":\"ImageObject\",\"inLanguage\":\"de\",\"@id\":\"https:\/\/tara-rafting.com\/de\/adrenalin-spezial\/#primaryimage\",\"url\":\"http:\/\/tara-rafting.com\/wp-content\/uploads\/2020\/02\/AS-1600x600-de.jpg\",\"contentUrl\":\"http:\/\/tara-rafting.com\/wp-content\/uploads\/2020\/02\/AS-1600x600-de.jpg\"},{\"@type\":\"BreadcrumbList\",\"@id\":\"https:\/\/tara-rafting.com\/de\/adrenalin-spezial\/#breadcrumb\",\"itemListElement\":[{\"@type\":\"ListItem\",\"position\":1,\"name\":\"Home\",\"item\":\"https:\/\/tara-rafting.com\/de\/\"},{\"@type\":\"ListItem\",\"position\":2,\"name\":\"Adrenaline Spezial\"}]},{\"@type\":\"WebSite\",\"@id\":\"https:\/\/tara-rafting.com\/de\/#website\",\"url\":\"https:\/\/tara-rafting.com\/de\/\",\"name\":\"Tara Rafting, DMD kamp. Najbolji rafting Tarom i Drinom, teambuilding, hiking. Rafting sezona 2026, ponude i cene.\",\"description\":\"Tara Rafting\",\"publisher\":{\"@id\":\"https:\/\/tara-rafting.com\/de\/#organization\"},\"potentialAction\":[{\"@type\":\"SearchAction\",\"target\":{\"@type\":\"EntryPoint\",\"urlTemplate\":\"https:\/\/tara-rafting.com\/de\/?s={search_term_string}\"},\"query-input\":{\"@type\":\"PropertyValueSpecification\",\"valueRequired\":true,\"valueName\":\"search_term_string\"}}],\"inLanguage\":\"de\"},{\"@type\":\"Organization\",\"@id\":\"https:\/\/tara-rafting.com\/de\/#organization\",\"name\":\"Rafting kamp DMD\",\"url\":\"https:\/\/tara-rafting.com\/de\/\",\"logo\":{\"@type\":\"ImageObject\",\"inLanguage\":\"de\",\"@id\":\"https:\/\/tara-rafting.com\/de\/#\/schema\/logo\/image\/\",\"url\":\"https:\/\/tara-rafting.com\/wp-content\/uploads\/favicon144x144-apple.png\",\"contentUrl\":\"https:\/\/tara-rafting.com\/wp-content\/uploads\/favicon144x144-apple.png\",\"width\":144,\"height\":144,\"caption\":\"Rafting kamp DMD\"},\"image\":{\"@id\":\"https:\/\/tara-rafting.com\/de\/#\/schema\/logo\/image\/\"},\"sameAs\":[\"https:\/\/www.facebook.com\/tara.rafting.dmd\",\"https:\/\/x.com\/tararaftingdmd\"]}]}<\/script>\n<!-- \/ Yoast SEO plugin. -->","yoast_head_json":{"title":"Adrenaline Spezial | Tara Rafting, DMD kamp. Najbolji rafting Tarom i Drinom, teambuilding, hiking. Rafting sezona 2026, ponude i cene.","robots":{"index":"index","follow":"follow","max-snippet":"max-snippet:-1","max-image-preview":"max-image-preview:large","max-video-preview":"max-video-preview:-1"},"canonical":"https:\/\/tara-rafting.com\/de\/adrenalin-spezial\/","og_locale":"de_DE","og_type":"article","og_title":"Adrenaline Spezial | Tara Rafting, DMD kamp. Najbolji rafting Tarom i Drinom, teambuilding, hiking. Rafting sezona 2026, ponude i cene.","og_description":"Adrenaline Spezial \u00a0 Preis von 320\u20ac \u00a0 &nbsp; Das volle Erlebnis! Es werden mehr als 100 km des Tara- und Drina-Wasserlaufes zur\u00fcckgelegt. Die schnellste Strecken, die gr\u00f6\u00dfte Wasserf\u00e4lle, die sch\u00f6nsten Gegenden \u2013 zwei volle Tage im Boot. F\u00fcr echte Naturfreunde der Natur und f\u00fcr den Kampf mit ihr. &nbsp; \u00a0 Programm:\u00a0 1. Tag: Ankunft im [&hellip;]","og_url":"https:\/\/tara-rafting.com\/de\/adrenalin-spezial\/","og_site_name":"Tara Rafting, DMD kamp. Najbolji rafting Tarom i Drinom, teambuilding, hiking. Rafting sezona 2026, ponude i cene.","article_publisher":"https:\/\/www.facebook.com\/tara.rafting.dmd","article_modified_time":"2025-02-26T12:42:30+00:00","og_image":[{"url":"http:\/\/tara-rafting.com\/wp-content\/uploads\/2020\/02\/AS-1600x600-de.jpg","type":"","width":"","height":""}],"twitter_card":"summary_large_image","twitter_site":"@tararaftingdmd","twitter_misc":{"Gesch\u00e4tzte Lesezeit":"3\u00a0Minuten"},"schema":{"@context":"https:\/\/schema.org","@graph":[{"@type":"WebPage","@id":"https:\/\/tara-rafting.com\/de\/adrenalin-spezial\/","url":"https:\/\/tara-rafting.com\/de\/adrenalin-spezial\/","name":"Adrenaline Spezial | Tara Rafting, DMD kamp. Najbolji rafting Tarom i Drinom, teambuilding, hiking. Rafting sezona 2026, ponude i cene.","isPartOf":{"@id":"https:\/\/tara-rafting.com\/de\/#website"},"primaryImageOfPage":{"@id":"https:\/\/tara-rafting.com\/de\/adrenalin-spezial\/#primaryimage"},"image":{"@id":"https:\/\/tara-rafting.com\/de\/adrenalin-spezial\/#primaryimage"},"thumbnailUrl":"http:\/\/tara-rafting.com\/wp-content\/uploads\/2020\/02\/AS-1600x600-de.jpg","datePublished":"2014-03-31T14:28:30+00:00","dateModified":"2025-02-26T12:42:30+00:00","breadcrumb":{"@id":"https:\/\/tara-rafting.com\/de\/adrenalin-spezial\/#breadcrumb"},"inLanguage":"de","potentialAction":[{"@type":"ReadAction","target":["https:\/\/tara-rafting.com\/de\/adrenalin-spezial\/"]}]},{"@type":"ImageObject","inLanguage":"de","@id":"https:\/\/tara-rafting.com\/de\/adrenalin-spezial\/#primaryimage","url":"http:\/\/tara-rafting.com\/wp-content\/uploads\/2020\/02\/AS-1600x600-de.jpg","contentUrl":"http:\/\/tara-rafting.com\/wp-content\/uploads\/2020\/02\/AS-1600x600-de.jpg"},{"@type":"BreadcrumbList","@id":"https:\/\/tara-rafting.com\/de\/adrenalin-spezial\/#breadcrumb","itemListElement":[{"@type":"ListItem","position":1,"name":"Home","item":"https:\/\/tara-rafting.com\/de\/"},{"@type":"ListItem","position":2,"name":"Adrenaline Spezial"}]},{"@type":"WebSite","@id":"https:\/\/tara-rafting.com\/de\/#website","url":"https:\/\/tara-rafting.com\/de\/","name":"Tara Rafting, DMD kamp. Najbolji rafting Tarom i Drinom, teambuilding, hiking. Rafting sezona 2026, ponude i cene.","description":"Tara Rafting","publisher":{"@id":"https:\/\/tara-rafting.com\/de\/#organization"},"potentialAction":[{"@type":"SearchAction","target":{"@type":"EntryPoint","urlTemplate":"https:\/\/tara-rafting.com\/de\/?s={search_term_string}"},"query-input":{"@type":"PropertyValueSpecification","valueRequired":true,"valueName":"search_term_string"}}],"inLanguage":"de"},{"@type":"Organization","@id":"https:\/\/tara-rafting.com\/de\/#organization","name":"Rafting kamp DMD","url":"https:\/\/tara-rafting.com\/de\/","logo":{"@type":"ImageObject","inLanguage":"de","@id":"https:\/\/tara-rafting.com\/de\/#\/schema\/logo\/image\/","url":"https:\/\/tara-rafting.com\/wp-content\/uploads\/favicon144x144-apple.png","contentUrl":"https:\/\/tara-rafting.com\/wp-content\/uploads\/favicon144x144-apple.png","width":144,"height":144,"caption":"Rafting kamp DMD"},"image":{"@id":"https:\/\/tara-rafting.com\/de\/#\/schema\/logo\/image\/"},"sameAs":["https:\/\/www.facebook.com\/tara.rafting.dmd","https:\/\/x.com\/tararaftingdmd"]}]}},"_links":{"self":[{"href":"https:\/\/tara-rafting.com\/de\/wp-json\/wp\/v2\/pages\/4019","targetHints":{"allow":["GET"]}}],"collection":[{"href":"https:\/\/tara-rafting.com\/de\/wp-json\/wp\/v2\/pages"}],"about":[{"href":"https:\/\/tara-rafting.com\/de\/wp-json\/wp\/v2\/types\/page"}],"author":[{"embeddable":true,"href":"https:\/\/tara-rafting.com\/de\/wp-json\/wp\/v2\/users\/1"}],"replies":[{"embeddable":true,"href":"https:\/\/tara-rafting.com\/de\/wp-json\/wp\/v2\/comments?post=4019"}],"version-history":[{"count":12,"href":"https:\/\/tara-rafting.com\/de\/wp-json\/wp\/v2\/pages\/4019\/revisions"}],"predecessor-version":[{"id":10246,"href":"https:\/\/tara-rafting.com\/de\/wp-json\/wp\/v2\/pages\/4019\/revisions\/10246"}],"wp:attachment":[{"href":"https:\/\/tara-rafting.com\/de\/wp-json\/wp\/v2\/media?parent=4019"}],"curies":[{"name":"wp","href":"https:\/\/api.w.org\/{rel}","templated":true}]}}