{"id":4159,"date":"2014-03-24T12:15:29","date_gmt":"2014-03-24T12:15:29","guid":{"rendered":"http:\/\/tara-rafting.com\/aranzmani-2\/"},"modified":"2025-02-26T12:29:08","modified_gmt":"2025-02-26T12:29:08","slug":"arrangements","status":"publish","type":"page","link":"https:\/\/tara-rafting.com\/de\/arrangements\/","title":{"rendered":"Arrangements"},"content":{"rendered":"<p>[et_pb_section fb_built=&#8220;1&#8243; _builder_version=&#8220;4.19.4&#8243; _module_preset=&#8220;default&#8220; global_colors_info=&#8220;{}&#8220;][et_pb_row admin_label=&#8220;row&#8220; _builder_version=&#8220;4.16&#8243; background_size=&#8220;initial&#8220; background_position=&#8220;top_left&#8220; background_repeat=&#8220;repeat&#8220; global_colors_info=&#8220;{}&#8220;][et_pb_column type=&#8220;4_4&#8243; _builder_version=&#8220;4.16&#8243; custom_padding=&#8220;|||&#8220; global_colors_info=&#8220;{}&#8220; custom_padding__hover=&#8220;|||&#8220;][et_pb_text admin_label=&#8220;Text&#8220; _builder_version=&#8220;4.19.4&#8243; background_size=&#8220;initial&#8220; background_position=&#8220;top_left&#8220; background_repeat=&#8220;repeat&#8220; global_colors_info=&#8220;{}&#8220;]<\/p>\n<h3 style=\"text-align: center;\">Unsere Rafting-Angebote f\u00fcr die Saison 2025.<\/h3>\n<p style=\"text-align: center;\">Wenn Sie Ihre eigene Idee f\u00fcr einen Rafting-Urlaub auf dem Tara-Fluss bei uns im Camp haben, k\u00f6nnen wir unsere Angebote zum Rafting nat\u00fcrlich jederzeit kombinieren und ein Arrangement nach Ihren W\u00fcnschen erstellen.<\/p>\n<p>[\/et_pb_text][\/et_pb_column][\/et_pb_row][et_pb_row _builder_version=&#8220;4.19.4&#8243; _module_preset=&#8220;default&#8220; custom_margin=&#8220;|auto|40px|auto||&#8220; global_colors_info=&#8220;{}&#8220;][et_pb_column type=&#8220;4_4&#8243; _builder_version=&#8220;4.19.4&#8243; _module_preset=&#8220;default&#8220; global_colors_info=&#8220;{}&#8220;][et_pb_pricing_tables featured_table_background_color=&#8220;#FFFFFF&#8220; _builder_version=&#8220;4.19.4&#8243; _module_preset=&#8220;default&#8220; price_text_color=&#8220;rgba(33,33,33,0.66)&#8220; header_level=&#8220;h1&#8243; header_font=&#8220;||||||||&#8220; header_font_size=&#8220;22px&#8220; price_font=&#8220;Arial||||||||&#8220; price_font_size=&#8220;36px&#8220; price_line_height=&#8220;40px&#8220; custom_button=&#8220;on&#8220; button_text_size=&#8220;14px&#8220; button_font=&#8220;|600|||||||&#8220; button_custom_margin=&#8220;2px|2px|2px|2px|false|false&#8220; button_custom_padding=&#8220;2px|2px|2px|2px|false|false&#8220; custom_margin=&#8220;||||false|false&#8220; custom_padding=&#8220;|12px||0px|false|false&#8220; border_width_all=&#8220;0px&#8220; border_color_all=&#8220;#cccccc&#8220; border_style_all=&#8220;groove&#8220; global_colors_info=&#8220;{}&#8220;][et_pb_pricing_table title=&#8220;Adrenalin 1 \u2013 Tagesausflug&#8220; sum=&#8220;von 70\u20ac&#8220; button_url=&#8220;https:\/\/tara-rafting.com\/de\/adrenalin-1-tagesausflug\/&#8220; button_text=&#8220;Mehr Infos&#8220; bullet_color=&#8220;RGBA(255,255,255,0)&#8220; _builder_version=&#8220;4.19.4&#8243; _module_preset=&#8220;default&#8220; price_font=&#8220;||||||||&#8220; currency_frequency_font=&#8220;||||||||&#8220; custom_button=&#8220;on&#8220; button_use_icon=&#8220;off&#8220; transform_translate=&#8220;-19px|0px&#8220; custom_padding=&#8220;8px||8px||false|false&#8220; custom_css_pricing_heading=&#8220;background:#3d6791;&#8220; header_text_shadow_style=&#8220;preset3&#8243; border_style_all=&#8220;ridge&#8220; box_shadow_style=&#8220;preset1&#8243; box_shadow_style_button=&#8220;preset1&#8243; global_colors_info=&#8220;{}&#8220; sticky_transition=&#8220;on&#8220;]<\/p>\n<p><a href=\"https:\/\/tara-rafting.com\/de\/adrenalin-1-tagesausflug\/\"><\/a><a href=\"https:\/\/tara-rafting.com\/de\/adrenalin-1-tagesausflug\/\"><img loading=\"lazy\" decoding=\"async\" class=\"image-opacity-effect1\" src=\"http:\/\/tara-rafting.com\/wp-content\/uploads\/2020\/02\/A1-800x532-de-1.jpg\" width=\"800\" height=\"532\" alt=\"Adrenalin 1 \u2013 Tagesausflug\" \/><\/a><a href=\"https:\/\/tara-rafting.com\/de\/adrenalin-1-tagesausflug\/\"><\/a><br \/><span>Fr\u00fchst\u00fcck im DMD-Camp<\/span><br \/><span>Mittagessen im DMD-Camp<\/span><br \/><span>Rafting-Ausr\u00fcstung<\/span><br \/><span>1 Rafting in unseren Booten<\/span><br \/><span>Fahrt nach Br\u0161tenovica mit unseren Kombis<\/span><\/p>\n<p>[\/et_pb_pricing_table][et_pb_pricing_table featured=&#8220;on&#8220; title=&#8220;Adrenalin 2 \u2013 Rafting auf der Tara und Drina&#8220; sum=&#8220;von 100\u20ac&#8220; button_url=&#8220;https:\/\/tara-rafting.com\/de\/adrenalin-2-rafting-auf-der-tara-und-drina\/&#8220; button_text=&#8220;Mehr Infos&#8220; bullet_color=&#8220;RGBA(255,255,255,0)&#8220; _builder_version=&#8220;4.19.4&#8243; _module_preset=&#8220;default&#8220; custom_button=&#8220;on&#8220; button_use_icon=&#8220;off&#8220; custom_padding=&#8220;8px||8px||false|false&#8220; custom_css_pricing_heading=&#8220;background:#b84f28;&#8220; header_text_shadow_style=&#8220;preset3&#8243; border_style_all=&#8220;ridge&#8220; box_shadow_style=&#8220;preset1&#8243; box_shadow_style_button=&#8220;preset1&#8243; global_colors_info=&#8220;{}&#8220; sticky_transition=&#8220;on&#8220;]<\/p>\n<p><a href=\"https:\/\/tara-rafting.com\/de\/adrenalin-2-rafting-auf-der-tara-und-drina\/\"><\/a><a href=\"https:\/\/tara-rafting.com\/de\/adrenalin-2-rafting-auf-der-tara-und-drina\/\"><img loading=\"lazy\" decoding=\"async\" class=\"image-opacity-effect1\" src=\"http:\/\/tara-rafting.com\/wp-content\/uploads\/2020\/02\/A2-800x532-de.jpg\" width=\"800\" height=\"532\" alt=\"Adrenalin 2 \u2013 Rafting auf der Tara und Drina\" \/><\/a><a href=\"https:\/\/tara-rafting.com\/de\/adrenalin-2-rafting-auf-der-tara-und-drina\/\"><\/a><\/p>\n<div class=\"rpt_feature rpt_feature_1-1\"><span>1 Vollpension im Camp (3 Mahlzeiten + 1 \u00dcbernachtung)<\/span><\/div>\n<div class=\"rpt_feature rpt_feature_1-2\"><i class=\"fa-li fa fa-check\"><\/i><span>Rafting-Ausr\u00fcstung<\/span><\/div>\n<div class=\"rpt_feature rpt_feature_1-3\"><span>1 Rafting in unseren Booten<\/span><\/div>\n<div class=\"rpt_feature rpt_feature_1-4\"><span>Fahrt nach Br\u0161tenovica mit unseren Kombis<\/span><\/div>\n<p>[\/et_pb_pricing_table][et_pb_pricing_table title=&#8220;Adrenalin 3 \u2013 Rafting auf der Tara und Drina&#8220; sum=&#8220;von 120\u20ac&#8220; button_url=&#8220;https:\/\/tara-rafting.com\/de\/adrenalin-3-rafting-auf-der-tara-und-drina\/&#8220; button_text=&#8220;Mehr Infos&#8220; bullet_color=&#8220;RGBA(255,255,255,0)&#8220; _builder_version=&#8220;4.19.4&#8243; _module_preset=&#8220;default&#8220; custom_button=&#8220;on&#8220; button_use_icon=&#8220;off&#8220; transform_translate=&#8220;19px|0px&#8220; transform_translate_linked=&#8220;off&#8220; custom_padding=&#8220;8px||8px||false|false&#8220; custom_css_pricing_heading=&#8220;background:#573479;&#8220; header_text_shadow_style=&#8220;preset3&#8243; border_style_all=&#8220;ridge&#8220; box_shadow_style=&#8220;preset1&#8243; box_shadow_style_button=&#8220;preset1&#8243; global_colors_info=&#8220;{}&#8220; sticky_transition=&#8220;on&#8220;]<\/p>\n<p><a href=\"https:\/\/tara-rafting.com\/de\/adrenalin-3-rafting-auf-der-tara-und-drina\/\"><\/a><a href=\"https:\/\/tara-rafting.com\/de\/adrenalin-3-rafting-auf-der-tara-und-drina\/\"><img loading=\"lazy\" decoding=\"async\" class=\"image-opacity-effect1\" src=\"http:\/\/tara-rafting.com\/wp-content\/uploads\/2020\/02\/A3-800x532-de.jpg\" width=\"800\" height=\"532\" alt=\"Adrenalin 3 \u2013 Rafting auf der Tara und Drina\" \/><\/a><a href=\"https:\/\/tara-rafting.com\/de\/adrenalin-3-rafting-auf-der-tara-und-drina\/\"><\/a><\/p>\n<p><span>Zweit\u00e4giges Arrangement (5 Mahlzeiten + 2 \u00dcbernachtungen)<\/span><br \/><i class=\"fa-li fa fa-check\"><\/i><span>Rafting-Ausr\u00fcstung<\/span><br \/><span>1 Rafting in unseren Booten<\/span><br \/><span>Fahrt nach Br\u0161tenovica mit unseren Kombis<\/span><\/p>\n<p>[\/et_pb_pricing_table][\/et_pb_pricing_tables][\/et_pb_column][\/et_pb_row][et_pb_row _builder_version=&#8220;4.19.4&#8243; _module_preset=&#8220;default&#8220; custom_padding=&#8220;3px|||||&#8220; global_colors_info=&#8220;{}&#8220;][et_pb_column type=&#8220;4_4&#8243; _builder_version=&#8220;4.19.4&#8243; _module_preset=&#8220;default&#8220; global_colors_info=&#8220;{}&#8220;][et_pb_pricing_tables featured_table_background_color=&#8220;#FFFFFF&#8220; admin_label=&#8220;Cenovnici A4, AS-GER&#8220; _builder_version=&#8220;4.19.4&#8243; _module_preset=&#8220;default&#8220; price_text_color=&#8220;rgba(33,33,33,0.66)&#8220; header_level=&#8220;h1&#8243; header_font=&#8220;||||||||&#8220; header_font_size=&#8220;22px&#8220; price_font=&#8220;Arial||||||||&#8220; price_font_size=&#8220;36px&#8220; price_line_height=&#8220;40px&#8220; custom_button=&#8220;on&#8220; button_text_size=&#8220;14px&#8220; button_font=&#8220;|600|||||||&#8220; button_custom_margin=&#8220;2px|2px|2px|2px|false|false&#8220; button_custom_padding=&#8220;2px|2px|2px|2px|false|false&#8220; custom_margin=&#8220;0px||||false|false&#8220; custom_padding=&#8220;|12px||0px|false|false&#8220; border_width_all=&#8220;0px&#8220; border_color_all=&#8220;#cccccc&#8220; border_style_all=&#8220;groove&#8220; global_colors_info=&#8220;{}&#8220;][et_pb_pricing_table title=&#8220;Adrenalin 4 \u2013 Rafting auf der Tara und Drina&#8220; sum=&#8220;von 160\u20ac&#8220; button_url=&#8220;https:\/\/tara-rafting.com\/de\/adrenalin-4-rafting-auf-der-tara-und-drina\/&#8220; button_text=&#8220;Mehr Infos&#8220; bullet_color=&#8220;RGBA(255,255,255,0)&#8220; header_background_color=&#8220;#6bccc3&#8243; _builder_version=&#8220;4.19.4&#8243; _module_preset=&#8220;default&#8220; price_font=&#8220;||||||||&#8220; currency_frequency_font=&#8220;||||||||&#8220; custom_button=&#8220;on&#8220; button_use_icon=&#8220;off&#8220; transform_translate=&#8220;-19px|0px&#8220; custom_padding=&#8220;8px||8px||false|false&#8220; custom_css_pricing_heading=&#8220;background:#3d6791;&#8220; header_text_shadow_style=&#8220;preset3&#8243; border_style_all=&#8220;ridge&#8220; box_shadow_style=&#8220;preset1&#8243; box_shadow_style_button=&#8220;preset1&#8243; global_colors_info=&#8220;{}&#8220; sticky_transition=&#8220;on&#8220;]<\/p>\n<p><a href=\"https:\/\/tara-rafting.com\/de\/adrenalin-1-tagesausflug\/\"><\/a><a href=\"https:\/\/tara-rafting.com\/de\/adrenalin-4-rafting-auf-der-tara-und-drina\/\"><\/a><a href=\"https:\/\/tara-rafting.com\/de\/adrenalin-4-rafting-auf-der-tara-und-drina\/\"><img loading=\"lazy\" decoding=\"async\" class=\"image-opacity-effect1\" src=\"http:\/\/tara-rafting.com\/wp-content\/uploads\/2020\/02\/A4-800x532-de.jpg\" width=\"800\" height=\"532\" alt=\"Adrenalin Spezial \u2013 Rafting auf der Tara und Drina\" \/><\/a><a href=\"https:\/\/tara-rafting.com\/de\/adrenalin-4-rafting-auf-der-tara-und-drina\/\"><\/a><br \/><i class=\"fa-li fa fa-check\"><\/i><span>Zweit\u00e4giges Arrangement (6 Mahlzeiten + 2 \u00dcbernachtungen)<\/span><br \/><span>2 Raftingtouren in unseren Booten<\/span><br \/><i class=\"fa-li fa fa-check\"><\/i><span>Fahrt nach Br\u0161tenovica mit unseren Kombis<\/span><br \/><span>Rafting-Ausr\u00fcstung<\/span><\/p>\n<p>[\/et_pb_pricing_table][et_pb_pricing_table title=&#8220;Adrenalin Spezial \u2013 Rafting auf der Tara und Drina&#8220; sum=&#8220;von 320\u20ac&#8220; button_url=&#8220;https:\/\/tara-rafting.com\/de\/adrenalin-spezial\/&#8220; button_text=&#8220;Mehr Infos&#8220; bullet_color=&#8220;RGBA(255,255,255,0)&#8220; header_background_color=&#8220;#e55e60&#8243; _builder_version=&#8220;4.19.4&#8243; _module_preset=&#8220;default&#8220; custom_button=&#8220;on&#8220; button_use_icon=&#8220;off&#8220; custom_padding=&#8220;8px||8px||false|false&#8220; custom_css_pricing_heading=&#8220;background:#b84f28;&#8220; header_text_shadow_style=&#8220;preset3&#8243; border_style_all=&#8220;ridge&#8220; box_shadow_style=&#8220;preset1&#8243; box_shadow_style_button=&#8220;preset1&#8243; global_colors_info=&#8220;{}&#8220; sticky_transition=&#8220;on&#8220;]<\/p>\n<p><a href=\"https:\/\/tara-rafting.com\/de\/adrenalin-spezial\/\"><\/a><a href=\"https:\/\/tara-rafting.com\/de\/adrenalin-spezial\/\"><img loading=\"lazy\" decoding=\"async\" class=\"image-opacity-effect1\" src=\"http:\/\/tara-rafting.com\/wp-content\/uploads\/2020\/02\/AS-800x532-de.jpg\" width=\"800\" height=\"532\" alt=\"Adrenalin Spezial \u2013 Rafting auf der Tara und Drina\" \/><\/a><a href=\"https:\/\/tara-rafting.com\/de\/adrenalin-spezial\/\"><\/a><\/p>\n<div class=\"rpt_feature rpt_feature_1-1\"><span>Dreit\u00e4giges Arrangement (8 Mahlzeiten + 3 \u00dcbernachtungen)<\/span><\/div>\n<div class=\"rpt_feature rpt_feature_1-2\"><span>2 Raftingtouren auf der Tara und Drina<\/span><\/div>\n<div class=\"rpt_feature rpt_feature_1-3\"><span>Transport nach \u017dabljak in unseren Kombis<\/span><\/div>\n<div class=\"rpt_feature rpt_feature_1-4\"><span>Rafting-Ausr\u00fcstung<\/span><\/div>\n<p>[\/et_pb_pricing_table][\/et_pb_pricing_tables][\/et_pb_column][\/et_pb_row][\/et_pb_section]<\/p>\n","protected":false},"excerpt":{"rendered":"<p>Unsere Rafting-Angebote f\u00fcr die Saison 2025. Wenn Sie Ihre eigene Idee f\u00fcr einen Rafting-Urlaub auf dem Tara-Fluss bei uns im Camp haben, k\u00f6nnen wir unsere Angebote zum Rafting nat\u00fcrlich jederzeit kombinieren und ein Arrangement nach Ihren W\u00fcnschen erstellen.Fr\u00fchst\u00fcck im DMD-CampMittagessen im DMD-CampRafting-Ausr\u00fcstung1 Rafting in unseren BootenFahrt nach Br\u0161tenovica mit unseren Kombis 1 Vollpension im Camp [&hellip;]<\/p>\n","protected":false},"author":1,"featured_media":0,"parent":0,"menu_order":0,"comment_status":"closed","ping_status":"open","template":"","meta":{"_et_pb_use_builder":"on","_et_pb_old_content":"<h3 style=\"text-align: center;\">Na\u0161e rafting ponude za sezonu 2022.<\/h3>\r\n<p style=\"text-align: center;\">Naravno ukoliko imate svoju ideju za rafting odmor na reci Tari kod nas u kampu, uvek mo\u017eemo za vas da iskombinujemo na\u0161e ponude za rafting i kreiramo aran\u017eman po va\u0161oj \u017eelji.<\/p>\r\n\u00a0\r\n[ut_pricing id=\"2949\"]\r\n[ut_pricing id=\"3418\"]","_et_gb_content_width":"","ngg_post_thumbnail":0,"footnotes":""},"class_list":["post-4159","page","type-page","status-publish","hentry"],"yoast_head":"<!-- This site is optimized with the Yoast SEO plugin v27.1.1 - https:\/\/yoast.com\/product\/yoast-seo-wordpress\/ -->\n<title>Rafting angebote 2025 | Tara Rafting, DMD kamp. Najbolji rafting Tarom i Drinom, teambuilding, hiking. Rafting sezona 2026, ponude i cene.<\/title>\n<meta name=\"robots\" content=\"index, follow, max-snippet:-1, max-image-preview:large, max-video-preview:-1\" \/>\n<link rel=\"canonical\" href=\"https:\/\/tara-rafting.com\/de\/arrangements\/\" \/>\n<meta property=\"og:locale\" content=\"de_DE\" \/>\n<meta property=\"og:type\" content=\"article\" \/>\n<meta property=\"og:title\" content=\"Rafting angebote 2025 | Tara Rafting, DMD kamp. Najbolji rafting Tarom i Drinom, teambuilding, hiking. Rafting sezona 2026, ponude i cene.\" \/>\n<meta property=\"og:description\" content=\"Unsere Rafting-Angebote f\u00fcr die Saison 2025. Wenn Sie Ihre eigene Idee f\u00fcr einen Rafting-Urlaub auf dem Tara-Fluss bei uns im Camp haben, k\u00f6nnen wir unsere Angebote zum Rafting nat\u00fcrlich jederzeit kombinieren und ein Arrangement nach Ihren W\u00fcnschen erstellen.Fr\u00fchst\u00fcck im DMD-CampMittagessen im DMD-CampRafting-Ausr\u00fcstung1 Rafting in unseren BootenFahrt nach Br\u0161tenovica mit unseren Kombis 1 Vollpension im Camp [&hellip;]\" \/>\n<meta property=\"og:url\" content=\"https:\/\/tara-rafting.com\/de\/arrangements\/\" \/>\n<meta property=\"og:site_name\" content=\"Tara Rafting, DMD kamp. Najbolji rafting Tarom i Drinom, teambuilding, hiking. Rafting sezona 2026, ponude i cene.\" \/>\n<meta property=\"article:publisher\" content=\"https:\/\/www.facebook.com\/tara.rafting.dmd\" \/>\n<meta property=\"article:modified_time\" content=\"2025-02-26T12:29:08+00:00\" \/>\n<meta property=\"og:image\" content=\"http:\/\/tara-rafting.com\/wp-content\/uploads\/2020\/02\/A1-800x532-de-1.jpg\" \/>\n<meta name=\"twitter:card\" content=\"summary_large_image\" \/>\n<meta name=\"twitter:site\" content=\"@tararaftingdmd\" \/>\n<meta name=\"twitter:label1\" content=\"Gesch\u00e4tzte Lesezeit\" \/>\n\t<meta name=\"twitter:data1\" content=\"3\u00a0Minuten\" \/>\n<script type=\"application\/ld+json\" class=\"yoast-schema-graph\">{\"@context\":\"https:\/\/schema.org\",\"@graph\":[{\"@type\":\"WebPage\",\"@id\":\"https:\/\/tara-rafting.com\/de\/arrangements\/\",\"url\":\"https:\/\/tara-rafting.com\/de\/arrangements\/\",\"name\":\"Rafting angebote 2025 | Tara Rafting, DMD kamp. Najbolji rafting Tarom i Drinom, teambuilding, hiking. Rafting sezona 2026, ponude i cene.\",\"isPartOf\":{\"@id\":\"https:\/\/tara-rafting.com\/de\/#website\"},\"primaryImageOfPage\":{\"@id\":\"https:\/\/tara-rafting.com\/de\/arrangements\/#primaryimage\"},\"image\":{\"@id\":\"https:\/\/tara-rafting.com\/de\/arrangements\/#primaryimage\"},\"thumbnailUrl\":\"http:\/\/tara-rafting.com\/wp-content\/uploads\/2020\/02\/A1-800x532-de-1.jpg\",\"datePublished\":\"2014-03-24T12:15:29+00:00\",\"dateModified\":\"2025-02-26T12:29:08+00:00\",\"breadcrumb\":{\"@id\":\"https:\/\/tara-rafting.com\/de\/arrangements\/#breadcrumb\"},\"inLanguage\":\"de\",\"potentialAction\":[{\"@type\":\"ReadAction\",\"target\":[\"https:\/\/tara-rafting.com\/de\/arrangements\/\"]}]},{\"@type\":\"ImageObject\",\"inLanguage\":\"de\",\"@id\":\"https:\/\/tara-rafting.com\/de\/arrangements\/#primaryimage\",\"url\":\"http:\/\/tara-rafting.com\/wp-content\/uploads\/2020\/02\/A1-800x532-de-1.jpg\",\"contentUrl\":\"http:\/\/tara-rafting.com\/wp-content\/uploads\/2020\/02\/A1-800x532-de-1.jpg\"},{\"@type\":\"BreadcrumbList\",\"@id\":\"https:\/\/tara-rafting.com\/de\/arrangements\/#breadcrumb\",\"itemListElement\":[{\"@type\":\"ListItem\",\"position\":1,\"name\":\"Home\",\"item\":\"https:\/\/tara-rafting.com\/de\/\"},{\"@type\":\"ListItem\",\"position\":2,\"name\":\"Arrangements\"}]},{\"@type\":\"WebSite\",\"@id\":\"https:\/\/tara-rafting.com\/de\/#website\",\"url\":\"https:\/\/tara-rafting.com\/de\/\",\"name\":\"Tara Rafting, DMD kamp. Najbolji rafting Tarom i Drinom, teambuilding, hiking. Rafting sezona 2026, ponude i cene.\",\"description\":\"Tara Rafting\",\"publisher\":{\"@id\":\"https:\/\/tara-rafting.com\/de\/#organization\"},\"potentialAction\":[{\"@type\":\"SearchAction\",\"target\":{\"@type\":\"EntryPoint\",\"urlTemplate\":\"https:\/\/tara-rafting.com\/de\/?s={search_term_string}\"},\"query-input\":{\"@type\":\"PropertyValueSpecification\",\"valueRequired\":true,\"valueName\":\"search_term_string\"}}],\"inLanguage\":\"de\"},{\"@type\":\"Organization\",\"@id\":\"https:\/\/tara-rafting.com\/de\/#organization\",\"name\":\"Rafting kamp DMD\",\"url\":\"https:\/\/tara-rafting.com\/de\/\",\"logo\":{\"@type\":\"ImageObject\",\"inLanguage\":\"de\",\"@id\":\"https:\/\/tara-rafting.com\/de\/#\/schema\/logo\/image\/\",\"url\":\"https:\/\/tara-rafting.com\/wp-content\/uploads\/favicon144x144-apple.png\",\"contentUrl\":\"https:\/\/tara-rafting.com\/wp-content\/uploads\/favicon144x144-apple.png\",\"width\":144,\"height\":144,\"caption\":\"Rafting kamp DMD\"},\"image\":{\"@id\":\"https:\/\/tara-rafting.com\/de\/#\/schema\/logo\/image\/\"},\"sameAs\":[\"https:\/\/www.facebook.com\/tara.rafting.dmd\",\"https:\/\/x.com\/tararaftingdmd\"]}]}<\/script>\n<!-- \/ Yoast SEO plugin. -->","yoast_head_json":{"title":"Rafting angebote 2025 | Tara Rafting, DMD kamp. Najbolji rafting Tarom i Drinom, teambuilding, hiking. Rafting sezona 2026, ponude i cene.","robots":{"index":"index","follow":"follow","max-snippet":"max-snippet:-1","max-image-preview":"max-image-preview:large","max-video-preview":"max-video-preview:-1"},"canonical":"https:\/\/tara-rafting.com\/de\/arrangements\/","og_locale":"de_DE","og_type":"article","og_title":"Rafting angebote 2025 | Tara Rafting, DMD kamp. Najbolji rafting Tarom i Drinom, teambuilding, hiking. Rafting sezona 2026, ponude i cene.","og_description":"Unsere Rafting-Angebote f\u00fcr die Saison 2025. Wenn Sie Ihre eigene Idee f\u00fcr einen Rafting-Urlaub auf dem Tara-Fluss bei uns im Camp haben, k\u00f6nnen wir unsere Angebote zum Rafting nat\u00fcrlich jederzeit kombinieren und ein Arrangement nach Ihren W\u00fcnschen erstellen.Fr\u00fchst\u00fcck im DMD-CampMittagessen im DMD-CampRafting-Ausr\u00fcstung1 Rafting in unseren BootenFahrt nach Br\u0161tenovica mit unseren Kombis 1 Vollpension im Camp [&hellip;]","og_url":"https:\/\/tara-rafting.com\/de\/arrangements\/","og_site_name":"Tara Rafting, DMD kamp. Najbolji rafting Tarom i Drinom, teambuilding, hiking. Rafting sezona 2026, ponude i cene.","article_publisher":"https:\/\/www.facebook.com\/tara.rafting.dmd","article_modified_time":"2025-02-26T12:29:08+00:00","og_image":[{"url":"http:\/\/tara-rafting.com\/wp-content\/uploads\/2020\/02\/A1-800x532-de-1.jpg","type":"","width":"","height":""}],"twitter_card":"summary_large_image","twitter_site":"@tararaftingdmd","twitter_misc":{"Gesch\u00e4tzte Lesezeit":"3\u00a0Minuten"},"schema":{"@context":"https:\/\/schema.org","@graph":[{"@type":"WebPage","@id":"https:\/\/tara-rafting.com\/de\/arrangements\/","url":"https:\/\/tara-rafting.com\/de\/arrangements\/","name":"Rafting angebote 2025 | Tara Rafting, DMD kamp. Najbolji rafting Tarom i Drinom, teambuilding, hiking. Rafting sezona 2026, ponude i cene.","isPartOf":{"@id":"https:\/\/tara-rafting.com\/de\/#website"},"primaryImageOfPage":{"@id":"https:\/\/tara-rafting.com\/de\/arrangements\/#primaryimage"},"image":{"@id":"https:\/\/tara-rafting.com\/de\/arrangements\/#primaryimage"},"thumbnailUrl":"http:\/\/tara-rafting.com\/wp-content\/uploads\/2020\/02\/A1-800x532-de-1.jpg","datePublished":"2014-03-24T12:15:29+00:00","dateModified":"2025-02-26T12:29:08+00:00","breadcrumb":{"@id":"https:\/\/tara-rafting.com\/de\/arrangements\/#breadcrumb"},"inLanguage":"de","potentialAction":[{"@type":"ReadAction","target":["https:\/\/tara-rafting.com\/de\/arrangements\/"]}]},{"@type":"ImageObject","inLanguage":"de","@id":"https:\/\/tara-rafting.com\/de\/arrangements\/#primaryimage","url":"http:\/\/tara-rafting.com\/wp-content\/uploads\/2020\/02\/A1-800x532-de-1.jpg","contentUrl":"http:\/\/tara-rafting.com\/wp-content\/uploads\/2020\/02\/A1-800x532-de-1.jpg"},{"@type":"BreadcrumbList","@id":"https:\/\/tara-rafting.com\/de\/arrangements\/#breadcrumb","itemListElement":[{"@type":"ListItem","position":1,"name":"Home","item":"https:\/\/tara-rafting.com\/de\/"},{"@type":"ListItem","position":2,"name":"Arrangements"}]},{"@type":"WebSite","@id":"https:\/\/tara-rafting.com\/de\/#website","url":"https:\/\/tara-rafting.com\/de\/","name":"Tara Rafting, DMD kamp. Najbolji rafting Tarom i Drinom, teambuilding, hiking. Rafting sezona 2026, ponude i cene.","description":"Tara Rafting","publisher":{"@id":"https:\/\/tara-rafting.com\/de\/#organization"},"potentialAction":[{"@type":"SearchAction","target":{"@type":"EntryPoint","urlTemplate":"https:\/\/tara-rafting.com\/de\/?s={search_term_string}"},"query-input":{"@type":"PropertyValueSpecification","valueRequired":true,"valueName":"search_term_string"}}],"inLanguage":"de"},{"@type":"Organization","@id":"https:\/\/tara-rafting.com\/de\/#organization","name":"Rafting kamp DMD","url":"https:\/\/tara-rafting.com\/de\/","logo":{"@type":"ImageObject","inLanguage":"de","@id":"https:\/\/tara-rafting.com\/de\/#\/schema\/logo\/image\/","url":"https:\/\/tara-rafting.com\/wp-content\/uploads\/favicon144x144-apple.png","contentUrl":"https:\/\/tara-rafting.com\/wp-content\/uploads\/favicon144x144-apple.png","width":144,"height":144,"caption":"Rafting kamp DMD"},"image":{"@id":"https:\/\/tara-rafting.com\/de\/#\/schema\/logo\/image\/"},"sameAs":["https:\/\/www.facebook.com\/tara.rafting.dmd","https:\/\/x.com\/tararaftingdmd"]}]}},"_links":{"self":[{"href":"https:\/\/tara-rafting.com\/de\/wp-json\/wp\/v2\/pages\/4159","targetHints":{"allow":["GET"]}}],"collection":[{"href":"https:\/\/tara-rafting.com\/de\/wp-json\/wp\/v2\/pages"}],"about":[{"href":"https:\/\/tara-rafting.com\/de\/wp-json\/wp\/v2\/types\/page"}],"author":[{"embeddable":true,"href":"https:\/\/tara-rafting.com\/de\/wp-json\/wp\/v2\/users\/1"}],"replies":[{"embeddable":true,"href":"https:\/\/tara-rafting.com\/de\/wp-json\/wp\/v2\/comments?post=4159"}],"version-history":[{"count":23,"href":"https:\/\/tara-rafting.com\/de\/wp-json\/wp\/v2\/pages\/4159\/revisions"}],"predecessor-version":[{"id":10235,"href":"https:\/\/tara-rafting.com\/de\/wp-json\/wp\/v2\/pages\/4159\/revisions\/10235"}],"wp:attachment":[{"href":"https:\/\/tara-rafting.com\/de\/wp-json\/wp\/v2\/media?parent=4159"}],"curies":[{"name":"wp","href":"https:\/\/api.w.org\/{rel}","templated":true}]}}