{"id":4673,"date":"2014-05-04T20:36:18","date_gmt":"2014-05-04T20:36:18","guid":{"rendered":"http:\/\/tara-rafting.com\/?page_id=4673"},"modified":"2014-05-04T20:36:18","modified_gmt":"2014-05-04T20:36:18","slug":"tara-unberuhrte-natur","status":"publish","type":"page","link":"https:\/\/tara-rafting.com\/de\/tara-unberuhrte-natur\/","title":{"rendered":"Tara \u2013 Unber\u00fchrte Natur"},"content":{"rendered":"<div  class=\"ut-one-half  \">\n<p><div id=\"attachment_2449\" style=\"width: 910px\" class=\"wp-caption alignnone\"><a href=\"http:\/\/tara-rafting.com\/wp-content\/uploads\/2014\/04\/TaraNature1.jpg\"><img loading=\"lazy\" decoding=\"async\" aria-describedby=\"caption-attachment-2449\" class=\"size-full wp-image-2449   \" alt=\"DMD Kamp - Tara Rafting\" src=\"http:\/\/tara-rafting.com\/wp-content\/uploads\/2014\/04\/TaraNature1.jpg\" width=\"900\" height=\"605\" \/><\/a><p id=\"caption-attachment-2449\" class=\"wp-caption-text\">Reflip Team<\/p><\/div><\/p>\n<\/div>\n<div  class=\"ut-one-half ut-column-last  \">\n<p><div id=\"attachment_2449\" style=\"width: 910px\" class=\"wp-caption alignnone\"><a href=\"http:\/\/tara-rafting.com\/wp-content\/uploads\/2014\/04\/TaraNature21.jpg\"><img loading=\"lazy\" decoding=\"async\" aria-describedby=\"caption-attachment-2449\" class=\"size-full wp-image-2449   \" alt=\"DMD Kamp - Tara Rafting\" src=\"http:\/\/tara-rafting.com\/wp-content\/uploads\/2014\/04\/TaraNature21.jpg\" width=\"900\" height=\"605\" \/><\/a><p id=\"caption-attachment-2449\" class=\"wp-caption-text\">DMD Kamp &#8211; Tara Rafting<\/p><\/div>f<\/p>\n<\/div><div class=\"clear\"><\/div>\n<p><span style=\"font-size: x-large;\"><strong>Der Fluss Tara \u2013 Die Tr\u00e4ne Europas<\/strong><\/span><\/p>\n<p>Erst, wenn sie in Bosnien und Herzegowina hineinflie\u00dft, verbindet sich die Tara mit der Piva und bildet einen ungew\u00f6hnlich gr\u00fcnen Fluss: die Drina. Nur wenige Kilometer Fluss abw\u00e4rts von der Quelle des Drina-Flusses befindet sich in einem malerischen Tal unser Camp.<br \/>\nWussten sie schon, dass Drina zu den saubersten Wasserl\u00e4ufen Europas geh\u00f6rt?<br \/>\nIn wilden Gebirgen, Schluchten und isolierter Gegend liegend, flie\u00dft diese nat\u00fcrliche Wasserscheide ihren 346 Kilometer langen Lauf. Wegen der hohen Konzentration von aufgel\u00f6stem Kalk ist die Drina f\u00fcr ihre gr\u00fcne Farbe bekannt und wird im Volksmund auch Zelenika oder Zelenka (Stechpalme oder Christdorn) genannt. Die Drina gilt als einer der sch\u00f6nsten Fl\u00fcsse des Balkans, weil sie im Oberlauf zahlreiche M\u00e4ander formt, die durch Klammen und T\u00e4ler flie\u03b2en. Sie flie\u03b2t von S\u00fcden nach Norden und m\u00fcndet in den Save-Fluss. <\/p>\n<div  class=\"ut-one-half  \">\n<p><div id=\"attachment_2449\" style=\"width: 910px\" class=\"wp-caption alignnone\"><a href=\"http:\/\/tara-rafting.com\/wp-content\/uploads\/2014\/04\/TaraNAture4.jpg\"><img loading=\"lazy\" decoding=\"async\" aria-describedby=\"caption-attachment-2449\" class=\"size-full wp-image-2449   \" alt=\"DMD Kamp - Tara Rafting\" src=\"http:\/\/tara-rafting.com\/wp-content\/uploads\/2014\/04\/TaraNAture4.jpg\" width=\"900\" height=\"605\" \/><\/a><p id=\"caption-attachment-2449\" class=\"wp-caption-text\">Reflip Team<\/p><\/div><\/p>\n<\/div>\n<div  class=\"ut-one-half ut-column-last  \">\n<p><div id=\"attachment_2449\" style=\"width: 910px\" class=\"wp-caption alignnone\"><a href=\"http:\/\/tara-rafting.com\/wp-content\/uploads\/2014\/04\/TaraNature3.jpg\"><img loading=\"lazy\" decoding=\"async\" aria-describedby=\"caption-attachment-2449\" class=\"size-full wp-image-2449   \" alt=\"DMD Kamp - Tara Rafting\" src=\"http:\/\/tara-rafting.com\/wp-content\/uploads\/2014\/04\/TaraNature3.jpg\" width=\"900\" height=\"605\" \/><\/a><p id=\"caption-attachment-2449\" class=\"wp-caption-text\">DMD Kamp &#8211; Tara Rafting<\/p><\/div><\/p>\n<\/div><div class=\"clear\"><\/div>\n<p>Die Tier- und Pflanzenwelt in diesem Teil des Balkans ist nicht nur selten sondern auch wild, unber\u00fchrt und reich, und stellt noch ein wichtiges Merkmal der wundersch\u00f6nen Felskanten der Tara-Schlucht und der Drina-Stromschnellen dar. In der Flora des Flusses Tara sind zahlreiche Pflanzenarten vor dem Vergehen bewahrt, so dass sich hier auch einige Arten der terti\u00e4ren Flora aus den Eiszeiten wiederfinden. Ein gro\u00dfer Teil der Tara-Schlucht ist mit Nadelb\u00e4umen bedeckt: Die wichtigste unter ihnen ist die Schwarzkiefer, die mancherorts bis zu 50 Meter hoch und 400 Jahre alt sind.<br \/>\nDie Tara-Schlucht ist der nat\u00fcrliche Lebensraum sowohl f\u00fcr G\u00e4msen als auch f\u00fcr Rehe und Wildschweine. Die Tara ist sehr reich an Fisch und folgende Fischarten sind bekannt: Bachforelle, Huchen, Europ\u00e4ische \u00c4sche, D\u00f6bel und Nase.<br \/>\nDie \u0110ur\u0111evi\u0107a-Tara-Br\u00fccke versucht, diese unglaubliche Pflanzen- und Tierwelt zwischen den D\u00f6rfern Bude\u010devica i Tre\u0161njica zu \u00fcberbr\u00fccken. Der Verdienst f\u00fcr dieses gro\u00dfartige Bauwerk geb\u00fchrt einem der gr\u00f6\u00dften Bauexperten des K\u00f6nigreichs Jugoslawien, Mijat S. Stojanovi\u0107. Die Br\u00fccke wurde Ende der 1930er-Jahre gebaut, und war zu der Zeit die gr\u00f6\u00dfte Stahlbetonstra\u00dfenbr\u00fccke Europas.<br \/>\nMit ihrem 346 Kilometer langem Lauf liegt die Drina im Mittelpunkt der Balkanhalbinsel und ihre Flussgebiet ist durch die Anwesenheit einiger endemischen und relikten Pflanzen- und Tierartebn gepr\u00e4gt. Im Tara-Nationalpark sind 53 S\u00e4ugtierarten und \u00fcber 1000 Pflanzenarten verzeichnet \u2013 zusammengefasst stellen diese ein Drittel der Flora Serbiens dar. Aufgrund dessen, dass die Drina ihre Art vom Berg- zum Talfluss wandelt, leben in ihr 47 Fischarten und 14 Fischfamilien.<br \/>\nAlso, worauf noch warten? :) Wir erwarten Sie im DMD-Camp am Drina-Ufer!<\/p>\n","protected":false},"excerpt":{"rendered":"<p>Der Fluss Tara \u2013 Die Tr\u00e4ne Europas Erst, wenn sie in Bosnien und Herzegowina hineinflie\u00dft, verbindet sich die Tara mit der Piva und bildet einen ungew\u00f6hnlich gr\u00fcnen Fluss: die Drina. Nur wenige Kilometer Fluss abw\u00e4rts von der Quelle des Drina-Flusses befindet sich in einem malerischen Tal unser Camp. Wussten sie schon, dass Drina zu den [&hellip;]<\/p>\n","protected":false},"author":1,"featured_media":0,"parent":0,"menu_order":0,"comment_status":"closed","ping_status":"open","template":"","meta":{"_et_pb_use_builder":"","_et_pb_old_content":"","_et_gb_content_width":"","ngg_post_thumbnail":0,"footnotes":""},"class_list":["post-4673","page","type-page","status-publish","hentry"],"yoast_head":"<!-- This site is optimized with the Yoast SEO plugin v27.1.1 - https:\/\/yoast.com\/product\/yoast-seo-wordpress\/ -->\n<title>Tara \u2013 Unber\u00fchrte Natur | Tara Rafting, DMD kamp. Najbolji rafting Tarom i Drinom, teambuilding, hiking. Rafting sezona 2026, ponude i cene.<\/title>\n<meta name=\"robots\" content=\"index, follow, max-snippet:-1, max-image-preview:large, max-video-preview:-1\" \/>\n<link rel=\"canonical\" href=\"https:\/\/tara-rafting.com\/de\/tara-unberuhrte-natur\/\" \/>\n<meta property=\"og:locale\" content=\"de_DE\" \/>\n<meta property=\"og:type\" content=\"article\" \/>\n<meta property=\"og:title\" content=\"Tara \u2013 Unber\u00fchrte Natur | Tara Rafting, DMD kamp. Najbolji rafting Tarom i Drinom, teambuilding, hiking. Rafting sezona 2026, ponude i cene.\" \/>\n<meta property=\"og:description\" content=\"Der Fluss Tara \u2013 Die Tr\u00e4ne Europas Erst, wenn sie in Bosnien und Herzegowina hineinflie\u00dft, verbindet sich die Tara mit der Piva und bildet einen ungew\u00f6hnlich gr\u00fcnen Fluss: die Drina. Nur wenige Kilometer Fluss abw\u00e4rts von der Quelle des Drina-Flusses befindet sich in einem malerischen Tal unser Camp. Wussten sie schon, dass Drina zu den [&hellip;]\" \/>\n<meta property=\"og:url\" content=\"https:\/\/tara-rafting.com\/de\/tara-unberuhrte-natur\/\" \/>\n<meta property=\"og:site_name\" content=\"Tara Rafting, DMD kamp. Najbolji rafting Tarom i Drinom, teambuilding, hiking. Rafting sezona 2026, ponude i cene.\" \/>\n<meta property=\"article:publisher\" content=\"https:\/\/www.facebook.com\/tara.rafting.dmd\" \/>\n<meta property=\"og:image\" content=\"http:\/\/tara-rafting.com\/wp-content\/uploads\/2014\/04\/TaraNature1.jpg\" \/>\n<meta name=\"twitter:card\" content=\"summary_large_image\" \/>\n<meta name=\"twitter:site\" content=\"@tararaftingdmd\" \/>\n<meta name=\"twitter:label1\" content=\"Gesch\u00e4tzte Lesezeit\" \/>\n\t<meta name=\"twitter:data1\" content=\"2\u00a0Minuten\" \/>\n<script type=\"application\/ld+json\" class=\"yoast-schema-graph\">{\"@context\":\"https:\/\/schema.org\",\"@graph\":[{\"@type\":\"WebPage\",\"@id\":\"https:\/\/tara-rafting.com\/de\/tara-unberuhrte-natur\/\",\"url\":\"https:\/\/tara-rafting.com\/de\/tara-unberuhrte-natur\/\",\"name\":\"Tara \u2013 Unber\u00fchrte Natur | Tara Rafting, DMD kamp. Najbolji rafting Tarom i Drinom, teambuilding, hiking. Rafting sezona 2026, ponude i cene.\",\"isPartOf\":{\"@id\":\"https:\/\/tara-rafting.com\/de\/#website\"},\"primaryImageOfPage\":{\"@id\":\"https:\/\/tara-rafting.com\/de\/tara-unberuhrte-natur\/#primaryimage\"},\"image\":{\"@id\":\"https:\/\/tara-rafting.com\/de\/tara-unberuhrte-natur\/#primaryimage\"},\"thumbnailUrl\":\"http:\/\/tara-rafting.com\/wp-content\/uploads\/2014\/04\/TaraNature1.jpg\",\"datePublished\":\"2014-05-04T20:36:18+00:00\",\"breadcrumb\":{\"@id\":\"https:\/\/tara-rafting.com\/de\/tara-unberuhrte-natur\/#breadcrumb\"},\"inLanguage\":\"de\",\"potentialAction\":[{\"@type\":\"ReadAction\",\"target\":[\"https:\/\/tara-rafting.com\/de\/tara-unberuhrte-natur\/\"]}]},{\"@type\":\"ImageObject\",\"inLanguage\":\"de\",\"@id\":\"https:\/\/tara-rafting.com\/de\/tara-unberuhrte-natur\/#primaryimage\",\"url\":\"http:\/\/tara-rafting.com\/wp-content\/uploads\/2014\/04\/TaraNature1.jpg\",\"contentUrl\":\"http:\/\/tara-rafting.com\/wp-content\/uploads\/2014\/04\/TaraNature1.jpg\"},{\"@type\":\"BreadcrumbList\",\"@id\":\"https:\/\/tara-rafting.com\/de\/tara-unberuhrte-natur\/#breadcrumb\",\"itemListElement\":[{\"@type\":\"ListItem\",\"position\":1,\"name\":\"Home\",\"item\":\"https:\/\/tara-rafting.com\/de\/\"},{\"@type\":\"ListItem\",\"position\":2,\"name\":\"Tara \u2013 Unber\u00fchrte Natur\"}]},{\"@type\":\"WebSite\",\"@id\":\"https:\/\/tara-rafting.com\/de\/#website\",\"url\":\"https:\/\/tara-rafting.com\/de\/\",\"name\":\"Tara Rafting, DMD kamp. Najbolji rafting Tarom i Drinom, teambuilding, hiking. Rafting sezona 2026, ponude i cene.\",\"description\":\"Tara Rafting\",\"publisher\":{\"@id\":\"https:\/\/tara-rafting.com\/de\/#organization\"},\"potentialAction\":[{\"@type\":\"SearchAction\",\"target\":{\"@type\":\"EntryPoint\",\"urlTemplate\":\"https:\/\/tara-rafting.com\/de\/?s={search_term_string}\"},\"query-input\":{\"@type\":\"PropertyValueSpecification\",\"valueRequired\":true,\"valueName\":\"search_term_string\"}}],\"inLanguage\":\"de\"},{\"@type\":\"Organization\",\"@id\":\"https:\/\/tara-rafting.com\/de\/#organization\",\"name\":\"Rafting kamp DMD\",\"url\":\"https:\/\/tara-rafting.com\/de\/\",\"logo\":{\"@type\":\"ImageObject\",\"inLanguage\":\"de\",\"@id\":\"https:\/\/tara-rafting.com\/de\/#\/schema\/logo\/image\/\",\"url\":\"https:\/\/tara-rafting.com\/wp-content\/uploads\/favicon144x144-apple.png\",\"contentUrl\":\"https:\/\/tara-rafting.com\/wp-content\/uploads\/favicon144x144-apple.png\",\"width\":144,\"height\":144,\"caption\":\"Rafting kamp DMD\"},\"image\":{\"@id\":\"https:\/\/tara-rafting.com\/de\/#\/schema\/logo\/image\/\"},\"sameAs\":[\"https:\/\/www.facebook.com\/tara.rafting.dmd\",\"https:\/\/x.com\/tararaftingdmd\"]}]}<\/script>\n<!-- \/ Yoast SEO plugin. -->","yoast_head_json":{"title":"Tara \u2013 Unber\u00fchrte Natur | Tara Rafting, DMD kamp. Najbolji rafting Tarom i Drinom, teambuilding, hiking. Rafting sezona 2026, ponude i cene.","robots":{"index":"index","follow":"follow","max-snippet":"max-snippet:-1","max-image-preview":"max-image-preview:large","max-video-preview":"max-video-preview:-1"},"canonical":"https:\/\/tara-rafting.com\/de\/tara-unberuhrte-natur\/","og_locale":"de_DE","og_type":"article","og_title":"Tara \u2013 Unber\u00fchrte Natur | Tara Rafting, DMD kamp. Najbolji rafting Tarom i Drinom, teambuilding, hiking. Rafting sezona 2026, ponude i cene.","og_description":"Der Fluss Tara \u2013 Die Tr\u00e4ne Europas Erst, wenn sie in Bosnien und Herzegowina hineinflie\u00dft, verbindet sich die Tara mit der Piva und bildet einen ungew\u00f6hnlich gr\u00fcnen Fluss: die Drina. Nur wenige Kilometer Fluss abw\u00e4rts von der Quelle des Drina-Flusses befindet sich in einem malerischen Tal unser Camp. Wussten sie schon, dass Drina zu den [&hellip;]","og_url":"https:\/\/tara-rafting.com\/de\/tara-unberuhrte-natur\/","og_site_name":"Tara Rafting, DMD kamp. Najbolji rafting Tarom i Drinom, teambuilding, hiking. Rafting sezona 2026, ponude i cene.","article_publisher":"https:\/\/www.facebook.com\/tara.rafting.dmd","og_image":[{"url":"http:\/\/tara-rafting.com\/wp-content\/uploads\/2014\/04\/TaraNature1.jpg","type":"","width":"","height":""}],"twitter_card":"summary_large_image","twitter_site":"@tararaftingdmd","twitter_misc":{"Gesch\u00e4tzte Lesezeit":"2\u00a0Minuten"},"schema":{"@context":"https:\/\/schema.org","@graph":[{"@type":"WebPage","@id":"https:\/\/tara-rafting.com\/de\/tara-unberuhrte-natur\/","url":"https:\/\/tara-rafting.com\/de\/tara-unberuhrte-natur\/","name":"Tara \u2013 Unber\u00fchrte Natur | Tara Rafting, DMD kamp. Najbolji rafting Tarom i Drinom, teambuilding, hiking. Rafting sezona 2026, ponude i cene.","isPartOf":{"@id":"https:\/\/tara-rafting.com\/de\/#website"},"primaryImageOfPage":{"@id":"https:\/\/tara-rafting.com\/de\/tara-unberuhrte-natur\/#primaryimage"},"image":{"@id":"https:\/\/tara-rafting.com\/de\/tara-unberuhrte-natur\/#primaryimage"},"thumbnailUrl":"http:\/\/tara-rafting.com\/wp-content\/uploads\/2014\/04\/TaraNature1.jpg","datePublished":"2014-05-04T20:36:18+00:00","breadcrumb":{"@id":"https:\/\/tara-rafting.com\/de\/tara-unberuhrte-natur\/#breadcrumb"},"inLanguage":"de","potentialAction":[{"@type":"ReadAction","target":["https:\/\/tara-rafting.com\/de\/tara-unberuhrte-natur\/"]}]},{"@type":"ImageObject","inLanguage":"de","@id":"https:\/\/tara-rafting.com\/de\/tara-unberuhrte-natur\/#primaryimage","url":"http:\/\/tara-rafting.com\/wp-content\/uploads\/2014\/04\/TaraNature1.jpg","contentUrl":"http:\/\/tara-rafting.com\/wp-content\/uploads\/2014\/04\/TaraNature1.jpg"},{"@type":"BreadcrumbList","@id":"https:\/\/tara-rafting.com\/de\/tara-unberuhrte-natur\/#breadcrumb","itemListElement":[{"@type":"ListItem","position":1,"name":"Home","item":"https:\/\/tara-rafting.com\/de\/"},{"@type":"ListItem","position":2,"name":"Tara \u2013 Unber\u00fchrte Natur"}]},{"@type":"WebSite","@id":"https:\/\/tara-rafting.com\/de\/#website","url":"https:\/\/tara-rafting.com\/de\/","name":"Tara Rafting, DMD kamp. Najbolji rafting Tarom i Drinom, teambuilding, hiking. Rafting sezona 2026, ponude i cene.","description":"Tara Rafting","publisher":{"@id":"https:\/\/tara-rafting.com\/de\/#organization"},"potentialAction":[{"@type":"SearchAction","target":{"@type":"EntryPoint","urlTemplate":"https:\/\/tara-rafting.com\/de\/?s={search_term_string}"},"query-input":{"@type":"PropertyValueSpecification","valueRequired":true,"valueName":"search_term_string"}}],"inLanguage":"de"},{"@type":"Organization","@id":"https:\/\/tara-rafting.com\/de\/#organization","name":"Rafting kamp DMD","url":"https:\/\/tara-rafting.com\/de\/","logo":{"@type":"ImageObject","inLanguage":"de","@id":"https:\/\/tara-rafting.com\/de\/#\/schema\/logo\/image\/","url":"https:\/\/tara-rafting.com\/wp-content\/uploads\/favicon144x144-apple.png","contentUrl":"https:\/\/tara-rafting.com\/wp-content\/uploads\/favicon144x144-apple.png","width":144,"height":144,"caption":"Rafting kamp DMD"},"image":{"@id":"https:\/\/tara-rafting.com\/de\/#\/schema\/logo\/image\/"},"sameAs":["https:\/\/www.facebook.com\/tara.rafting.dmd","https:\/\/x.com\/tararaftingdmd"]}]}},"_links":{"self":[{"href":"https:\/\/tara-rafting.com\/de\/wp-json\/wp\/v2\/pages\/4673","targetHints":{"allow":["GET"]}}],"collection":[{"href":"https:\/\/tara-rafting.com\/de\/wp-json\/wp\/v2\/pages"}],"about":[{"href":"https:\/\/tara-rafting.com\/de\/wp-json\/wp\/v2\/types\/page"}],"author":[{"embeddable":true,"href":"https:\/\/tara-rafting.com\/de\/wp-json\/wp\/v2\/users\/1"}],"replies":[{"embeddable":true,"href":"https:\/\/tara-rafting.com\/de\/wp-json\/wp\/v2\/comments?post=4673"}],"version-history":[{"count":0,"href":"https:\/\/tara-rafting.com\/de\/wp-json\/wp\/v2\/pages\/4673\/revisions"}],"wp:attachment":[{"href":"https:\/\/tara-rafting.com\/de\/wp-json\/wp\/v2\/media?parent=4673"}],"curies":[{"name":"wp","href":"https:\/\/api.w.org\/{rel}","templated":true}]}}