{"id":4867,"date":"2015-04-20T21:13:41","date_gmt":"2015-04-20T21:13:41","guid":{"rendered":"http:\/\/tara-rafting.com\/?page_id=4867"},"modified":"2023-01-23T20:47:42","modified_gmt":"2023-01-23T20:47:42","slug":"wichtige-hinweise-fur-unsere-gaste","status":"publish","type":"page","link":"https:\/\/tara-rafting.com\/de\/wichtige-hinweise-fur-unsere-gaste\/","title":{"rendered":"Wichtige Hinweise f\u00fcr unsere G\u00e4ste"},"content":{"rendered":"<p>[et_pb_section fb_built=&#8220;1&#8243; admin_label=&#8220;section&#8220; _builder_version=&#8220;4.16&#8243; global_colors_info=&#8220;{}&#8220;][et_pb_row admin_label=&#8220;row&#8220; _builder_version=&#8220;4.16&#8243; background_size=&#8220;initial&#8220; background_position=&#8220;top_left&#8220; background_repeat=&#8220;repeat&#8220; global_colors_info=&#8220;{}&#8220;][et_pb_column type=&#8220;4_4&#8243; _builder_version=&#8220;4.16&#8243; custom_padding=&#8220;|||&#8220; global_colors_info=&#8220;{}&#8220; custom_padding__hover=&#8220;|||&#8220;][et_pb_text admin_label=&#8220;Text&#8220; _builder_version=&#8220;4.19.4&#8243; background_size=&#8220;initial&#8220; background_position=&#8220;top_left&#8220; background_repeat=&#8220;repeat&#8220; hover_enabled=&#8220;0&#8243; global_colors_info=&#8220;{}&#8220; header_4_line_height=&#8220;1.3em&#8220; sticky_enabled=&#8220;0&#8243;]<\/p>\n<div style=\"width: 49%; float: left;\">\n<p><span style=\"background-color: #33baac; color: #ffffff; text-transform: uppercase;\">Was muss ich einpacken?<span style=\"background-color: #000080;\"><br \/>\n<\/span><\/span><\/p>\n<ul>\n<li>Reisepass oder Personalausweis.<\/li>\n<li>Gr\u00fcne Versicherungskarte, bei eigener Anreise mit Auto.<\/li>\n<li>Warme Kleidung f\u00fcr die Abendstunden im Freien.<\/li>\n<li>Badehose\/Bikini\/Badeanzug, Sonnencreme und pers\u00f6nliche Hygieneartikel.<\/li>\n<\/ul>\n<\/div>\n<div style=\"width: 49%; float: left;\">\n<p><span style=\"background-color: #33baac; color: #ffffff; text-transform: uppercase;\">Was mache ich wenn ich im Camp ankomme?<span style=\"background-color: #000080;\"><br \/>\n<\/span><\/span><\/p>\n<ul>\n<li>Als erstes bei den Camp-Mitarbeitern anmelden<\/li>\n<li style=\"text-align: justify;\">Es wird euch gezeigt wo das Auto geparkt werden soll.<\/li>\n<li style=\"text-align: justify;\">Bitte das Anmeldeformular ausf\u00fcllen und den Reisepass oder Personalausweis abgeben. Nach Ende des Raftings werden die Dokumente sofort wieder ausgeh\u00e4ndigt.<\/li>\n<li style=\"text-align: justify;\">Nach dieser Prozedur wird euch das Bungalow zugewiesen.<\/li>\n<\/ul>\n<\/div>\n<p style=\"text-align: justify;\"><span style=\"background-color: #33baac; color: #ffffff; text-transform: uppercase;\">Wie l\u00e4uft das Rating ab?<span style=\"background-color: #000080;\"><br \/>\n<\/span><\/span><\/p>\n<ul>\n<li>Vor der Abfahrt zum Startpunkt werden alle G\u00e4ste im Camp ausger\u00fcstet.<\/li>\n<li>Die Skipper k\u00fcmmern sich pers\u00f6nlich um die individuelle Ausr\u00fcstung, damit sie auch passt. Diese wird schon im Camp angezogen.<\/li>\n<li>Danach erfolgt der Transport zum Startpunkt f\u00fcr das Rafting in Brstanovica.<\/li>\n<li>Wer in welchen Bus einsteigt, steht auf einer Liste, die am Bus angebracht ist.<\/li>\n<li>Diese Liste ist lediglich die Liste der Insassen f\u00fcr die \u00dcberquerung der Grenze nach Montenegro. Sie hat keine Bedeutung f\u00fcr die Besetzung der Schlauchboote. Die Besetzung der Boote ist eure Wahl.<\/li>\n<li>Wenn ihr eine Gruppe weniger als 8 Personen seid, kann es passieren, dass noch Personen aus andern Gruppen mit euch an Bord sind.<\/li>\n<li>Eure Ausweise oder Reisep\u00e4sse bleiben beim Busfahrer, der die Formalit\u00e4ten mit der Grenzpolizei regelt.<\/li>\n<li>Wir bitten darum, sich an der Grenze ruhig und h\u00f6flich zu verhalten und nicht auszusteigen, weil es sonst die \u00fcblichen Probleme mit den Grenzbeamten geben kann.<\/li>\n<li>Der Konsum von Alkohol w\u00e4hrend der Fahrt wird selbstverst\u00e4ndlich nicht empfohlen.<\/li>\n<li>Vor der Abfahrt wird der euch zugeteilte Skipper eine ausf\u00fchrliche Sicherheitseinweisung und Belehrung \u00fcber Handhabung des Bootes durchf\u00fchren.<\/li>\n<li>Den Anweisungen des Skippers ist absolut zu folgen, denn er ist f\u00fcr eure Sicherheit verantwortlich.<\/li>\n<li>Der Konsum von Alkohol an Bord ist nicht empfohlen.<\/li>\n<li>Die Boote legen wieder am Camp an.<\/li>\n<li>Die erhaltene Ausr\u00fcstung wird im Camp wieder abgegeben.<\/li>\n<\/ul>\n<p><span style=\"background-color: #33baac; color: #ffffff; text-transform: uppercase;\">Muss man f\u00fcr das Rafting Erfahrung haben?<\/span><br \/>\nNein, ist nicht notwendig!<\/p>\n<p style=\"text-transform: uppercase; text-align: justify;\" wir=\"\" bitten=\"\" alle=\"\" g=\"\" ste=\"\" die=\"\" einzigartige=\"\" natur=\"\" anstrengungen=\"\" der=\"\" angestellten=\"\" einrichtungen=\"\" im=\"\" camp=\"\" sowie=\"\" blichen=\"\" regeln=\"\" des=\"\" menschlichen=\"\" beisammenseins=\"\" zu=\"\" achten=\"\" und=\"\" sich=\"\" entsprechend=\"\" verhalten=\"\" br=\"\">Beschwerden, Anregungen oder W\u00fcnsche k\u00f6nnt ihr den Angestellten oder dem Besitzer jederzeit mitteilen.<\/p>\n<h4 style=\"text-align: right;\"><span style=\"background-color: #f75c23; color: #ffffff;\">Wie w\u00fcnschen euch eine gute und sichere Anreise!\u00a0<span style=\"background-color: #000080;\"><br \/>\n<span style=\"background-color: #f75c23; color: #ffffff;\"> Euer Camp DMD <span style=\"background-color: #000080;\"><br \/>\n<\/span><\/span><\/span><\/span><\/h4>\n<p>[\/et_pb_text][\/et_pb_column][\/et_pb_row][\/et_pb_section]<\/p>\n","protected":false},"excerpt":{"rendered":"<p>Was muss ich einpacken? Reisepass oder Personalausweis. Gr\u00fcne Versicherungskarte, bei eigener Anreise mit Auto. Warme Kleidung f\u00fcr die Abendstunden im Freien. Badehose\/Bikini\/Badeanzug, Sonnencreme und pers\u00f6nliche Hygieneartikel. Was mache ich wenn ich im Camp ankomme? Als erstes bei den Camp-Mitarbeitern anmelden Es wird euch gezeigt wo das Auto geparkt werden soll. Bitte das Anmeldeformular ausf\u00fcllen und [&hellip;]<\/p>\n","protected":false},"author":1,"featured_media":0,"parent":0,"menu_order":0,"comment_status":"closed","ping_status":"open","template":"","meta":{"_et_pb_use_builder":"on","_et_pb_old_content":"<div style=\"width: 49%; float: left;\"><span style=\"background-color: #33baac; color: #ffffff; text-transform: uppercase;\">Was muss ich einpacken?<span style=\"background-color: #000080;\">\r\n<\/span><\/span>\r\n<ul>\r\n\t<li>Reisepass oder Personalausweis.<\/li>\r\n\t<li>Gr\u00fcne Versicherungskarte, bei eigener Anreise mit Auto.<\/li>\r\n\t<li>Warme Kleidung f\u00fcr die Abendstunden im Freien.<\/li>\r\n\t<li>Badehose\/Bikini\/Badeanzug, Sonnencreme und pers\u00f6nliche Hygieneartikel.<\/li>\r\n<\/ul>\r\n<\/div>\r\n<div style=\"width: 49%; float: left;\"><span style=\"background-color: #33baac; color: #ffffff; text-transform: uppercase;\">Was mache ich wenn ich im Camp ankomme?<span style=\"background-color: #000080;\">\r\n<\/span><\/span>\r\n<ul>\r\n\t<li>Als erstes bei den Camp-Mitarbeitern anmelden<\/li>\r\n\t<li style=\"text-align: justify;\">Es wird euch gezeigt wo das Auto geparkt werden soll.<\/li>\r\n\t<li style=\"text-align: justify;\">Bitte das Anmeldeformular ausf\u00fcllen und den Reisepass oder Personalausweis abgeben. Nach Ende des Raftings werden die Dokumente sofort wieder ausgeh\u00e4ndigt.<\/li>\r\n\t<li style=\"text-align: justify;\">Nach dieser Prozedur wird euch das Bungalow zugewiesen.<\/li>\r\n<\/ul>\r\n<\/div>\r\n<p style=\"text-align: justify;\"><span style=\"background-color: #33baac; color: #ffffff; text-transform: uppercase;\">Wie l\u00e4uft das Rating ab?<span style=\"background-color: #000080;\">\r\n<\/span><\/span>\r\n<ul>\r\n<li>Vor der Abfahrt zum Startpunkt werden alle G\u00e4ste im Camp ausger\u00fcstet.<\/li>\r\n<li>Die Skipper k\u00fcmmern sich pers\u00f6nlich um die individuelle Ausr\u00fcstung, damit sie auch passt. Diese wird schon im Camp angezogen.<\/li>\r\n<li>Danach erfolgt der Transport zum Startpunkt f\u00fcr das Rafting in Brstanovica.<\/li>\r\n<li>Wer in welchen Bus einsteigt, steht auf einer Liste, die am Bus angebracht ist.<\/li>\r\n<li>Diese Liste ist lediglich die Liste der Insassen f\u00fcr die \u00dcberquerung der Grenze nach Montenegro. Sie hat keine Bedeutung f\u00fcr die Besetzung der Schlauchboote. Die Besetzung der Boote ist eure Wahl.<\/li>\r\n<li>Wenn ihr eine Gruppe weniger als 8 Personen seid, kann es passieren, dass noch Personen aus andern Gruppen mit euch an Bord sind.<\/li>\r\n<li>Eure Ausweise oder Reisep\u00e4sse bleiben beim Busfahrer, der die Formalit\u00e4ten mit der Grenzpolizei regelt.<\/li>\r\n<li>Wir bitten darum, sich an der Grenze ruhig und h\u00f6flich zu verhalten und nicht auszusteigen, weil es sonst die \u00fcblichen Probleme mit den Grenzbeamten geben kann.<\/li>\r\n<li>Der Konsum von Alkohol w\u00e4hrend der Fahrt wird selbstverst\u00e4ndlich nicht empfohlen.<\/li>\r\n<li>Vor der Abfahrt wird der euch zugeteilte Skipper eine ausf\u00fchrliche Sicherheitseinweisung und Belehrung \u00fcber Handhabung des Bootes durchf\u00fchren.<\/li> \r\n<li>Den Anweisungen des Skippers ist absolut zu folgen, denn er ist f\u00fcr eure Sicherheit verantwortlich.<\/li>\r\n<li>Der Konsum von Alkohol an Bord  ist nicht empfohlen.<\/li>\r\n<li>Die Boote legen wieder am Camp an.<\/li>\r\n<li>Die erhaltene Ausr\u00fcstung wird im Camp wieder abgegeben.<\/li>\r\n<\/ul>\r\n<span style=\"background-color: #33baac; color: #ffffff; text-transform: uppercase;\">Muss man f\u00fcr das Rafting Erfahrung haben?<\/span>\r\nNein, ist nicht notwendig!\r\n<p style=\"text-transform: uppercase; text-align: justify;\"Wir bitten alle G\u00e4ste die einzigartige Natur, die Anstrengungen der Angestellten, die Einrichtungen im Camp sowie die \u00fcblichen Regeln des menschlichen Beisammenseins zu achten und sich  entsprechend zu verhalten.\r\nBeschwerden, Anregungen oder W\u00fcnsche k\u00f6nnt ihr den Angestellten oder dem Besitzer jederzeit mitteilen.<\/p>\r\n<h3 style=\"text-align: right;\"><span style=\"background-color: #f75c23; color: #ffffff;\">Wie w\u00fcnschen euch eine gute  und sichere Anreise!\u00a0<span style=\"background-color: #000080;\">\r\n<span style=\"background-color: #f75c23; color: #ffffff;\"> Euer Camp DMD <span style=\"background-color: #000080;\">\r\n<\/span><\/span><\/span><\/span><\/h3>","_et_gb_content_width":"","ngg_post_thumbnail":0,"footnotes":""},"class_list":["post-4867","page","type-page","status-publish","hentry"],"yoast_head":"<!-- This site is optimized with the Yoast SEO plugin v27.1.1 - https:\/\/yoast.com\/product\/yoast-seo-wordpress\/ -->\n<title>Wichtige Hinweise f\u00fcr unsere G\u00e4ste | Tara Rafting, DMD kamp. Najbolji rafting Tarom i Drinom, teambuilding, hiking. Rafting sezona 2026, ponude i cene.<\/title>\n<meta name=\"robots\" content=\"index, follow, max-snippet:-1, max-image-preview:large, max-video-preview:-1\" \/>\n<link rel=\"canonical\" href=\"https:\/\/tara-rafting.com\/de\/wichtige-hinweise-fur-unsere-gaste\/\" \/>\n<meta property=\"og:locale\" content=\"de_DE\" \/>\n<meta property=\"og:type\" content=\"article\" \/>\n<meta property=\"og:title\" content=\"Wichtige Hinweise f\u00fcr unsere G\u00e4ste | Tara Rafting, DMD kamp. Najbolji rafting Tarom i Drinom, teambuilding, hiking. Rafting sezona 2026, ponude i cene.\" \/>\n<meta property=\"og:description\" content=\"Was muss ich einpacken? Reisepass oder Personalausweis. Gr\u00fcne Versicherungskarte, bei eigener Anreise mit Auto. Warme Kleidung f\u00fcr die Abendstunden im Freien. Badehose\/Bikini\/Badeanzug, Sonnencreme und pers\u00f6nliche Hygieneartikel. Was mache ich wenn ich im Camp ankomme? Als erstes bei den Camp-Mitarbeitern anmelden Es wird euch gezeigt wo das Auto geparkt werden soll. Bitte das Anmeldeformular ausf\u00fcllen und [&hellip;]\" \/>\n<meta property=\"og:url\" content=\"https:\/\/tara-rafting.com\/de\/wichtige-hinweise-fur-unsere-gaste\/\" \/>\n<meta property=\"og:site_name\" content=\"Tara Rafting, DMD kamp. Najbolji rafting Tarom i Drinom, teambuilding, hiking. Rafting sezona 2026, ponude i cene.\" \/>\n<meta property=\"article:publisher\" content=\"https:\/\/www.facebook.com\/tara.rafting.dmd\" \/>\n<meta property=\"article:modified_time\" content=\"2023-01-23T20:47:42+00:00\" \/>\n<meta name=\"twitter:card\" content=\"summary_large_image\" \/>\n<meta name=\"twitter:site\" content=\"@tararaftingdmd\" \/>\n<meta name=\"twitter:label1\" content=\"Gesch\u00e4tzte Lesezeit\" \/>\n\t<meta name=\"twitter:data1\" content=\"2\u00a0Minuten\" \/>\n<script type=\"application\/ld+json\" class=\"yoast-schema-graph\">{\"@context\":\"https:\/\/schema.org\",\"@graph\":[{\"@type\":\"WebPage\",\"@id\":\"https:\/\/tara-rafting.com\/de\/wichtige-hinweise-fur-unsere-gaste\/\",\"url\":\"https:\/\/tara-rafting.com\/de\/wichtige-hinweise-fur-unsere-gaste\/\",\"name\":\"Wichtige Hinweise f\u00fcr unsere G\u00e4ste | Tara Rafting, DMD kamp. Najbolji rafting Tarom i Drinom, teambuilding, hiking. Rafting sezona 2026, ponude i cene.\",\"isPartOf\":{\"@id\":\"https:\/\/tara-rafting.com\/de\/#website\"},\"datePublished\":\"2015-04-20T21:13:41+00:00\",\"dateModified\":\"2023-01-23T20:47:42+00:00\",\"breadcrumb\":{\"@id\":\"https:\/\/tara-rafting.com\/de\/wichtige-hinweise-fur-unsere-gaste\/#breadcrumb\"},\"inLanguage\":\"de\",\"potentialAction\":[{\"@type\":\"ReadAction\",\"target\":[\"https:\/\/tara-rafting.com\/de\/wichtige-hinweise-fur-unsere-gaste\/\"]}]},{\"@type\":\"BreadcrumbList\",\"@id\":\"https:\/\/tara-rafting.com\/de\/wichtige-hinweise-fur-unsere-gaste\/#breadcrumb\",\"itemListElement\":[{\"@type\":\"ListItem\",\"position\":1,\"name\":\"Home\",\"item\":\"https:\/\/tara-rafting.com\/de\/\"},{\"@type\":\"ListItem\",\"position\":2,\"name\":\"Wichtige Hinweise f\u00fcr unsere G\u00e4ste\"}]},{\"@type\":\"WebSite\",\"@id\":\"https:\/\/tara-rafting.com\/de\/#website\",\"url\":\"https:\/\/tara-rafting.com\/de\/\",\"name\":\"Tara Rafting, DMD kamp. Najbolji rafting Tarom i Drinom, teambuilding, hiking. Rafting sezona 2026, ponude i cene.\",\"description\":\"Tara Rafting\",\"publisher\":{\"@id\":\"https:\/\/tara-rafting.com\/de\/#organization\"},\"potentialAction\":[{\"@type\":\"SearchAction\",\"target\":{\"@type\":\"EntryPoint\",\"urlTemplate\":\"https:\/\/tara-rafting.com\/de\/?s={search_term_string}\"},\"query-input\":{\"@type\":\"PropertyValueSpecification\",\"valueRequired\":true,\"valueName\":\"search_term_string\"}}],\"inLanguage\":\"de\"},{\"@type\":\"Organization\",\"@id\":\"https:\/\/tara-rafting.com\/de\/#organization\",\"name\":\"Rafting kamp DMD\",\"url\":\"https:\/\/tara-rafting.com\/de\/\",\"logo\":{\"@type\":\"ImageObject\",\"inLanguage\":\"de\",\"@id\":\"https:\/\/tara-rafting.com\/de\/#\/schema\/logo\/image\/\",\"url\":\"https:\/\/tara-rafting.com\/wp-content\/uploads\/favicon144x144-apple.png\",\"contentUrl\":\"https:\/\/tara-rafting.com\/wp-content\/uploads\/favicon144x144-apple.png\",\"width\":144,\"height\":144,\"caption\":\"Rafting kamp DMD\"},\"image\":{\"@id\":\"https:\/\/tara-rafting.com\/de\/#\/schema\/logo\/image\/\"},\"sameAs\":[\"https:\/\/www.facebook.com\/tara.rafting.dmd\",\"https:\/\/x.com\/tararaftingdmd\"]}]}<\/script>\n<!-- \/ Yoast SEO plugin. -->","yoast_head_json":{"title":"Wichtige Hinweise f\u00fcr unsere G\u00e4ste | Tara Rafting, DMD kamp. Najbolji rafting Tarom i Drinom, teambuilding, hiking. Rafting sezona 2026, ponude i cene.","robots":{"index":"index","follow":"follow","max-snippet":"max-snippet:-1","max-image-preview":"max-image-preview:large","max-video-preview":"max-video-preview:-1"},"canonical":"https:\/\/tara-rafting.com\/de\/wichtige-hinweise-fur-unsere-gaste\/","og_locale":"de_DE","og_type":"article","og_title":"Wichtige Hinweise f\u00fcr unsere G\u00e4ste | Tara Rafting, DMD kamp. Najbolji rafting Tarom i Drinom, teambuilding, hiking. Rafting sezona 2026, ponude i cene.","og_description":"Was muss ich einpacken? Reisepass oder Personalausweis. Gr\u00fcne Versicherungskarte, bei eigener Anreise mit Auto. Warme Kleidung f\u00fcr die Abendstunden im Freien. Badehose\/Bikini\/Badeanzug, Sonnencreme und pers\u00f6nliche Hygieneartikel. Was mache ich wenn ich im Camp ankomme? Als erstes bei den Camp-Mitarbeitern anmelden Es wird euch gezeigt wo das Auto geparkt werden soll. Bitte das Anmeldeformular ausf\u00fcllen und [&hellip;]","og_url":"https:\/\/tara-rafting.com\/de\/wichtige-hinweise-fur-unsere-gaste\/","og_site_name":"Tara Rafting, DMD kamp. Najbolji rafting Tarom i Drinom, teambuilding, hiking. Rafting sezona 2026, ponude i cene.","article_publisher":"https:\/\/www.facebook.com\/tara.rafting.dmd","article_modified_time":"2023-01-23T20:47:42+00:00","twitter_card":"summary_large_image","twitter_site":"@tararaftingdmd","twitter_misc":{"Gesch\u00e4tzte Lesezeit":"2\u00a0Minuten"},"schema":{"@context":"https:\/\/schema.org","@graph":[{"@type":"WebPage","@id":"https:\/\/tara-rafting.com\/de\/wichtige-hinweise-fur-unsere-gaste\/","url":"https:\/\/tara-rafting.com\/de\/wichtige-hinweise-fur-unsere-gaste\/","name":"Wichtige Hinweise f\u00fcr unsere G\u00e4ste | Tara Rafting, DMD kamp. Najbolji rafting Tarom i Drinom, teambuilding, hiking. Rafting sezona 2026, ponude i cene.","isPartOf":{"@id":"https:\/\/tara-rafting.com\/de\/#website"},"datePublished":"2015-04-20T21:13:41+00:00","dateModified":"2023-01-23T20:47:42+00:00","breadcrumb":{"@id":"https:\/\/tara-rafting.com\/de\/wichtige-hinweise-fur-unsere-gaste\/#breadcrumb"},"inLanguage":"de","potentialAction":[{"@type":"ReadAction","target":["https:\/\/tara-rafting.com\/de\/wichtige-hinweise-fur-unsere-gaste\/"]}]},{"@type":"BreadcrumbList","@id":"https:\/\/tara-rafting.com\/de\/wichtige-hinweise-fur-unsere-gaste\/#breadcrumb","itemListElement":[{"@type":"ListItem","position":1,"name":"Home","item":"https:\/\/tara-rafting.com\/de\/"},{"@type":"ListItem","position":2,"name":"Wichtige Hinweise f\u00fcr unsere G\u00e4ste"}]},{"@type":"WebSite","@id":"https:\/\/tara-rafting.com\/de\/#website","url":"https:\/\/tara-rafting.com\/de\/","name":"Tara Rafting, DMD kamp. Najbolji rafting Tarom i Drinom, teambuilding, hiking. Rafting sezona 2026, ponude i cene.","description":"Tara Rafting","publisher":{"@id":"https:\/\/tara-rafting.com\/de\/#organization"},"potentialAction":[{"@type":"SearchAction","target":{"@type":"EntryPoint","urlTemplate":"https:\/\/tara-rafting.com\/de\/?s={search_term_string}"},"query-input":{"@type":"PropertyValueSpecification","valueRequired":true,"valueName":"search_term_string"}}],"inLanguage":"de"},{"@type":"Organization","@id":"https:\/\/tara-rafting.com\/de\/#organization","name":"Rafting kamp DMD","url":"https:\/\/tara-rafting.com\/de\/","logo":{"@type":"ImageObject","inLanguage":"de","@id":"https:\/\/tara-rafting.com\/de\/#\/schema\/logo\/image\/","url":"https:\/\/tara-rafting.com\/wp-content\/uploads\/favicon144x144-apple.png","contentUrl":"https:\/\/tara-rafting.com\/wp-content\/uploads\/favicon144x144-apple.png","width":144,"height":144,"caption":"Rafting kamp DMD"},"image":{"@id":"https:\/\/tara-rafting.com\/de\/#\/schema\/logo\/image\/"},"sameAs":["https:\/\/www.facebook.com\/tara.rafting.dmd","https:\/\/x.com\/tararaftingdmd"]}]}},"_links":{"self":[{"href":"https:\/\/tara-rafting.com\/de\/wp-json\/wp\/v2\/pages\/4867","targetHints":{"allow":["GET"]}}],"collection":[{"href":"https:\/\/tara-rafting.com\/de\/wp-json\/wp\/v2\/pages"}],"about":[{"href":"https:\/\/tara-rafting.com\/de\/wp-json\/wp\/v2\/types\/page"}],"author":[{"embeddable":true,"href":"https:\/\/tara-rafting.com\/de\/wp-json\/wp\/v2\/users\/1"}],"replies":[{"embeddable":true,"href":"https:\/\/tara-rafting.com\/de\/wp-json\/wp\/v2\/comments?post=4867"}],"version-history":[{"count":3,"href":"https:\/\/tara-rafting.com\/de\/wp-json\/wp\/v2\/pages\/4867\/revisions"}],"predecessor-version":[{"id":9688,"href":"https:\/\/tara-rafting.com\/de\/wp-json\/wp\/v2\/pages\/4867\/revisions\/9688"}],"wp:attachment":[{"href":"https:\/\/tara-rafting.com\/de\/wp-json\/wp\/v2\/media?parent=4867"}],"curies":[{"name":"wp","href":"https:\/\/api.w.org\/{rel}","templated":true}]}}