{"id":3917,"date":"2014-03-28T10:26:16","date_gmt":"2014-03-28T10:26:16","guid":{"rendered":"http:\/\/tara-rafting.com\/?page_id=3917"},"modified":"2024-04-17T11:37:12","modified_gmt":"2024-04-17T11:37:12","slug":"adrenaline-1-one-day","status":"publish","type":"page","link":"https:\/\/tara-rafting.com\/en\/adrenaline-1-one-day\/","title":{"rendered":"Adrenaline 1 \u2013 One day"},"content":{"rendered":"<p>[et_pb_section fb_built=&#8221;1&#8243; admin_label=&#8221;section&#8221; _builder_version=&#8221;4.16&#8243; global_colors_info=&#8221;{}&#8221;][et_pb_row admin_label=&#8221;row&#8221; _builder_version=&#8221;4.16&#8243; background_size=&#8221;initial&#8221; background_position=&#8221;top_left&#8221; background_repeat=&#8221;repeat&#8221; global_colors_info=&#8221;{}&#8221;][et_pb_column type=&#8221;4_4&#8243; _builder_version=&#8221;4.16&#8243; custom_padding=&#8221;|||&#8221; global_colors_info=&#8221;{}&#8221; custom_padding__hover=&#8221;|||&#8221;][et_pb_text admin_label=&#8221;Adrenaline 1 \u2013 One day&#8221; _builder_version=&#8221;4.19.4&#8243; _module_preset=&#8221;default&#8221; global_colors_info=&#8221;{}&#8221;]<\/p>\n<h1 class=\"page-title\" style=\"text-align: center;\">Adrenaline 1 \u2013 One day<\/h1>\n<p>[\/et_pb_text][et_pb_text admin_label=&#8221;Text&#8221; _builder_version=&#8221;4.19.4&#8243; background_size=&#8221;initial&#8221; background_position=&#8221;top_left&#8221; background_repeat=&#8221;repeat&#8221; global_colors_info=&#8221;{}&#8221;]<\/p>\n<p><img loading=\"lazy\" decoding=\"async\" class=\"aligncenter wp-image-8277 size-full\" src=\"http:\/\/tara-rafting.com\/wp-content\/uploads\/2020\/02\/A1-1600x600-en-1.jpg\" alt=\"Adrenaline 1 \u2013 One day\" width=\"1600\" height=\"600\" srcset=\"https:\/\/tara-rafting.com\/wp-content\/uploads\/2020\/02\/A1-1600x600-en-1.jpg 1600w, https:\/\/tara-rafting.com\/wp-content\/uploads\/2020\/02\/A1-1600x600-en-1-768x288.jpg 768w\" sizes=\"(max-width: 1600px) 100vw, 1600px\" \/><\/p>\n<h1 style=\"text-align: center;\"><span style=\"background-color: #194d8c; color: #ffffff;\">\u00a0 Price 70\u20ac \u00a0<span style=\"background-color: #000080;\"><br \/><\/span><\/span><\/h1>\n<p>&nbsp;<\/p>\n<p>For all of you with not that much leisure time. One day is enough to relax in the nature, to enjoy rafting on Tara and Drina and to boost your body with adrenalin. This will be a refreshing experience, helping you recharge your batteries.<\/p>\n<h3><span style=\"background-color: #194d8c; color: #ffffff;\">\u00a0 Timeline \u00a0<\/span><\/h3>\n<p><span style=\"color: #969696; font-weight: bold;\">Day 1:<\/span> Arrival to DMD Camp in the morning hours, distribution of rafting gear (boots, life vests and helmets), and departure for Br\u0161tenovica \u2013 rafting starting point. Rafting for 22km, where you get to see \u201cThe Tear of Europe\u201d Tara, drink this river\u2019s cold water and take a swim in its crystal clear depths. Taken by its wild waters, you will sail into Drina. We continue our voyage to the DMD Camp where traditional lunch is served.<\/p>\n<p>[\/et_pb_text][\/et_pb_column][\/et_pb_row][et_pb_row column_structure=&#8221;1_2,1_2&#8243; admin_label=&#8221;row&#8221; _builder_version=&#8221;4.16&#8243; background_size=&#8221;initial&#8221; background_position=&#8221;top_left&#8221; background_repeat=&#8221;repeat&#8221; global_colors_info=&#8221;{}&#8221;][et_pb_column type=&#8221;1_2&#8243; _builder_version=&#8221;4.16&#8243; custom_padding=&#8221;|||&#8221; global_colors_info=&#8221;{}&#8221; custom_padding__hover=&#8221;|||&#8221;][et_pb_text admin_label=&#8221;Text&#8221; _builder_version=&#8221;4.19.4&#8243; background_size=&#8221;initial&#8221; background_position=&#8221;top_left&#8221; background_repeat=&#8221;repeat&#8221; global_colors_info=&#8221;{}&#8221;]<\/p>\n<h3><span style=\"background-color: #13b85d; color: #ffffff;\"> &nbsp;Price includes: &nbsp;<\/span><\/h3>\n<ul class=\"fa-ul\">\n<li><i class=\"fa-li fa fa-check-square\" style=\"color: #13b85d;\"><\/i>Rafting, equipment, lunch and transport<\/li>\n<li><i class=\"fa-li fa fa-check-square\" style=\"color: #13b85d;\"><\/i>Rent of equipment (wet suits, boots, life vests, helmets)<\/li>\n<li><i class=\"fa-li fa fa-check-square\" style=\"color: #13b85d;\"><\/i>1 time rafting<\/li>\n<li><i class=\"fa-li fa fa-check-square\" style=\"color: #13b85d;\"><\/i>Transport to Br\u0161tenovice<\/li>\n<\/ul>\n<p>[\/et_pb_text][\/et_pb_column][et_pb_column type=&#8221;1_2&#8243; _builder_version=&#8221;4.16&#8243; custom_padding=&#8221;|||&#8221; global_colors_info=&#8221;{}&#8221; custom_padding__hover=&#8221;|||&#8221;][et_pb_text admin_label=&#8221;Text&#8221; _builder_version=&#8221;4.19.4&#8243; background_size=&#8221;initial&#8221; background_position=&#8221;top_left&#8221; background_repeat=&#8221;repeat&#8221; global_colors_info=&#8221;{}&#8221;]<\/p>\n<h3><span style=\"background-color: #f75353; color: #ffffff;\">&nbsp; Price doesn\u2019t include: &nbsp;<\/span><\/h3>\n<ul class=\"fa-ul\">\n<li><i class=\"fa-li fa fa-minus-square\" style=\"color: #f75353;\"><\/i>Local tax 5\u20ac<\/li>\n<li><i class=\"fa-li fa fa-minus-square\" style=\"color: #f75353;\"><\/i>Insurance 5\u20ac<\/li>\n<li><i class=\"fa-li fa fa-minus-square\" style=\"color: #f75353;\"><\/i>Transport to DMD Camp<\/li>\n<\/ul>\n<p>[\/et_pb_text][\/et_pb_column][\/et_pb_row][et_pb_row admin_label=&#8221;row&#8221; _builder_version=&#8221;4.16&#8243; background_size=&#8221;initial&#8221; background_position=&#8221;top_left&#8221; background_repeat=&#8221;repeat&#8221; global_colors_info=&#8221;{}&#8221;][et_pb_column type=&#8221;4_4&#8243; _builder_version=&#8221;4.16&#8243; custom_padding=&#8221;|||&#8221; global_colors_info=&#8221;{}&#8221; custom_padding__hover=&#8221;|||&#8221;][et_pb_text admin_label=&#8221;Text&#8221; _builder_version=&#8221;4.19.4&#8243; background_size=&#8221;initial&#8221; background_position=&#8221;top_left&#8221; background_repeat=&#8221;repeat&#8221; global_colors_info=&#8221;{}&#8221;]<\/p>\n<h3><span style=\"background-color: #2d64a7; color: #ffffff;\"> \u00a0Additional information: \u00a0<\/span><\/h3>\n<ul class=\"fa-ul\">\n<li><i class=\"fa-li fa fa-circle\" style=\"color: #2d64a7;\"><\/i>Advance payment: 50% out of the whole package price should be paid before the arrival.<\/li>\n<li><i class=\"fa-li fa fa-circle\" style=\"color: #2d64a7;\"><\/i>DMD Camp has electricity, water, toilers, loudspeaker, water terrace and shower cabins\u2026<\/li>\n<li><i class=\"fa-li fa fa-circle\" style=\"color: #2d64a7;\"><\/i>Camp\u2019s capacity is 100 beds.<\/li>\n<li><i class=\"fa-li fa fa-circle\" style=\"color: #2d64a7;\"><\/i>We can arrange your transport to DMD Camp. If you are coming by your own car, there will be a parking lot at your disposal.<\/li>\n<li><i class=\"fa-li fa fa-circle\" style=\"color: #2d64a7;\"><\/i>DMD Camp serves only authentic meals and they are plentiful accordingly.<\/li>\n<li><i class=\"fa-li fa fa-circle\" style=\"color: #2d64a7;\"><\/i>While rafting, you have to carry your ID cards due to transit across the state border.<\/li>\n<li><i class=\"fa-li fa fa-circle\" style=\"color: #2d64a7;\"><\/i>After lunch, you can take another descent on Drina to Fo\u010da. Additional payment is required.<\/li>\n<\/ul>\n<p><a title=\"Necessarily instruction for our guests\" href=\"https:\/\/tara-rafting.com\/en\/necessarily-instruction-for-our-guests\/\" target=\"_blank\" rel=\"noopener noreferrer\">\u00a0<\/a><\/p>\n<h4 style=\"text-align: center; text-transform: uppercase;\"><span style=\"background-color: #f75c23; color: #ffffff;\"><a href=\"https:\/\/tara-rafting.com\/en\/necessarily-instruction-for-our-guests\/\">Necessarily instruction for our guests<\/a>\u00a0<span style=\"background-color: #000080;\"><br \/><\/span><\/span><\/h4>\n<p>[\/et_pb_text][\/et_pb_column][\/et_pb_row][\/et_pb_section]<\/p>\n","protected":false},"excerpt":{"rendered":"<p>Adrenaline 1 \u2013 One day \u00a0 Price 70\u20ac \u00a0 &nbsp; For all of you with not that much leisure time. One day is enough to relax in the nature, to enjoy rafting on Tara and Drina and to boost your body with adrenalin. This will be a refreshing experience, helping you recharge your batteries. \u00a0 [&hellip;]<\/p>\n","protected":false},"author":1,"featured_media":0,"parent":0,"menu_order":0,"comment_status":"closed","ping_status":"open","template":"","meta":{"_et_pb_use_builder":"on","_et_pb_old_content":"<p><img class=\"alignnone size-full wp-image-4112\" src=\"http:\/\/tara-rafting.com\/wp-content\/uploads\/2020\/02\/A1-1600x600-1.jpg\" alt=\"rafting aranzman Adrenalin-1\" width=\"1600\" height=\"600\"><\/p><h1 style=\"text-align: center;\"><span style=\"background-color: #194d8c; color: #ffffff;\">\u00a0 Cena 50\u20ac \u00a0<span style=\"background-color: #000080;\"><br><\/span><\/span><\/h1><p>\u00a0<\/p><p>Za sve vas koji nemate mnogo slobodnog vremena. Dovoljan je jedan slobodan dan se odmorite u prirodi, u\u017eivate u dru\u017eenju i splavarenju Tarom i Drinom i podignete adrenalin. Osve\u017eavaju\u0107e iskustvo koje \u0107e vam napuniti baterije!<\/p><h3><span style=\"background-color: #194d8c; color: #ffffff;\">\u00a0 Sadr\u017eaj \u00a0<\/span><\/h3><p><span style=\"color: #969696; font-weight: bold;\">1. dan:<\/span> : Dolazak u kamp DMD, u jutarnjim satima gde vas o\u010dekuje pi\u0107e dobrodo\u0161lice I doru\u010dak. Posle doru\u010dka u skiperaju pruzimate opremu za splavarenje (\u010dizmice, prsluci, kacige). Zatim, na\u0161im vozilima polazimo do mesta Br\u0161tenovica odakle po\u010dinje splavarenje. Splavari se oko 22km, a tokom puta vide\u0107ete: Suzu Evrope Taru, piti vodu iz nje, kupati se u njenim hladnim i bistrim vodama, ispitati neukrotive brzake te lepotice koja vekovima kle\u0161e svoj put u planinskim vencima Crne Gore i Bosne i Hercegovine. No\u0161eni njenim divljim vodama ulazimo u reku Drinu i nastavljamo do kampa DMD gde nas \u010deka doma\u0107inski ru\u010dak.<\/p><p>[ut_one_half]<\/p><h3><span style=\"background-color: #13b85d; color: #ffffff;\"> \u00a0Ura\u010dunato u cenu \u00a0<\/span><\/h3><ul class=\"fa-ul\"><li><i class=\"fa-li fa fa-check-square\" style=\"color: #13b85d;\"><\/i>Doru\u010dak, spust, ru\u010dak<\/li><li><i class=\"fa-li fa fa-check-square\" style=\"color: #13b85d;\"><\/i>kompletno iznajmljivanje opreme (ronila\u010dka odela, \u010dizmice, prsluci, kacige)<\/li><li><i class=\"fa-li fa fa-check-square\" style=\"color: #13b85d;\"><\/i>1 splavarenje na\u0161im \u010damcima<\/li><li><i class=\"fa-li fa fa-check-square\" style=\"color: #13b85d;\"><\/i>prevoz na\u0161im kombijima do Br\u0161tenovice<\/li><li><i class=\"fa-li fa fa-check-square\" style=\"color: #13b85d;\"><\/i>boravi\u0161na taksa<\/li><li><i class=\"fa-li fa fa-check-square\" style=\"color: #13b85d;\"><\/i>osiguranje<\/li><li><i class=\"fa-li fa fa-check-square\" style=\"color: #13b85d;\"><\/i>taksa za rafting<\/li><li><i class=\"fa-li fa fa-check-square\" style=\"color: #13b85d;\"><\/i>takse za Nacionalni park<\/li><\/ul><p>[\/ut_one_half]<\/p><p>[ut_one_half_last]<\/p><h3><span style=\"background-color: #2d64a7; color: #ffffff;\"> \u00a0Dodatne Informacije \u00a0<\/span><\/h3><ul class=\"fa-ul\"><li><i class=\"fa-li fa fa-circle\" style=\"color: #2d64a7;\"><\/i>Avans se pla\u0107a u iznosu od 50% od ukupne cene aran\u017emana i u slu\u010daju otkaza se zadr\u017eava.<\/li><li><i class=\"fa-li fa fa-circle\" style=\"color: #2d64a7;\"><\/i>Kamp DMD poseduje struju, pitku vodu,sanitarni \u010dvor, razglas, terasu na vodi, tu\u0161 kabinu\u2026<\/li><li><i class=\"fa-li fa fa-circle\" style=\"color: #2d64a7;\"><\/i>Kapacitet kampa je 100 le\u017eaja.<\/li><li><i class=\"fa-li fa fa-circle\" style=\"color: #2d64a7;\"><\/i>Mogu\u0107nost organizovanja prevoza od mesta polaska direktno do kampa, ili ukoliko dolazite sopstvenim prevozom obezbe\u0111eno parking mesto.<\/li><li><i class=\"fa-li fa fa-circle\" style=\"color: #2d64a7;\"><\/i>Hrana u kampu je obilna, u skladu sa svim navedenim sadr\u017eajima, autenti\u010dna doma\u0107a kuhinja.<\/li><li><i class=\"fa-li fa fa-circle\" style=\"color: #2d64a7;\"><\/i>Na put ste obavezni poneti li\u010dne karte radi prelaska dr\u017eavne granice.<\/li><li><i class=\"fa-li fa fa-circle\" style=\"color: #2d64a7;\"><\/i>Posle ru\u010dka je moguce nastaviti spust Drinom do Fo\u010de uz dogovor i doplatu.<\/li><li><i class=\"fa-li fa fa-circle\" style=\"color: #2d64a7;\"><\/i>MOGU\u0106NOST ORGANIZOVANOG PREVOZA IZ BEOGRADA I NOVOG SADA<\/li><\/ul><p>[\/ut_one_half_last]<\/p><p>[ut_one_half]<\/p><h3><span style=\"background-color: #f75353; color: #ffffff;\">\u00a0 Nije ura\u010dunato u cenu \u00a0<\/span><\/h3><ul class=\"fa-ul\"><li><i class=\"fa-li fa fa-minus-square\" style=\"color: #f75353;\"><\/i>prevoz od mesta polaska do kampa DMD<\/li><\/ul><p>[\/ut_one_half]<\/p><p>\u00a0<br>\u00a0<br>\u00a0<br>[ut_one_half]<br>[iphorm id=\"4\" name=\"Kontakt (Srpski)-Adrenalin 1\"]<br>[\/ut_one_half]<\/p><p>[ut_one_half_last]<br><img class=\"aligncenter size-full wp-image-8458\" src=\"http:\/\/tara-rafting.com\/wp-content\/uploads\/2021\/03\/G0024363-900x1050.jpg\" alt=\"Rafting Tarom, rafting ponude, rafting rezervacije\" width=\"900\" height=\"1050\"><br>[\/ut_one_half_last]<\/p><p><a title=\"Obavezno uputstvo za goste kampa\" href=\"http:\/\/tara-rafting.com\/obavezno-uputstvo-za-goste-kampa\/\" target=\"_blank\" rel=\"noopener noreferrer\">\u00a0<\/a><\/p><p>\u00a0<\/p><h3 style=\"text-align: center; text-transform: uppercase;\"><span style=\"background-color: #f75c23; color: #ffffff;\">Obavezno uputstvo za goste\u00a0<span style=\"background-color: #000080;\"><br><\/span><\/span><\/h3><p>\u00a0<\/p><p>\u00a0<\/p><p>\u00a0<\/p><h3 style=\"text-align: center; text-transform: uppercase;\"><span style=\"background-color: #f75c23; color: #ffffff;\">Ku\u0107ni red rafting kampa DMD\u00a0<span style=\"background-color: #000080;\"><br><\/span><\/span><\/h3><p>\u00a0<\/p>","_et_gb_content_width":"","ngg_post_thumbnail":0,"footnotes":""},"class_list":["post-3917","page","type-page","status-publish","hentry"],"yoast_head":"<!-- This site is optimized with the Yoast SEO plugin v27.1.1 - https:\/\/yoast.com\/product\/yoast-seo-wordpress\/ -->\n<title>Adrenaline 1 \u2013 One day | Tara Rafting, DMD kamp. Najbolji rafting Tarom i Drinom, teambuilding, hiking. Rafting sezona 2026, ponude i cene.<\/title>\n<meta name=\"robots\" content=\"index, follow, max-snippet:-1, max-image-preview:large, max-video-preview:-1\" \/>\n<link rel=\"canonical\" href=\"https:\/\/tara-rafting.com\/en\/adrenaline-1-one-day\/\" \/>\n<meta property=\"og:locale\" content=\"en_US\" \/>\n<meta property=\"og:type\" content=\"article\" \/>\n<meta property=\"og:title\" content=\"Adrenaline 1 \u2013 One day | Tara Rafting, DMD kamp. Najbolji rafting Tarom i Drinom, teambuilding, hiking. Rafting sezona 2026, ponude i cene.\" \/>\n<meta property=\"og:description\" content=\"Adrenaline 1 \u2013 One day \u00a0 Price 70\u20ac \u00a0 &nbsp; For all of you with not that much leisure time. One day is enough to relax in the nature, to enjoy rafting on Tara and Drina and to boost your body with adrenalin. This will be a refreshing experience, helping you recharge your batteries. \u00a0 [&hellip;]\" \/>\n<meta property=\"og:url\" content=\"https:\/\/tara-rafting.com\/en\/adrenaline-1-one-day\/\" \/>\n<meta property=\"og:site_name\" content=\"Tara Rafting, DMD kamp. Najbolji rafting Tarom i Drinom, teambuilding, hiking. Rafting sezona 2026, ponude i cene.\" \/>\n<meta property=\"article:publisher\" content=\"https:\/\/www.facebook.com\/tara.rafting.dmd\" \/>\n<meta property=\"article:modified_time\" content=\"2024-04-17T11:37:12+00:00\" \/>\n<meta property=\"og:image\" content=\"http:\/\/tara-rafting.com\/wp-content\/uploads\/2020\/02\/A1-1600x600-en-1.jpg\" \/>\n<meta name=\"twitter:card\" content=\"summary_large_image\" \/>\n<meta name=\"twitter:site\" content=\"@tararaftingdmd\" \/>\n<meta name=\"twitter:label1\" content=\"Est. reading time\" \/>\n\t<meta name=\"twitter:data1\" content=\"3 minutes\" \/>\n<script type=\"application\/ld+json\" class=\"yoast-schema-graph\">{\"@context\":\"https:\/\/schema.org\",\"@graph\":[{\"@type\":\"WebPage\",\"@id\":\"https:\/\/tara-rafting.com\/en\/adrenaline-1-one-day\/\",\"url\":\"https:\/\/tara-rafting.com\/en\/adrenaline-1-one-day\/\",\"name\":\"Adrenaline 1 \u2013 One day | Tara Rafting, DMD kamp. Najbolji rafting Tarom i Drinom, teambuilding, hiking. Rafting sezona 2026, ponude i cene.\",\"isPartOf\":{\"@id\":\"https:\/\/tara-rafting.com\/en\/#website\"},\"primaryImageOfPage\":{\"@id\":\"https:\/\/tara-rafting.com\/en\/adrenaline-1-one-day\/#primaryimage\"},\"image\":{\"@id\":\"https:\/\/tara-rafting.com\/en\/adrenaline-1-one-day\/#primaryimage\"},\"thumbnailUrl\":\"http:\/\/tara-rafting.com\/wp-content\/uploads\/2020\/02\/A1-1600x600-en-1.jpg\",\"datePublished\":\"2014-03-28T10:26:16+00:00\",\"dateModified\":\"2024-04-17T11:37:12+00:00\",\"breadcrumb\":{\"@id\":\"https:\/\/tara-rafting.com\/en\/adrenaline-1-one-day\/#breadcrumb\"},\"inLanguage\":\"en-US\",\"potentialAction\":[{\"@type\":\"ReadAction\",\"target\":[\"https:\/\/tara-rafting.com\/en\/adrenaline-1-one-day\/\"]}]},{\"@type\":\"ImageObject\",\"inLanguage\":\"en-US\",\"@id\":\"https:\/\/tara-rafting.com\/en\/adrenaline-1-one-day\/#primaryimage\",\"url\":\"http:\/\/tara-rafting.com\/wp-content\/uploads\/2020\/02\/A1-1600x600-en-1.jpg\",\"contentUrl\":\"http:\/\/tara-rafting.com\/wp-content\/uploads\/2020\/02\/A1-1600x600-en-1.jpg\"},{\"@type\":\"BreadcrumbList\",\"@id\":\"https:\/\/tara-rafting.com\/en\/adrenaline-1-one-day\/#breadcrumb\",\"itemListElement\":[{\"@type\":\"ListItem\",\"position\":1,\"name\":\"Home\",\"item\":\"https:\/\/tara-rafting.com\/en\/\"},{\"@type\":\"ListItem\",\"position\":2,\"name\":\"Adrenaline 1 \u2013 One day\"}]},{\"@type\":\"WebSite\",\"@id\":\"https:\/\/tara-rafting.com\/en\/#website\",\"url\":\"https:\/\/tara-rafting.com\/en\/\",\"name\":\"Tara Rafting, DMD kamp. Najbolji rafting Tarom i Drinom, teambuilding, hiking. Rafting sezona 2026, ponude i cene.\",\"description\":\"Tara Rafting\",\"publisher\":{\"@id\":\"https:\/\/tara-rafting.com\/en\/#organization\"},\"potentialAction\":[{\"@type\":\"SearchAction\",\"target\":{\"@type\":\"EntryPoint\",\"urlTemplate\":\"https:\/\/tara-rafting.com\/en\/?s={search_term_string}\"},\"query-input\":{\"@type\":\"PropertyValueSpecification\",\"valueRequired\":true,\"valueName\":\"search_term_string\"}}],\"inLanguage\":\"en-US\"},{\"@type\":\"Organization\",\"@id\":\"https:\/\/tara-rafting.com\/en\/#organization\",\"name\":\"Rafting kamp DMD\",\"url\":\"https:\/\/tara-rafting.com\/en\/\",\"logo\":{\"@type\":\"ImageObject\",\"inLanguage\":\"en-US\",\"@id\":\"https:\/\/tara-rafting.com\/en\/#\/schema\/logo\/image\/\",\"url\":\"https:\/\/tara-rafting.com\/wp-content\/uploads\/favicon144x144-apple.png\",\"contentUrl\":\"https:\/\/tara-rafting.com\/wp-content\/uploads\/favicon144x144-apple.png\",\"width\":144,\"height\":144,\"caption\":\"Rafting kamp DMD\"},\"image\":{\"@id\":\"https:\/\/tara-rafting.com\/en\/#\/schema\/logo\/image\/\"},\"sameAs\":[\"https:\/\/www.facebook.com\/tara.rafting.dmd\",\"https:\/\/x.com\/tararaftingdmd\"]}]}<\/script>\n<!-- \/ Yoast SEO plugin. -->","yoast_head_json":{"title":"Adrenaline 1 \u2013 One day | Tara Rafting, DMD kamp. Najbolji rafting Tarom i Drinom, teambuilding, hiking. Rafting sezona 2026, ponude i cene.","robots":{"index":"index","follow":"follow","max-snippet":"max-snippet:-1","max-image-preview":"max-image-preview:large","max-video-preview":"max-video-preview:-1"},"canonical":"https:\/\/tara-rafting.com\/en\/adrenaline-1-one-day\/","og_locale":"en_US","og_type":"article","og_title":"Adrenaline 1 \u2013 One day | Tara Rafting, DMD kamp. Najbolji rafting Tarom i Drinom, teambuilding, hiking. Rafting sezona 2026, ponude i cene.","og_description":"Adrenaline 1 \u2013 One day \u00a0 Price 70\u20ac \u00a0 &nbsp; For all of you with not that much leisure time. One day is enough to relax in the nature, to enjoy rafting on Tara and Drina and to boost your body with adrenalin. This will be a refreshing experience, helping you recharge your batteries. \u00a0 [&hellip;]","og_url":"https:\/\/tara-rafting.com\/en\/adrenaline-1-one-day\/","og_site_name":"Tara Rafting, DMD kamp. Najbolji rafting Tarom i Drinom, teambuilding, hiking. Rafting sezona 2026, ponude i cene.","article_publisher":"https:\/\/www.facebook.com\/tara.rafting.dmd","article_modified_time":"2024-04-17T11:37:12+00:00","og_image":[{"url":"http:\/\/tara-rafting.com\/wp-content\/uploads\/2020\/02\/A1-1600x600-en-1.jpg","type":"","width":"","height":""}],"twitter_card":"summary_large_image","twitter_site":"@tararaftingdmd","twitter_misc":{"Est. reading time":"3 minutes"},"schema":{"@context":"https:\/\/schema.org","@graph":[{"@type":"WebPage","@id":"https:\/\/tara-rafting.com\/en\/adrenaline-1-one-day\/","url":"https:\/\/tara-rafting.com\/en\/adrenaline-1-one-day\/","name":"Adrenaline 1 \u2013 One day | Tara Rafting, DMD kamp. Najbolji rafting Tarom i Drinom, teambuilding, hiking. Rafting sezona 2026, ponude i cene.","isPartOf":{"@id":"https:\/\/tara-rafting.com\/en\/#website"},"primaryImageOfPage":{"@id":"https:\/\/tara-rafting.com\/en\/adrenaline-1-one-day\/#primaryimage"},"image":{"@id":"https:\/\/tara-rafting.com\/en\/adrenaline-1-one-day\/#primaryimage"},"thumbnailUrl":"http:\/\/tara-rafting.com\/wp-content\/uploads\/2020\/02\/A1-1600x600-en-1.jpg","datePublished":"2014-03-28T10:26:16+00:00","dateModified":"2024-04-17T11:37:12+00:00","breadcrumb":{"@id":"https:\/\/tara-rafting.com\/en\/adrenaline-1-one-day\/#breadcrumb"},"inLanguage":"en-US","potentialAction":[{"@type":"ReadAction","target":["https:\/\/tara-rafting.com\/en\/adrenaline-1-one-day\/"]}]},{"@type":"ImageObject","inLanguage":"en-US","@id":"https:\/\/tara-rafting.com\/en\/adrenaline-1-one-day\/#primaryimage","url":"http:\/\/tara-rafting.com\/wp-content\/uploads\/2020\/02\/A1-1600x600-en-1.jpg","contentUrl":"http:\/\/tara-rafting.com\/wp-content\/uploads\/2020\/02\/A1-1600x600-en-1.jpg"},{"@type":"BreadcrumbList","@id":"https:\/\/tara-rafting.com\/en\/adrenaline-1-one-day\/#breadcrumb","itemListElement":[{"@type":"ListItem","position":1,"name":"Home","item":"https:\/\/tara-rafting.com\/en\/"},{"@type":"ListItem","position":2,"name":"Adrenaline 1 \u2013 One day"}]},{"@type":"WebSite","@id":"https:\/\/tara-rafting.com\/en\/#website","url":"https:\/\/tara-rafting.com\/en\/","name":"Tara Rafting, DMD kamp. Najbolji rafting Tarom i Drinom, teambuilding, hiking. Rafting sezona 2026, ponude i cene.","description":"Tara Rafting","publisher":{"@id":"https:\/\/tara-rafting.com\/en\/#organization"},"potentialAction":[{"@type":"SearchAction","target":{"@type":"EntryPoint","urlTemplate":"https:\/\/tara-rafting.com\/en\/?s={search_term_string}"},"query-input":{"@type":"PropertyValueSpecification","valueRequired":true,"valueName":"search_term_string"}}],"inLanguage":"en-US"},{"@type":"Organization","@id":"https:\/\/tara-rafting.com\/en\/#organization","name":"Rafting kamp DMD","url":"https:\/\/tara-rafting.com\/en\/","logo":{"@type":"ImageObject","inLanguage":"en-US","@id":"https:\/\/tara-rafting.com\/en\/#\/schema\/logo\/image\/","url":"https:\/\/tara-rafting.com\/wp-content\/uploads\/favicon144x144-apple.png","contentUrl":"https:\/\/tara-rafting.com\/wp-content\/uploads\/favicon144x144-apple.png","width":144,"height":144,"caption":"Rafting kamp DMD"},"image":{"@id":"https:\/\/tara-rafting.com\/en\/#\/schema\/logo\/image\/"},"sameAs":["https:\/\/www.facebook.com\/tara.rafting.dmd","https:\/\/x.com\/tararaftingdmd"]}]}},"_links":{"self":[{"href":"https:\/\/tara-rafting.com\/en\/wp-json\/wp\/v2\/pages\/3917","targetHints":{"allow":["GET"]}}],"collection":[{"href":"https:\/\/tara-rafting.com\/en\/wp-json\/wp\/v2\/pages"}],"about":[{"href":"https:\/\/tara-rafting.com\/en\/wp-json\/wp\/v2\/types\/page"}],"author":[{"embeddable":true,"href":"https:\/\/tara-rafting.com\/en\/wp-json\/wp\/v2\/users\/1"}],"replies":[{"embeddable":true,"href":"https:\/\/tara-rafting.com\/en\/wp-json\/wp\/v2\/comments?post=3917"}],"version-history":[{"count":13,"href":"https:\/\/tara-rafting.com\/en\/wp-json\/wp\/v2\/pages\/3917\/revisions"}],"predecessor-version":[{"id":10143,"href":"https:\/\/tara-rafting.com\/en\/wp-json\/wp\/v2\/pages\/3917\/revisions\/10143"}],"wp:attachment":[{"href":"https:\/\/tara-rafting.com\/en\/wp-json\/wp\/v2\/media?parent=3917"}],"curies":[{"name":"wp","href":"https:\/\/api.w.org\/{rel}","templated":true}]}}