{"id":4158,"date":"2014-03-24T12:15:29","date_gmt":"2014-03-24T12:15:29","guid":{"rendered":"http:\/\/tara-rafting.com\/aranzmani-2\/"},"modified":"2025-02-26T12:27:21","modified_gmt":"2025-02-26T12:27:21","slug":"arrangements","status":"publish","type":"page","link":"https:\/\/tara-rafting.com\/en\/arrangements\/","title":{"rendered":"Arrangements"},"content":{"rendered":"<p>[et_pb_section fb_built=&#8221;1&#8243; _builder_version=&#8221;4.19.4&#8243; _module_preset=&#8221;default&#8221; global_colors_info=&#8221;{}&#8221;][et_pb_row admin_label=&#8221;row&#8221; _builder_version=&#8221;4.16&#8243; background_size=&#8221;initial&#8221; background_position=&#8221;top_left&#8221; background_repeat=&#8221;repeat&#8221; global_colors_info=&#8221;{}&#8221;][et_pb_column type=&#8221;4_4&#8243; _builder_version=&#8221;4.16&#8243; custom_padding=&#8221;|||&#8221; global_colors_info=&#8221;{}&#8221; custom_padding__hover=&#8221;|||&#8221;][et_pb_text admin_label=&#8221;Text&#8221; _builder_version=&#8221;4.19.4&#8243; background_size=&#8221;initial&#8221; background_position=&#8221;top_left&#8221; background_repeat=&#8221;repeat&#8221; global_colors_info=&#8221;{}&#8221;]<\/p>\n<h3 style=\"text-align: center;\">Our rafting offers for the 2025 season.<\/h3>\n<p style=\"text-align: center;\">Of course, if you have your own idea for a rafting vacation on the Tara river with us in the camp, we can always combine our offers for rafting and create an arrangement according to your wishes.<\/p>\n<p>[\/et_pb_text][\/et_pb_column][\/et_pb_row][et_pb_row _builder_version=&#8221;4.19.4&#8243; _module_preset=&#8221;default&#8221; global_colors_info=&#8221;{}&#8221;][et_pb_column type=&#8221;4_4&#8243; _builder_version=&#8221;4.19.4&#8243; _module_preset=&#8221;default&#8221; global_colors_info=&#8221;{}&#8221;][et_pb_pricing_tables featured_table_background_color=&#8221;#FFFFFF&#8221; admin_label=&#8221;Cenovnici A1,2,3-ENG&#8221; _builder_version=&#8221;4.19.4&#8243; _module_preset=&#8221;default&#8221; price_text_color=&#8221;rgba(33,33,33,0.66)&#8221; header_level=&#8221;h1&#8243; header_font=&#8221;||||||||&#8221; header_font_size=&#8221;22px&#8221; price_font=&#8221;Arial||||||||&#8221; price_font_size=&#8221;36px&#8221; price_line_height=&#8221;40px&#8221; custom_button=&#8221;on&#8221; button_text_size=&#8221;14px&#8221; button_font=&#8221;|600|||||||&#8221; button_custom_margin=&#8221;2px|2px|2px|2px|false|false&#8221; button_custom_padding=&#8221;2px|2px|2px|2px|false|false&#8221; custom_margin=&#8221;||||false|false&#8221; custom_padding=&#8221;|12px||0px|false|false&#8221; border_width_all=&#8221;0px&#8221; border_color_all=&#8221;#cccccc&#8221; border_style_all=&#8221;groove&#8221; global_colors_info=&#8221;{}&#8221;][et_pb_pricing_table title=&#8221;Adrenaline 1 \u2013 One Day&#8221; sum=&#8221;from 70\u20ac&#8221; button_url=&#8221;https:\/\/tara-rafting.com\/en\/adrenaline-1-one-day\/&#8221; button_text=&#8221;More Details&#8221; bullet_color=&#8221;RGBA(255,255,255,0)&#8221; _builder_version=&#8221;4.19.4&#8243; _module_preset=&#8221;default&#8221; price_font=&#8221;||||||||&#8221; currency_frequency_font=&#8221;||||||||&#8221; custom_button=&#8221;on&#8221; button_use_icon=&#8221;off&#8221; transform_translate=&#8221;-19px|0px&#8221; custom_padding=&#8221;8px||8px||false|false&#8221; custom_css_pricing_heading=&#8221;background:#3d6791;&#8221; header_text_shadow_style=&#8221;preset3&#8243; border_style_all=&#8221;ridge&#8221; box_shadow_style=&#8221;preset1&#8243; box_shadow_style_button=&#8221;preset1&#8243; global_colors_info=&#8221;{}&#8221; sticky_transition=&#8221;on&#8221;]<\/p>\n<p><a href=\"https:\/\/tara-rafting.com\/en\/adrenaline-1-one-day\/\"><\/a><a href=\"https:\/\/tara-rafting.com\/en\/adrenaline-1-one-day\/\"><img loading=\"lazy\" decoding=\"async\" class=\"image-opacity-effect1\" src=\"http:\/\/tara-rafting.com\/wp-content\/uploads\/2020\/02\/A1-800x532-en-1.jpg\" width=\"800\" height=\"532\" alt=\"Rafting arrangement Adrenaline 1\" \/><\/a><a href=\"https:\/\/tara-rafting.com\/en\/adrenaline-1-one-day\/\"><\/a><br \/><span>Breakfast in DMD Camp<\/span><br \/><span>Lunch in DMD Camp<\/span><br \/><span>Rafting equipment<\/span><br \/><span>1 rafting tour<\/span><br \/><span>Transport to Br\u0161tenovica (minibus)<\/span><\/p>\n<p>[\/et_pb_pricing_table][et_pb_pricing_table featured=&#8221;on&#8221; title=&#8221;Adrenaline 2 \u2013 Rafting on Tara and Drina&#8221; sum=&#8221;from 100\u20ac&#8221; button_url=&#8221;https:\/\/tara-rafting.com\/en\/adrenaline-2-rafting-on-tara-and-drina\/&#8221; button_text=&#8221;More Details&#8221; bullet_color=&#8221;RGBA(255,255,255,0)&#8221; _builder_version=&#8221;4.19.4&#8243; _module_preset=&#8221;default&#8221; custom_button=&#8221;on&#8221; button_use_icon=&#8221;off&#8221; custom_padding=&#8221;8px||8px||false|false&#8221; custom_css_pricing_heading=&#8221;background:#b84f28;&#8221; header_text_shadow_style=&#8221;preset3&#8243; border_style_all=&#8221;ridge&#8221; box_shadow_style=&#8221;preset1&#8243; box_shadow_style_button=&#8221;preset1&#8243; global_colors_info=&#8221;{}&#8221; sticky_transition=&#8221;on&#8221;]<\/p>\n<p><a href=\"https:\/\/tara-rafting.com\/en\/adrenaline-2-rafting-on-tara-and-drina\/\"><\/a><a href=\"https:\/\/tara-rafting.com\/en\/adrenaline-2-rafting-on-tara-and-drina\/\"><img loading=\"lazy\" decoding=\"async\" class=\"image-opacity-effect1\" src=\"http:\/\/tara-rafting.com\/wp-content\/uploads\/2020\/02\/A2-800x532-en.jpg\" width=\"800\" height=\"532\" alt=\"Rafting arrangement Adrenaline 2\" \/><\/a><a href=\"https:\/\/tara-rafting.com\/en\/adrenaline-2-rafting-on-tara-and-drina\/\"><\/a><\/p>\n<div class=\"rpt_feature rpt_feature_1-1\"><i class=\"fa-li fa fa-check\"><\/i><span>1 full board in DMD Camp (3 meals + 1 night)<\/span><\/div>\n<div class=\"rpt_feature rpt_feature_1-2\"><span>Rafting equipment<\/span><\/div>\n<div class=\"rpt_feature rpt_feature_1-3\"><span>1 rafting tour<\/span><\/div>\n<div class=\"rpt_feature rpt_feature_1-4\"><span>Transport to Br\u0161tenovica (minibus)<\/span><\/div>\n<p>[\/et_pb_pricing_table][et_pb_pricing_table title=&#8221;Adrenaline 3 \u2013 Rafting on Tara and Drina&#8221; sum=&#8221;from 120\u20ac&#8221; button_url=&#8221;https:\/\/tara-rafting.com\/en\/adrenalin-3-rafting-on-tara-and-drina\/&#8221; button_text=&#8221;More Details&#8221; bullet_color=&#8221;RGBA(255,255,255,0)&#8221; _builder_version=&#8221;4.19.4&#8243; _module_preset=&#8221;default&#8221; custom_button=&#8221;on&#8221; button_use_icon=&#8221;off&#8221; transform_translate=&#8221;19px|0px&#8221; transform_translate_linked=&#8221;off&#8221; custom_padding=&#8221;8px||8px||false|false&#8221; custom_css_pricing_heading=&#8221;background:#573479;&#8221; header_text_shadow_style=&#8221;preset3&#8243; border_style_all=&#8221;ridge&#8221; box_shadow_style=&#8221;preset1&#8243; box_shadow_style_button=&#8221;preset1&#8243; global_colors_info=&#8221;{}&#8221; sticky_transition=&#8221;on&#8221;]<\/p>\n<p><a href=\"https:\/\/tara-rafting.com\/en\/adrenalin-3-rafting-on-tara-and-drina\/\"><\/a><a href=\"https:\/\/tara-rafting.com\/en\/adrenalin-3-rafting-on-tara-and-drina\/\"><img loading=\"lazy\" decoding=\"async\" class=\"image-opacity-effect1\" src=\"http:\/\/tara-rafting.com\/wp-content\/uploads\/2020\/02\/A3-800x532-en.jpg\" width=\"800\" height=\"532\" alt=\"Rafting arrangement Adrenaline 3\" \/><\/a><a href=\"https:\/\/tara-rafting.com\/en\/adrenalin-3-rafting-on-tara-and-drina\/\"><\/a><\/p>\n<p><i class=\"fa-li fa fa-check\"><\/i><span>2-day board (5 meals and two nights)<\/span><br \/><span>Rafting equipment<\/span><br \/><span>1 rafting tour<\/span><br \/><span>Transport to Br\u0161tenovica (minibus)<\/span><\/p>\n<p>[\/et_pb_pricing_table][\/et_pb_pricing_tables][\/et_pb_column][\/et_pb_row][et_pb_row _builder_version=&#8221;4.19.4&#8243; _module_preset=&#8221;default&#8221; global_colors_info=&#8221;{}&#8221;][et_pb_column type=&#8221;4_4&#8243; _builder_version=&#8221;4.19.4&#8243; _module_preset=&#8221;default&#8221; global_colors_info=&#8221;{}&#8221;][et_pb_pricing_tables featured_table_background_color=&#8221;#FFFFFF&#8221; admin_label=&#8221;Cenovnici A4, AS-ENG&#8221; _builder_version=&#8221;4.19.4&#8243; _module_preset=&#8221;default&#8221; price_text_color=&#8221;rgba(33,33,33,0.66)&#8221; header_level=&#8221;h1&#8243; header_font=&#8221;||||||||&#8221; header_font_size=&#8221;22px&#8221; price_font=&#8221;Arial||||||||&#8221; price_font_size=&#8221;36px&#8221; price_line_height=&#8221;40px&#8221; custom_button=&#8221;on&#8221; button_text_size=&#8221;14px&#8221; button_font=&#8221;|600|||||||&#8221; button_custom_margin=&#8221;2px|2px|2px|2px|false|false&#8221; button_custom_padding=&#8221;2px|2px|2px|2px|false|false&#8221; custom_margin=&#8221;0px||||false|false&#8221; custom_padding=&#8221;|12px||0px|false|false&#8221; border_width_all=&#8221;0px&#8221; border_color_all=&#8221;#cccccc&#8221; border_style_all=&#8221;groove&#8221; global_colors_info=&#8221;{}&#8221;][et_pb_pricing_table title=&#8221;Adrenaline 4 \u2013 Rafting on Tara and Drina&#8221; sum=&#8221;from 160\u20ac&#8221; button_url=&#8221;https:\/\/tara-rafting.com\/en\/adrenaline-4-rafting-on-tara-and-drina\/&#8221; button_text=&#8221;More Details&#8221; bullet_color=&#8221;RGBA(255,255,255,0)&#8221; header_background_color=&#8221;#6bccc3&#8243; _builder_version=&#8221;4.19.4&#8243; _module_preset=&#8221;default&#8221; price_font=&#8221;||||||||&#8221; currency_frequency_font=&#8221;||||||||&#8221; custom_button=&#8221;on&#8221; button_use_icon=&#8221;off&#8221; transform_translate=&#8221;-19px|0px&#8221; custom_padding=&#8221;8px||8px||false|false&#8221; custom_css_pricing_heading=&#8221;background:#3d6791;&#8221; header_text_shadow_style=&#8221;preset3&#8243; border_style_all=&#8221;ridge&#8221; box_shadow_style=&#8221;preset1&#8243; box_shadow_style_button=&#8221;preset1&#8243; global_colors_info=&#8221;{}&#8221; sticky_transition=&#8221;on&#8221;]<\/p>\n<p><a href=\"https:\/\/tara-rafting.com\/en\/adrenaline-1-one-day\/\"><\/a><a href=\"https:\/\/tara-rafting.com\/en\/adrenaline-4-rafting-on-tara-and-drina\/\"><\/a><a href=\"https:\/\/tara-rafting.com\/en\/adrenaline-4-rafting-on-tara-and-drina\/\"><img loading=\"lazy\" decoding=\"async\" class=\"image-opacity-effect1\" src=\"http:\/\/tara-rafting.com\/wp-content\/uploads\/2020\/02\/A4-800x532-en.jpg\" width=\"800\" height=\"532\" alt=\"Adrenaline 4 \u2013 Rafting on Tara and Drina\" \/><\/a><a href=\"https:\/\/tara-rafting.com\/en\/adrenaline-4-rafting-on-tara-and-drina\/\"><\/a><br \/><span>2 x full board in DMD Camp (6 meals + 2 nights)<\/span><br \/><span>1 rafting tours<\/span><br \/><i class=\"fa-li fa fa-check\"><\/i><span>Transport to Br\u0161tenovica (minibus)<\/span><br \/><span>Rafting equipment<\/span><\/p>\n<p>[\/et_pb_pricing_table][et_pb_pricing_table title=&#8221;Adrenaline Special&#8221; sum=&#8221;from 320\u20ac&#8221; button_url=&#8221;http:\/\/tara-rafting.com\/adrenalin-special\/&#8221; button_text=&#8221;More Details&#8221; bullet_color=&#8221;RGBA(255,255,255,0)&#8221; header_background_color=&#8221;#e55e60&#8243; _builder_version=&#8221;4.19.4&#8243; _module_preset=&#8221;default&#8221; custom_button=&#8221;on&#8221; button_use_icon=&#8221;off&#8221; custom_padding=&#8221;8px||8px||false|false&#8221; custom_css_pricing_heading=&#8221;background:#b84f28;&#8221; header_text_shadow_style=&#8221;preset3&#8243; border_style_all=&#8221;ridge&#8221; box_shadow_style=&#8221;preset1&#8243; box_shadow_style_button=&#8221;preset1&#8243; global_colors_info=&#8221;{}&#8221; sticky_transition=&#8221;on&#8221;]<\/p>\n<p><a href=\"https:\/\/tara-rafting.com\/en\/adrenalin-special\/\"><\/a><a href=\"https:\/\/tara-rafting.com\/en\/adrenalin-special\/\"><img loading=\"lazy\" decoding=\"async\" class=\"image-opacity-effect1\" src=\"http:\/\/tara-rafting.com\/wp-content\/uploads\/2020\/02\/AS-800x532-en.jpg\" width=\"800\" height=\"532\" alt=\"Adrenaline Special\" \/><\/a><a href=\"https:\/\/tara-rafting.com\/en\/adrenalin-special\/\"><\/a><\/p>\n<div class=\"rpt_feature rpt_feature_1-1\"><i class=\"fa-li fa fa-check\"><\/i><span>2 full boards and one half board (8 meals i 3 nights)<\/span><\/div>\n<div class=\"rpt_feature rpt_feature_1-2\"><span>2x times rafting<\/span><\/div>\n<div class=\"rpt_feature rpt_feature_1-3\"><i class=\"fa-li fa fa-check\"><\/i><span>Transport to \u017dabljak<\/span><\/div>\n<div class=\"rpt_feature rpt_feature_1-4\"><span>Rent of equipment<\/span><\/div>\n<p>[\/et_pb_pricing_table][\/et_pb_pricing_tables][\/et_pb_column][\/et_pb_row][\/et_pb_section]<\/p>\n","protected":false},"excerpt":{"rendered":"<p>Our rafting offers for the 2025 season. Of course, if you have your own idea for a rafting vacation on the Tara river with us in the camp, we can always combine our offers for rafting and create an arrangement according to your wishes.Breakfast in DMD CampLunch in DMD CampRafting equipment1 rafting tourTransport to Br\u0161tenovica [&hellip;]<\/p>\n","protected":false},"author":1,"featured_media":0,"parent":0,"menu_order":0,"comment_status":"closed","ping_status":"open","template":"","meta":{"_et_pb_use_builder":"on","_et_pb_old_content":"<h3 style=\"text-align: center;\">Na\u0161e rafting ponude za sezonu 2022.<\/h3>\r\n<p style=\"text-align: center;\">Naravno ukoliko imate svoju ideju za rafting odmor na reci Tari kod nas u kampu, uvek mo\u017eemo za vas da iskombinujemo na\u0161e ponude za rafting i kreiramo aran\u017eman po va\u0161oj \u017eelji.<\/p>\r\n\u00a0\r\n[ut_pricing id=\"2949\"]\r\n[ut_pricing id=\"3418\"]","_et_gb_content_width":"","ngg_post_thumbnail":0,"footnotes":""},"class_list":["post-4158","page","type-page","status-publish","hentry"],"yoast_head":"<!-- This site is optimized with the Yoast SEO plugin v27.1.1 - https:\/\/yoast.com\/product\/yoast-seo-wordpress\/ -->\n<title>Rafting offers 2025 | Tara Rafting, DMD kamp. Najbolji rafting Tarom i Drinom, teambuilding, hiking. Rafting sezona 2026, ponude i cene.<\/title>\n<meta name=\"robots\" content=\"index, follow, max-snippet:-1, max-image-preview:large, max-video-preview:-1\" \/>\n<link rel=\"canonical\" href=\"https:\/\/tara-rafting.com\/en\/arrangements\/\" \/>\n<meta property=\"og:locale\" content=\"en_US\" \/>\n<meta property=\"og:type\" content=\"article\" \/>\n<meta property=\"og:title\" content=\"Rafting offers 2025 | Tara Rafting, DMD kamp. Najbolji rafting Tarom i Drinom, teambuilding, hiking. Rafting sezona 2026, ponude i cene.\" \/>\n<meta property=\"og:description\" content=\"Our rafting offers for the 2025 season. Of course, if you have your own idea for a rafting vacation on the Tara river with us in the camp, we can always combine our offers for rafting and create an arrangement according to your wishes.Breakfast in DMD CampLunch in DMD CampRafting equipment1 rafting tourTransport to Br\u0161tenovica [&hellip;]\" \/>\n<meta property=\"og:url\" content=\"https:\/\/tara-rafting.com\/en\/arrangements\/\" \/>\n<meta property=\"og:site_name\" content=\"Tara Rafting, DMD kamp. Najbolji rafting Tarom i Drinom, teambuilding, hiking. Rafting sezona 2026, ponude i cene.\" \/>\n<meta property=\"article:publisher\" content=\"https:\/\/www.facebook.com\/tara.rafting.dmd\" \/>\n<meta property=\"article:modified_time\" content=\"2025-02-26T12:27:21+00:00\" \/>\n<meta property=\"og:image\" content=\"http:\/\/tara-rafting.com\/wp-content\/uploads\/2020\/02\/A1-800x532-en-1.jpg\" \/>\n<meta name=\"twitter:card\" content=\"summary_large_image\" \/>\n<meta name=\"twitter:site\" content=\"@tararaftingdmd\" \/>\n<meta name=\"twitter:label1\" content=\"Est. reading time\" \/>\n\t<meta name=\"twitter:data1\" content=\"3 minutes\" \/>\n<script type=\"application\/ld+json\" class=\"yoast-schema-graph\">{\"@context\":\"https:\/\/schema.org\",\"@graph\":[{\"@type\":\"WebPage\",\"@id\":\"https:\/\/tara-rafting.com\/en\/arrangements\/\",\"url\":\"https:\/\/tara-rafting.com\/en\/arrangements\/\",\"name\":\"Rafting offers 2025 | Tara Rafting, DMD kamp. Najbolji rafting Tarom i Drinom, teambuilding, hiking. Rafting sezona 2026, ponude i cene.\",\"isPartOf\":{\"@id\":\"https:\/\/tara-rafting.com\/en\/#website\"},\"primaryImageOfPage\":{\"@id\":\"https:\/\/tara-rafting.com\/en\/arrangements\/#primaryimage\"},\"image\":{\"@id\":\"https:\/\/tara-rafting.com\/en\/arrangements\/#primaryimage\"},\"thumbnailUrl\":\"http:\/\/tara-rafting.com\/wp-content\/uploads\/2020\/02\/A1-800x532-en-1.jpg\",\"datePublished\":\"2014-03-24T12:15:29+00:00\",\"dateModified\":\"2025-02-26T12:27:21+00:00\",\"breadcrumb\":{\"@id\":\"https:\/\/tara-rafting.com\/en\/arrangements\/#breadcrumb\"},\"inLanguage\":\"en-US\",\"potentialAction\":[{\"@type\":\"ReadAction\",\"target\":[\"https:\/\/tara-rafting.com\/en\/arrangements\/\"]}]},{\"@type\":\"ImageObject\",\"inLanguage\":\"en-US\",\"@id\":\"https:\/\/tara-rafting.com\/en\/arrangements\/#primaryimage\",\"url\":\"http:\/\/tara-rafting.com\/wp-content\/uploads\/2020\/02\/A1-800x532-en-1.jpg\",\"contentUrl\":\"http:\/\/tara-rafting.com\/wp-content\/uploads\/2020\/02\/A1-800x532-en-1.jpg\"},{\"@type\":\"BreadcrumbList\",\"@id\":\"https:\/\/tara-rafting.com\/en\/arrangements\/#breadcrumb\",\"itemListElement\":[{\"@type\":\"ListItem\",\"position\":1,\"name\":\"Home\",\"item\":\"https:\/\/tara-rafting.com\/en\/\"},{\"@type\":\"ListItem\",\"position\":2,\"name\":\"Arrangements\"}]},{\"@type\":\"WebSite\",\"@id\":\"https:\/\/tara-rafting.com\/en\/#website\",\"url\":\"https:\/\/tara-rafting.com\/en\/\",\"name\":\"Tara Rafting, DMD kamp. Najbolji rafting Tarom i Drinom, teambuilding, hiking. Rafting sezona 2026, ponude i cene.\",\"description\":\"Tara Rafting\",\"publisher\":{\"@id\":\"https:\/\/tara-rafting.com\/en\/#organization\"},\"potentialAction\":[{\"@type\":\"SearchAction\",\"target\":{\"@type\":\"EntryPoint\",\"urlTemplate\":\"https:\/\/tara-rafting.com\/en\/?s={search_term_string}\"},\"query-input\":{\"@type\":\"PropertyValueSpecification\",\"valueRequired\":true,\"valueName\":\"search_term_string\"}}],\"inLanguage\":\"en-US\"},{\"@type\":\"Organization\",\"@id\":\"https:\/\/tara-rafting.com\/en\/#organization\",\"name\":\"Rafting kamp DMD\",\"url\":\"https:\/\/tara-rafting.com\/en\/\",\"logo\":{\"@type\":\"ImageObject\",\"inLanguage\":\"en-US\",\"@id\":\"https:\/\/tara-rafting.com\/en\/#\/schema\/logo\/image\/\",\"url\":\"https:\/\/tara-rafting.com\/wp-content\/uploads\/favicon144x144-apple.png\",\"contentUrl\":\"https:\/\/tara-rafting.com\/wp-content\/uploads\/favicon144x144-apple.png\",\"width\":144,\"height\":144,\"caption\":\"Rafting kamp DMD\"},\"image\":{\"@id\":\"https:\/\/tara-rafting.com\/en\/#\/schema\/logo\/image\/\"},\"sameAs\":[\"https:\/\/www.facebook.com\/tara.rafting.dmd\",\"https:\/\/x.com\/tararaftingdmd\"]}]}<\/script>\n<!-- \/ Yoast SEO plugin. -->","yoast_head_json":{"title":"Rafting offers 2025 | Tara Rafting, DMD kamp. Najbolji rafting Tarom i Drinom, teambuilding, hiking. Rafting sezona 2026, ponude i cene.","robots":{"index":"index","follow":"follow","max-snippet":"max-snippet:-1","max-image-preview":"max-image-preview:large","max-video-preview":"max-video-preview:-1"},"canonical":"https:\/\/tara-rafting.com\/en\/arrangements\/","og_locale":"en_US","og_type":"article","og_title":"Rafting offers 2025 | Tara Rafting, DMD kamp. Najbolji rafting Tarom i Drinom, teambuilding, hiking. Rafting sezona 2026, ponude i cene.","og_description":"Our rafting offers for the 2025 season. Of course, if you have your own idea for a rafting vacation on the Tara river with us in the camp, we can always combine our offers for rafting and create an arrangement according to your wishes.Breakfast in DMD CampLunch in DMD CampRafting equipment1 rafting tourTransport to Br\u0161tenovica [&hellip;]","og_url":"https:\/\/tara-rafting.com\/en\/arrangements\/","og_site_name":"Tara Rafting, DMD kamp. Najbolji rafting Tarom i Drinom, teambuilding, hiking. Rafting sezona 2026, ponude i cene.","article_publisher":"https:\/\/www.facebook.com\/tara.rafting.dmd","article_modified_time":"2025-02-26T12:27:21+00:00","og_image":[{"url":"http:\/\/tara-rafting.com\/wp-content\/uploads\/2020\/02\/A1-800x532-en-1.jpg","type":"","width":"","height":""}],"twitter_card":"summary_large_image","twitter_site":"@tararaftingdmd","twitter_misc":{"Est. reading time":"3 minutes"},"schema":{"@context":"https:\/\/schema.org","@graph":[{"@type":"WebPage","@id":"https:\/\/tara-rafting.com\/en\/arrangements\/","url":"https:\/\/tara-rafting.com\/en\/arrangements\/","name":"Rafting offers 2025 | Tara Rafting, DMD kamp. Najbolji rafting Tarom i Drinom, teambuilding, hiking. Rafting sezona 2026, ponude i cene.","isPartOf":{"@id":"https:\/\/tara-rafting.com\/en\/#website"},"primaryImageOfPage":{"@id":"https:\/\/tara-rafting.com\/en\/arrangements\/#primaryimage"},"image":{"@id":"https:\/\/tara-rafting.com\/en\/arrangements\/#primaryimage"},"thumbnailUrl":"http:\/\/tara-rafting.com\/wp-content\/uploads\/2020\/02\/A1-800x532-en-1.jpg","datePublished":"2014-03-24T12:15:29+00:00","dateModified":"2025-02-26T12:27:21+00:00","breadcrumb":{"@id":"https:\/\/tara-rafting.com\/en\/arrangements\/#breadcrumb"},"inLanguage":"en-US","potentialAction":[{"@type":"ReadAction","target":["https:\/\/tara-rafting.com\/en\/arrangements\/"]}]},{"@type":"ImageObject","inLanguage":"en-US","@id":"https:\/\/tara-rafting.com\/en\/arrangements\/#primaryimage","url":"http:\/\/tara-rafting.com\/wp-content\/uploads\/2020\/02\/A1-800x532-en-1.jpg","contentUrl":"http:\/\/tara-rafting.com\/wp-content\/uploads\/2020\/02\/A1-800x532-en-1.jpg"},{"@type":"BreadcrumbList","@id":"https:\/\/tara-rafting.com\/en\/arrangements\/#breadcrumb","itemListElement":[{"@type":"ListItem","position":1,"name":"Home","item":"https:\/\/tara-rafting.com\/en\/"},{"@type":"ListItem","position":2,"name":"Arrangements"}]},{"@type":"WebSite","@id":"https:\/\/tara-rafting.com\/en\/#website","url":"https:\/\/tara-rafting.com\/en\/","name":"Tara Rafting, DMD kamp. Najbolji rafting Tarom i Drinom, teambuilding, hiking. Rafting sezona 2026, ponude i cene.","description":"Tara Rafting","publisher":{"@id":"https:\/\/tara-rafting.com\/en\/#organization"},"potentialAction":[{"@type":"SearchAction","target":{"@type":"EntryPoint","urlTemplate":"https:\/\/tara-rafting.com\/en\/?s={search_term_string}"},"query-input":{"@type":"PropertyValueSpecification","valueRequired":true,"valueName":"search_term_string"}}],"inLanguage":"en-US"},{"@type":"Organization","@id":"https:\/\/tara-rafting.com\/en\/#organization","name":"Rafting kamp DMD","url":"https:\/\/tara-rafting.com\/en\/","logo":{"@type":"ImageObject","inLanguage":"en-US","@id":"https:\/\/tara-rafting.com\/en\/#\/schema\/logo\/image\/","url":"https:\/\/tara-rafting.com\/wp-content\/uploads\/favicon144x144-apple.png","contentUrl":"https:\/\/tara-rafting.com\/wp-content\/uploads\/favicon144x144-apple.png","width":144,"height":144,"caption":"Rafting kamp DMD"},"image":{"@id":"https:\/\/tara-rafting.com\/en\/#\/schema\/logo\/image\/"},"sameAs":["https:\/\/www.facebook.com\/tara.rafting.dmd","https:\/\/x.com\/tararaftingdmd"]}]}},"_links":{"self":[{"href":"https:\/\/tara-rafting.com\/en\/wp-json\/wp\/v2\/pages\/4158","targetHints":{"allow":["GET"]}}],"collection":[{"href":"https:\/\/tara-rafting.com\/en\/wp-json\/wp\/v2\/pages"}],"about":[{"href":"https:\/\/tara-rafting.com\/en\/wp-json\/wp\/v2\/types\/page"}],"author":[{"embeddable":true,"href":"https:\/\/tara-rafting.com\/en\/wp-json\/wp\/v2\/users\/1"}],"replies":[{"embeddable":true,"href":"https:\/\/tara-rafting.com\/en\/wp-json\/wp\/v2\/comments?post=4158"}],"version-history":[{"count":22,"href":"https:\/\/tara-rafting.com\/en\/wp-json\/wp\/v2\/pages\/4158\/revisions"}],"predecessor-version":[{"id":10222,"href":"https:\/\/tara-rafting.com\/en\/wp-json\/wp\/v2\/pages\/4158\/revisions\/10222"}],"wp:attachment":[{"href":"https:\/\/tara-rafting.com\/en\/wp-json\/wp\/v2\/media?parent=4158"}],"curies":[{"name":"wp","href":"https:\/\/api.w.org\/{rel}","templated":true}]}}