{"id":4671,"date":"2014-05-04T20:34:19","date_gmt":"2014-05-04T20:34:19","guid":{"rendered":"http:\/\/tara-rafting.com\/?page_id=4671"},"modified":"2014-05-04T20:34:19","modified_gmt":"2014-05-04T20:34:19","slug":"tara-wild-nature","status":"publish","type":"page","link":"https:\/\/tara-rafting.com\/en\/tara-wild-nature\/","title":{"rendered":"Tara \u2013 wild nature"},"content":{"rendered":"<div  class=\"ut-one-half  \">\n<p><div id=\"attachment_2449\" style=\"width: 910px\" class=\"wp-caption alignnone\"><a href=\"http:\/\/tara-rafting.com\/wp-content\/uploads\/2014\/04\/TaraNature1.jpg\"><img loading=\"lazy\" decoding=\"async\" aria-describedby=\"caption-attachment-2449\" class=\"size-full wp-image-2449   \" alt=\"DMD Kamp - Tara Rafting\" src=\"http:\/\/tara-rafting.com\/wp-content\/uploads\/2014\/04\/TaraNature1.jpg\" width=\"900\" height=\"605\" \/><\/a><p id=\"caption-attachment-2449\" class=\"wp-caption-text\">Reflip Team<\/p><\/div><\/p>\n<\/div>\n<div  class=\"ut-one-half ut-column-last  \">\n<p><div id=\"attachment_2449\" style=\"width: 910px\" class=\"wp-caption alignnone\"><a href=\"http:\/\/tara-rafting.com\/wp-content\/uploads\/2014\/04\/TaraNature21.jpg\"><img loading=\"lazy\" decoding=\"async\" aria-describedby=\"caption-attachment-2449\" class=\"size-full wp-image-2449   \" alt=\"DMD Kamp - Tara Rafting\" src=\"http:\/\/tara-rafting.com\/wp-content\/uploads\/2014\/04\/TaraNature21.jpg\" width=\"900\" height=\"605\" \/><\/a><p id=\"caption-attachment-2449\" class=\"wp-caption-text\">DMD Kamp &#8211; Tara Rafting<\/p><\/div><\/p>\n<\/div><div class=\"clear\"><\/div>\n<p><span style=\"font-size: x-large;\"><strong>River Tara \u2013 Tear of Europe<\/strong><\/span><\/p>\n<p>Just as it enters Bosnia and Herzegovina, river Tara joins Piva and makes an extraordinary green river Drina. Not far from the birth of Drina, our DMD Camp is located in a picturesque valley.<br \/>\nDo you know that Drina is one of the most pure watercourses in Europe? Situated in the wild mountain massives, glens and canyons, this natural watershed has 346km long stream. Because it holds a high concentration of dissolved limestone, Drina&#8217;s water is know by its green color, and people call it Zelenika or Zelenka. Drina is considered one of the most beautiful rivers of the Balkans region, because in the upper stream it creates numerous meanders, that pace through gorges and valleys. It flows from South to North and instils in Sava. <\/p>\n<div  class=\"ut-one-half  \">\n<p><div id=\"attachment_2449\" style=\"width: 910px\" class=\"wp-caption alignnone\"><a href=\"http:\/\/tara-rafting.com\/wp-content\/uploads\/2014\/04\/TaraNAture4.jpg\"><img loading=\"lazy\" decoding=\"async\" aria-describedby=\"caption-attachment-2449\" class=\"size-full wp-image-2449   \" alt=\"DMD Kamp - Tara Rafting\" src=\"http:\/\/tara-rafting.com\/wp-content\/uploads\/2014\/04\/TaraNAture4.jpg\" width=\"900\" height=\"605\" \/><\/a><p id=\"caption-attachment-2449\" class=\"wp-caption-text\">Reflip Team<\/p><\/div><\/p>\n<\/div>\n<div  class=\"ut-one-half ut-column-last  \">\n<p><div id=\"attachment_2449\" style=\"width: 910px\" class=\"wp-caption alignnone\"><a href=\"http:\/\/tara-rafting.com\/wp-content\/uploads\/2014\/04\/TaraNature3.jpg\"><img loading=\"lazy\" decoding=\"async\" aria-describedby=\"caption-attachment-2449\" class=\"size-full wp-image-2449   \" alt=\"DMD Kamp - Tara Rafting\" src=\"http:\/\/tara-rafting.com\/wp-content\/uploads\/2014\/04\/TaraNature3.jpg\" width=\"900\" height=\"605\" \/><\/a><p id=\"caption-attachment-2449\" class=\"wp-caption-text\">DMD Kamp &#8211; Tara Rafting<\/p><\/div><\/p>\n<\/div><div class=\"clear\"><\/div>\n<p>Flora and fauna of this part of the Balkans is not only rare, but wild and rich, representing one of the most important characteristics of the beautiful Tara canyon and Drina rapids. River Tara flow saved numerous species from the impact of time, so we can find specimens of tertiary flora from the ice age. A great part of Tara canyon is covered with softwood, and the most important one is certainly Black Pine. There are pines of this sort up to 50m high and around 400 years old.<br \/>\nTara canyon is a natural habitat of mountain goats, and the same goes for roes and wild boars. Tara has an extremely rich water life, there are a lot of different fish species: trout, huchen, grayling, chub and carp.<br \/>\nThe bridge on \u0110ur\u0111evi\u0107a Tara, between the villages Bude\u010devica and Tre\u0161njica, tried to overleap a breathtaking nature of this region. For this magnificent architectural work, Mijat S. Stojanovi\u0107, one of the greatest architects from Kingdom Yugoslavia, was held responsible. The bridge was built in the late 30s of the 20th century, and at the time it was the biggest road bridge in Europe made of ferroconcrete.<br \/>\nDrina takes the middle position on the Balkan peninsula, with its 346km long stream. Drina&#8217;s basin holds several endemic and relict species of plants and animals. In National Park Tara, 53 different species of mammals have been recorded and over 1.000 plant species. If we sum up this data, Tara holds one third of the whole flora in Serbia. Since Drina transforms from the mountain river to the lowland one, it hold 47 species and 14 fish families. <\/p>\n<p>What are you waiting for? :) We are expecting you on Drina banks, in DMD Camp!<\/p>\n","protected":false},"excerpt":{"rendered":"<p>River Tara \u2013 Tear of Europe Just as it enters Bosnia and Herzegovina, river Tara joins Piva and makes an extraordinary green river Drina. Not far from the birth of Drina, our DMD Camp is located in a picturesque valley. Do you know that Drina is one of the most pure watercourses in Europe? Situated [&hellip;]<\/p>\n","protected":false},"author":1,"featured_media":0,"parent":0,"menu_order":0,"comment_status":"closed","ping_status":"open","template":"","meta":{"_et_pb_use_builder":"","_et_pb_old_content":"","_et_gb_content_width":"","ngg_post_thumbnail":0,"footnotes":""},"class_list":["post-4671","page","type-page","status-publish","hentry"],"yoast_head":"<!-- This site is optimized with the Yoast SEO plugin v27.1.1 - https:\/\/yoast.com\/product\/yoast-seo-wordpress\/ -->\n<title>Tara \u2013 wild nature | Tara Rafting, DMD kamp. Najbolji rafting Tarom i Drinom, teambuilding, hiking. Rafting sezona 2026, ponude i cene.<\/title>\n<meta name=\"robots\" content=\"index, follow, max-snippet:-1, max-image-preview:large, max-video-preview:-1\" \/>\n<link rel=\"canonical\" href=\"https:\/\/tara-rafting.com\/en\/tara-wild-nature\/\" \/>\n<meta property=\"og:locale\" content=\"en_US\" \/>\n<meta property=\"og:type\" content=\"article\" \/>\n<meta property=\"og:title\" content=\"Tara \u2013 wild nature | Tara Rafting, DMD kamp. Najbolji rafting Tarom i Drinom, teambuilding, hiking. Rafting sezona 2026, ponude i cene.\" \/>\n<meta property=\"og:description\" content=\"River Tara \u2013 Tear of Europe Just as it enters Bosnia and Herzegovina, river Tara joins Piva and makes an extraordinary green river Drina. Not far from the birth of Drina, our DMD Camp is located in a picturesque valley. Do you know that Drina is one of the most pure watercourses in Europe? Situated [&hellip;]\" \/>\n<meta property=\"og:url\" content=\"https:\/\/tara-rafting.com\/en\/tara-wild-nature\/\" \/>\n<meta property=\"og:site_name\" content=\"Tara Rafting, DMD kamp. Najbolji rafting Tarom i Drinom, teambuilding, hiking. Rafting sezona 2026, ponude i cene.\" \/>\n<meta property=\"article:publisher\" content=\"https:\/\/www.facebook.com\/tara.rafting.dmd\" \/>\n<meta property=\"og:image\" content=\"http:\/\/tara-rafting.com\/wp-content\/uploads\/2014\/04\/TaraNature1.jpg\" \/>\n<meta name=\"twitter:card\" content=\"summary_large_image\" \/>\n<meta name=\"twitter:site\" content=\"@tararaftingdmd\" \/>\n<meta name=\"twitter:label1\" content=\"Est. reading time\" \/>\n\t<meta name=\"twitter:data1\" content=\"2 minutes\" \/>\n<script type=\"application\/ld+json\" class=\"yoast-schema-graph\">{\"@context\":\"https:\/\/schema.org\",\"@graph\":[{\"@type\":\"WebPage\",\"@id\":\"https:\/\/tara-rafting.com\/en\/tara-wild-nature\/\",\"url\":\"https:\/\/tara-rafting.com\/en\/tara-wild-nature\/\",\"name\":\"Tara \u2013 wild nature | Tara Rafting, DMD kamp. Najbolji rafting Tarom i Drinom, teambuilding, hiking. Rafting sezona 2026, ponude i cene.\",\"isPartOf\":{\"@id\":\"https:\/\/tara-rafting.com\/en\/#website\"},\"primaryImageOfPage\":{\"@id\":\"https:\/\/tara-rafting.com\/en\/tara-wild-nature\/#primaryimage\"},\"image\":{\"@id\":\"https:\/\/tara-rafting.com\/en\/tara-wild-nature\/#primaryimage\"},\"thumbnailUrl\":\"http:\/\/tara-rafting.com\/wp-content\/uploads\/2014\/04\/TaraNature1.jpg\",\"datePublished\":\"2014-05-04T20:34:19+00:00\",\"breadcrumb\":{\"@id\":\"https:\/\/tara-rafting.com\/en\/tara-wild-nature\/#breadcrumb\"},\"inLanguage\":\"en-US\",\"potentialAction\":[{\"@type\":\"ReadAction\",\"target\":[\"https:\/\/tara-rafting.com\/en\/tara-wild-nature\/\"]}]},{\"@type\":\"ImageObject\",\"inLanguage\":\"en-US\",\"@id\":\"https:\/\/tara-rafting.com\/en\/tara-wild-nature\/#primaryimage\",\"url\":\"http:\/\/tara-rafting.com\/wp-content\/uploads\/2014\/04\/TaraNature1.jpg\",\"contentUrl\":\"http:\/\/tara-rafting.com\/wp-content\/uploads\/2014\/04\/TaraNature1.jpg\"},{\"@type\":\"BreadcrumbList\",\"@id\":\"https:\/\/tara-rafting.com\/en\/tara-wild-nature\/#breadcrumb\",\"itemListElement\":[{\"@type\":\"ListItem\",\"position\":1,\"name\":\"Home\",\"item\":\"https:\/\/tara-rafting.com\/en\/\"},{\"@type\":\"ListItem\",\"position\":2,\"name\":\"Tara \u2013 wild nature\"}]},{\"@type\":\"WebSite\",\"@id\":\"https:\/\/tara-rafting.com\/en\/#website\",\"url\":\"https:\/\/tara-rafting.com\/en\/\",\"name\":\"Tara Rafting, DMD kamp. Najbolji rafting Tarom i Drinom, teambuilding, hiking. Rafting sezona 2026, ponude i cene.\",\"description\":\"Tara Rafting\",\"publisher\":{\"@id\":\"https:\/\/tara-rafting.com\/en\/#organization\"},\"potentialAction\":[{\"@type\":\"SearchAction\",\"target\":{\"@type\":\"EntryPoint\",\"urlTemplate\":\"https:\/\/tara-rafting.com\/en\/?s={search_term_string}\"},\"query-input\":{\"@type\":\"PropertyValueSpecification\",\"valueRequired\":true,\"valueName\":\"search_term_string\"}}],\"inLanguage\":\"en-US\"},{\"@type\":\"Organization\",\"@id\":\"https:\/\/tara-rafting.com\/en\/#organization\",\"name\":\"Rafting kamp DMD\",\"url\":\"https:\/\/tara-rafting.com\/en\/\",\"logo\":{\"@type\":\"ImageObject\",\"inLanguage\":\"en-US\",\"@id\":\"https:\/\/tara-rafting.com\/en\/#\/schema\/logo\/image\/\",\"url\":\"https:\/\/tara-rafting.com\/wp-content\/uploads\/favicon144x144-apple.png\",\"contentUrl\":\"https:\/\/tara-rafting.com\/wp-content\/uploads\/favicon144x144-apple.png\",\"width\":144,\"height\":144,\"caption\":\"Rafting kamp DMD\"},\"image\":{\"@id\":\"https:\/\/tara-rafting.com\/en\/#\/schema\/logo\/image\/\"},\"sameAs\":[\"https:\/\/www.facebook.com\/tara.rafting.dmd\",\"https:\/\/x.com\/tararaftingdmd\"]}]}<\/script>\n<!-- \/ Yoast SEO plugin. -->","yoast_head_json":{"title":"Tara \u2013 wild nature | Tara Rafting, DMD kamp. Najbolji rafting Tarom i Drinom, teambuilding, hiking. Rafting sezona 2026, ponude i cene.","robots":{"index":"index","follow":"follow","max-snippet":"max-snippet:-1","max-image-preview":"max-image-preview:large","max-video-preview":"max-video-preview:-1"},"canonical":"https:\/\/tara-rafting.com\/en\/tara-wild-nature\/","og_locale":"en_US","og_type":"article","og_title":"Tara \u2013 wild nature | Tara Rafting, DMD kamp. Najbolji rafting Tarom i Drinom, teambuilding, hiking. Rafting sezona 2026, ponude i cene.","og_description":"River Tara \u2013 Tear of Europe Just as it enters Bosnia and Herzegovina, river Tara joins Piva and makes an extraordinary green river Drina. Not far from the birth of Drina, our DMD Camp is located in a picturesque valley. Do you know that Drina is one of the most pure watercourses in Europe? Situated [&hellip;]","og_url":"https:\/\/tara-rafting.com\/en\/tara-wild-nature\/","og_site_name":"Tara Rafting, DMD kamp. Najbolji rafting Tarom i Drinom, teambuilding, hiking. Rafting sezona 2026, ponude i cene.","article_publisher":"https:\/\/www.facebook.com\/tara.rafting.dmd","og_image":[{"url":"http:\/\/tara-rafting.com\/wp-content\/uploads\/2014\/04\/TaraNature1.jpg","type":"","width":"","height":""}],"twitter_card":"summary_large_image","twitter_site":"@tararaftingdmd","twitter_misc":{"Est. reading time":"2 minutes"},"schema":{"@context":"https:\/\/schema.org","@graph":[{"@type":"WebPage","@id":"https:\/\/tara-rafting.com\/en\/tara-wild-nature\/","url":"https:\/\/tara-rafting.com\/en\/tara-wild-nature\/","name":"Tara \u2013 wild nature | Tara Rafting, DMD kamp. Najbolji rafting Tarom i Drinom, teambuilding, hiking. Rafting sezona 2026, ponude i cene.","isPartOf":{"@id":"https:\/\/tara-rafting.com\/en\/#website"},"primaryImageOfPage":{"@id":"https:\/\/tara-rafting.com\/en\/tara-wild-nature\/#primaryimage"},"image":{"@id":"https:\/\/tara-rafting.com\/en\/tara-wild-nature\/#primaryimage"},"thumbnailUrl":"http:\/\/tara-rafting.com\/wp-content\/uploads\/2014\/04\/TaraNature1.jpg","datePublished":"2014-05-04T20:34:19+00:00","breadcrumb":{"@id":"https:\/\/tara-rafting.com\/en\/tara-wild-nature\/#breadcrumb"},"inLanguage":"en-US","potentialAction":[{"@type":"ReadAction","target":["https:\/\/tara-rafting.com\/en\/tara-wild-nature\/"]}]},{"@type":"ImageObject","inLanguage":"en-US","@id":"https:\/\/tara-rafting.com\/en\/tara-wild-nature\/#primaryimage","url":"http:\/\/tara-rafting.com\/wp-content\/uploads\/2014\/04\/TaraNature1.jpg","contentUrl":"http:\/\/tara-rafting.com\/wp-content\/uploads\/2014\/04\/TaraNature1.jpg"},{"@type":"BreadcrumbList","@id":"https:\/\/tara-rafting.com\/en\/tara-wild-nature\/#breadcrumb","itemListElement":[{"@type":"ListItem","position":1,"name":"Home","item":"https:\/\/tara-rafting.com\/en\/"},{"@type":"ListItem","position":2,"name":"Tara \u2013 wild nature"}]},{"@type":"WebSite","@id":"https:\/\/tara-rafting.com\/en\/#website","url":"https:\/\/tara-rafting.com\/en\/","name":"Tara Rafting, DMD kamp. Najbolji rafting Tarom i Drinom, teambuilding, hiking. Rafting sezona 2026, ponude i cene.","description":"Tara Rafting","publisher":{"@id":"https:\/\/tara-rafting.com\/en\/#organization"},"potentialAction":[{"@type":"SearchAction","target":{"@type":"EntryPoint","urlTemplate":"https:\/\/tara-rafting.com\/en\/?s={search_term_string}"},"query-input":{"@type":"PropertyValueSpecification","valueRequired":true,"valueName":"search_term_string"}}],"inLanguage":"en-US"},{"@type":"Organization","@id":"https:\/\/tara-rafting.com\/en\/#organization","name":"Rafting kamp DMD","url":"https:\/\/tara-rafting.com\/en\/","logo":{"@type":"ImageObject","inLanguage":"en-US","@id":"https:\/\/tara-rafting.com\/en\/#\/schema\/logo\/image\/","url":"https:\/\/tara-rafting.com\/wp-content\/uploads\/favicon144x144-apple.png","contentUrl":"https:\/\/tara-rafting.com\/wp-content\/uploads\/favicon144x144-apple.png","width":144,"height":144,"caption":"Rafting kamp DMD"},"image":{"@id":"https:\/\/tara-rafting.com\/en\/#\/schema\/logo\/image\/"},"sameAs":["https:\/\/www.facebook.com\/tara.rafting.dmd","https:\/\/x.com\/tararaftingdmd"]}]}},"_links":{"self":[{"href":"https:\/\/tara-rafting.com\/en\/wp-json\/wp\/v2\/pages\/4671","targetHints":{"allow":["GET"]}}],"collection":[{"href":"https:\/\/tara-rafting.com\/en\/wp-json\/wp\/v2\/pages"}],"about":[{"href":"https:\/\/tara-rafting.com\/en\/wp-json\/wp\/v2\/types\/page"}],"author":[{"embeddable":true,"href":"https:\/\/tara-rafting.com\/en\/wp-json\/wp\/v2\/users\/1"}],"replies":[{"embeddable":true,"href":"https:\/\/tara-rafting.com\/en\/wp-json\/wp\/v2\/comments?post=4671"}],"version-history":[{"count":0,"href":"https:\/\/tara-rafting.com\/en\/wp-json\/wp\/v2\/pages\/4671\/revisions"}],"wp:attachment":[{"href":"https:\/\/tara-rafting.com\/en\/wp-json\/wp\/v2\/media?parent=4671"}],"curies":[{"name":"wp","href":"https:\/\/api.w.org\/{rel}","templated":true}]}}